{"id":1003,"date":"2022-03-24T10:01:01","date_gmt":"2022-03-24T09:01:01","guid":{"rendered":"https:\/\/moremaritime.no\/?page_id=1003"},"modified":"2022-04-28T15:45:17","modified_gmt":"2022-04-28T13:45:17","slug":"prosessbat","status":"publish","type":"page","link":"https:\/\/moremaritime.no\/en\/prosessbat\/","title":{"rendered":"Process vessels"},"content":{"rendered":"<p>[et_pb_section fb_built=&raquo;1&#8243; fullwidth=&raquo;on&raquo; _builder_version=&raquo;4.16&#8243; width=&raquo;100%&raquo; max_width=&raquo;100%&raquo; locked=&raquo;off&raquo; global_colors_info=&raquo;{}&raquo;][et_pb_fullwidth_header title=&raquo;PROSESSB\u00c5TER&raquo; header_fullscreen=&raquo;on&raquo; background_overlay_color=&raquo;rgba(29,38,51,0.86)&raquo; content_max_width=&raquo;700px&raquo; admin_label=&raquo;Hero&raquo; _builder_version=&raquo;4.16.1&#8243; title_font=&raquo;Mulish|800||on|||||&raquo; title_font_size=&raquo;55px&raquo; title_line_height=&raquo;1.3em&raquo; content_font=&raquo;Mulish||||||||&raquo; content_font_size=&raquo;20px&raquo; content_line_height=&raquo;1.7em&raquo; background_color=&raquo;rgba(255, 255, 255, 0)&raquo; background_image=&raquo;https:\/\/moremaritime.no\/wp-content\/uploads\/2018\/06\/02-08.jpg&raquo; custom_button_one=&raquo;on&raquo; button_one_border_radius=&raquo;0px&raquo; button_one_letter_spacing=&raquo;4px&raquo; button_one_font=&raquo;Oswald|on||on|&raquo; button_one_icon=&raquo;&#x24;||divi||400&#8243; button_one_icon_color=&raquo;#ffffff&raquo; custom_padding=&raquo;||40px|||&raquo; animation_direction=&raquo;bottom&raquo; button_one_text_color_hover=&raquo;#ffffff&raquo; button_one_border_color_hover=&raquo;#ffffff&raquo; button_one_border_radius_hover=&raquo;0px&raquo; button_one_letter_spacing_hover=&raquo;4px&raquo; button_one_bg_color_hover=&raquo;rgba(0,0,0,0)&raquo; global_colors_info=&raquo;{}&raquo; button_one_text_size__hover_enabled=&raquo;off&raquo; button_two_text_size__hover_enabled=&raquo;off&raquo; button_one_text_color__hover_enabled=&raquo;on&raquo; button_one_text_color__hover=&raquo;#ffffff&raquo; button_two_text_color__hover_enabled=&raquo;off&raquo; button_one_border_width__hover_enabled=&raquo;off&raquo; button_two_border_width__hover_enabled=&raquo;off&raquo; button_one_border_color__hover_enabled=&raquo;on&raquo; button_one_border_color__hover=&raquo;#ffffff&raquo; button_two_border_color__hover_enabled=&raquo;off&raquo; button_one_border_radius__hover_enabled=&raquo;on&raquo; button_one_border_radius__hover=&raquo;0px&raquo; button_two_border_radius__hover_enabled=&raquo;off&raquo; button_one_letter_spacing__hover_enabled=&raquo;on&raquo; button_one_letter_spacing__hover=&raquo;4px&raquo; button_two_letter_spacing__hover_enabled=&raquo;off&raquo; button_one_bg_color__hover_enabled=&raquo;on&raquo; button_one_bg_color__hover=&raquo;rgba(0,0,0,0)&raquo; button_two_bg_color__hover_enabled=&raquo;off&raquo; background__hover_enabled=&raquo;on|desktop&raquo;]<\/p>\n<p>&nbsp;<\/p>\n<p>&nbsp;<\/p>\n<p>[\/et_pb_fullwidth_header][\/et_pb_section][et_pb_section fb_built=&raquo;1&#8243; _builder_version=&raquo;4.16&#8243; _module_preset=&raquo;default&raquo; background_color=&raquo;#DE6449&#8243; custom_padding=&raquo;||0px|||&raquo; locked=&raquo;off&raquo; global_colors_info=&raquo;{}&raquo;][et_pb_row column_structure=&raquo;1_3,1_3,1_3&#8243; _builder_version=&raquo;4.16&#8243; _module_preset=&raquo;default&raquo; locked=&raquo;off&raquo; global_colors_info=&raquo;{}&raquo;][et_pb_column type=&raquo;1_3&#8243; _builder_version=&raquo;4.16&#8243; _module_preset=&raquo;default&raquo; global_colors_info=&raquo;{}&raquo;][et_pb_icon font_icon=&raquo;&#xf21a;||fa||900&#8243; icon_color=&raquo;#F9F9F9&#8243; icon_width=&raquo;50px&raquo; _builder_version=&raquo;4.16&#8243; _module_preset=&raquo;default&raquo; animation_style=&raquo;zoom&raquo; animation_intensity_zoom=&raquo;10%&raquo; global_colors_info=&raquo;{}&raquo;][\/et_pb_icon][et_pb_text _builder_version=&raquo;4.16&#8243; _module_preset=&raquo;default&raquo; text_font=&raquo;Mulish||||||||&raquo; text_text_color=&raquo;#F9F9F9&#8243; animation_style=&raquo;slide&raquo; animation_direction=&raquo;bottom&raquo; animation_intensity_slide=&raquo;10%&raquo; locked=&raquo;off&raquo; global_colors_info=&raquo;{}&raquo;]<\/p>\n<p>The world's first stun and bleed vessel as a new-build is designed by M\u00f8re Maritime and is currently in operation for De Bruyn in Tasmania.<\/p>\n<p>After the successful design of the stun and bleed vessel Emmanuel, the Macho36 APV, we have worked on further development and refinement of the solutions. We can therefore now offer designs for a series of process vessels with length 19, 20, 24, 30, 36, 40 and 55 m.\u00a0<\/p>\n<p>[\/et_pb_text][\/et_pb_column][et_pb_column type=&raquo;1_3&#8243; _builder_version=&raquo;4.16&#8243; _module_preset=&raquo;default&raquo; global_colors_info=&raquo;{}&raquo;][et_pb_icon font_icon=&raquo;&#xf578;||fa||900&#8243; icon_color=&raquo;#F9F9F9&#8243; icon_width=&raquo;50px&raquo; _builder_version=&raquo;4.16&#8243; _module_preset=&raquo;default&raquo; animation_style=&raquo;zoom&raquo; animation_delay=&raquo;100ms&raquo; animation_intensity_zoom=&raquo;10%&raquo; global_colors_info=&raquo;{}&raquo;][\/et_pb_icon][et_pb_text _builder_version=&raquo;4.16&#8243; _module_preset=&raquo;default&raquo; text_font=&raquo;Mulish||||||||&raquo; text_text_color=&raquo;#F9F9F9&#8243; animation_style=&raquo;slide&raquo; animation_direction=&raquo;bottom&raquo; animation_delay=&raquo;100ms&raquo; animation_intensity_slide=&raquo;10%&raquo; locked=&raquo;off&raquo; global_colors_info=&raquo;{}&raquo;]<\/p>\n<p>Our designs focus on fish welfare and gentle handling of fish. Onboard there are automated lines for stunning and bleeding, before the fish is taken directly to pre-cooled RSW tanks.<\/p>\n<p>Our smaller process vessel designs can operate as standby vessels which can go in and carry out emergency stun and bleed in times of crisis, thereby reducing fish death.\u00a0<\/p>\n<p>&nbsp;<\/p>\n<p>[\/et_pb_text][\/et_pb_column][et_pb_column type=&raquo;1_3&#8243; _builder_version=&raquo;4.16&#8243; _module_preset=&raquo;default&raquo; global_colors_info=&raquo;{}&raquo;][et_pb_icon font_icon=&raquo;&#xf299;||fa||400&#8243; icon_color=&raquo;#F9F9F9&#8243; icon_width=&raquo;50px&raquo; _builder_version=&raquo;4.16&#8243; _module_preset=&raquo;default&raquo; animation_style=&raquo;zoom&raquo; animation_delay=&raquo;200ms&raquo; animation_intensity_zoom=&raquo;10%&raquo; global_colors_info=&raquo;{}&raquo;][\/et_pb_icon][et_pb_text _builder_version=&raquo;4.16&#8243; _module_preset=&raquo;default&raquo; text_font=&raquo;Mulish||||||||&raquo; text_text_color=&raquo;#F9F9F9&#8243; animation_style=&raquo;slide&raquo; animation_direction=&raquo;bottom&raquo; animation_delay=&raquo;200ms&raquo; animation_intensity_slide=&raquo;10%&raquo; locked=&raquo;off&raquo; global_colors_info=&raquo;{}&raquo;]<\/p>\n<p>Based on our well-refined and efficient hulls, the vessels will have a low fuel consumption. This, in combination with the collection of blood-contaminated water, results in a good environmental profile.<\/p>\n<p>A processing vessel helps in transporting the salmon from the fish farm to the market in a shorter time, and this reduces the number of trucks on the roads - that in itself is a victory for the environment.<\/p>\n<p>[\/et_pb_text][\/et_pb_column][\/et_pb_row][\/et_pb_section][et_pb_section fb_built=&raquo;1&#8243; _builder_version=&raquo;4.16&#8243; _module_preset=&raquo;default&raquo; background_color=&raquo;#F9F9F9&#8243; custom_padding=&raquo;100px|||||&raquo; locked=&raquo;off&raquo; global_colors_info=&raquo;{}&raquo;][et_pb_row column_structure=&raquo;1_2,1_2&#8243; _builder_version=&raquo;4.16&#8243; _module_preset=&raquo;default&raquo; global_colors_info=&raquo;{}&raquo;][et_pb_column type=&raquo;1_2&#8243; _builder_version=&raquo;4.16&#8243; _module_preset=&raquo;default&raquo; global_colors_info=&raquo;{}&raquo;][et_pb_text _builder_version=&raquo;4.16&#8243; _module_preset=&raquo;default&raquo; text_font=&raquo;Mulish|800|||||||&raquo; text_text_color=&raquo;#707070&#8243; text_font_size=&raquo;35px&raquo; animation_style=&raquo;zoom&raquo; animation_intensity_zoom=&raquo;10%&raquo; locked=&raquo;off&raquo; global_colors_info=&raquo;{}&raquo;]<\/p>\n<p style=\"text-align: center;\">Macho36 APV<\/p>\n<p>[\/et_pb_text][et_pb_image src=&raquo;https:\/\/moremaritime.no\/wp-content\/uploads\/2015\/06\/debruyns8.jpg&raquo; title_text=&raquo;debruyns8&#8243; _builder_version=&raquo;4.16.1&#8243; _module_preset=&raquo;default&raquo; custom_margin=&raquo;||45px|||&raquo; custom_padding=&raquo;45px|||||&raquo; animation_style=&raquo;zoom&raquo; animation_intensity_zoom=&raquo;10%&raquo; box_shadow_style=&raquo;preset1&#8243; global_colors_info=&raquo;{}&raquo;][\/et_pb_image][et_pb_text _builder_version=&raquo;4.16&#8243; _module_preset=&raquo;default&raquo; text_font=&raquo;Mulish||||||||&raquo; animation_style=&raquo;slide&raquo; animation_direction=&raquo;bottom&raquo; animation_intensity_slide=&raquo;10%&raquo; locked=&raquo;off&raquo; global_colors_info=&raquo;{}&raquo;]<\/p>\n<p style=\"text-align: left;\">The world's first stun and bleed vessel as a new-build had this design. The main dimensions are 36 x 12 m and the cargo capacity is 220 tons of fish.\u00a0<\/p>\n<p>[\/et_pb_text][et_pb_button button_url=&raquo;https:\/\/moremaritime.no\/macho36-apv\/&raquo; button_text=&raquo;Les mer&raquo; button_alignment=&raquo;center&raquo; _builder_version=&raquo;4.16.1&#8243; _module_preset=&raquo;default&raquo; custom_button=&raquo;on&raquo; button_text_size=&raquo;20px&raquo; button_text_color=&raquo;#F9F9F9&#8243; button_bg_color=&raquo;#DE6449&#8243; button_border_color=&raquo;#DE6449&#8243; button_border_radius=&raquo;32px&raquo; button_font=&raquo;Mulish|600|||||||&raquo; button_icon_color=&raquo;#F9F9F9&#8243; animation_style=&raquo;slide&raquo; animation_direction=&raquo;bottom&raquo; animation_intensity_slide=&raquo;10%&raquo; locked=&raquo;off&raquo; global_colors_info=&raquo;{}&raquo;][\/et_pb_button][et_pb_text _builder_version=&raquo;4.16.1&#8243; _module_preset=&raquo;default&raquo; text_font=&raquo;Mulish|800|||||||&raquo; text_text_color=&raquo;#707070&#8243; text_font_size=&raquo;35px&raquo; animation_style=&raquo;zoom&raquo; animation_intensity_zoom=&raquo;10%&raquo; locked=&raquo;off&raquo; global_colors_info=&raquo;{}&raquo;]<\/p>\n<p style=\"text-align: center;\">Macho19 APV<\/p>\n<p>[\/et_pb_text][et_pb_image src=&raquo;https:\/\/moremaritime.no\/wp-content\/uploads\/2022\/04\/SKM_C25822042112591-1-e1650887577628.png&raquo; title_text=&raquo;SKM_C25822042112591-1&#8243; _builder_version=&raquo;4.16.1&#8243; _module_preset=&raquo;default&raquo; animation_style=&raquo;zoom&raquo; animation_intensity_zoom=&raquo;10%&raquo; box_shadow_style=&raquo;preset1&#8243; locked=&raquo;off&raquo; global_colors_info=&raquo;{}&raquo;][\/et_pb_image][et_pb_text _builder_version=&raquo;4.16.1&#8243; _module_preset=&raquo;default&raquo; text_font=&raquo;Mulish||||||||&raquo; animation_style=&raquo;slide&raquo; animation_direction=&raquo;bottom&raquo; animation_intensity_slide=&raquo;10%&raquo; locked=&raquo;off&raquo; global_colors_info=&raquo;{}&raquo;]<\/p>\n<p>Combination vessel with length 19 m. This process vessel can carry out emergency stun and bleed as well as operate as a service vessel when needed.<\/p>\n<p>[\/et_pb_text][et_pb_button button_url=&raquo;https:\/\/moremaritime.no\/macho19-apv\/&raquo; button_text=&raquo;Les mer&raquo; button_alignment=&raquo;center&raquo; _builder_version=&raquo;4.16.1&#8243; _module_preset=&raquo;default&raquo; custom_button=&raquo;on&raquo; button_text_size=&raquo;20px&raquo; button_text_color=&raquo;#F9F9F9&#8243; button_bg_color=&raquo;#DE6449&#8243; button_border_color=&raquo;#DE6449&#8243; button_border_radius=&raquo;32px&raquo; button_font=&raquo;Mulish|600|||||||&raquo; button_icon_color=&raquo;#F9F9F9&#8243; animation_style=&raquo;slide&raquo; animation_direction=&raquo;bottom&raquo; animation_intensity_slide=&raquo;10%&raquo; locked=&raquo;off&raquo; global_colors_info=&raquo;{}&raquo;][\/et_pb_button][\/et_pb_column][et_pb_column type=&raquo;1_2&#8243; _builder_version=&raquo;4.16&#8243; _module_preset=&raquo;default&raquo; global_colors_info=&raquo;{}&raquo;][et_pb_text _builder_version=&raquo;4.16.1&#8243; _module_preset=&raquo;default&raquo; text_font=&raquo;Mulish|800|||||||&raquo; text_text_color=&raquo;#707070&#8243; text_font_size=&raquo;35px&raquo; animation_style=&raquo;zoom&raquo; animation_intensity_zoom=&raquo;10%&raquo; locked=&raquo;off&raquo; global_colors_info=&raquo;{}&raquo;]<\/p>\n<p style=\"text-align: center;\">Macho55 APV<\/p>\n<p>[\/et_pb_text][et_pb_image src=&raquo;https:\/\/moremaritime.no\/wp-content\/uploads\/2022\/04\/241045425_4245301542190637_1434877731935605317_n-1024&#215;954-1.jpg&raquo; title_text=&raquo;241045425_4245301542190637_1434877731935605317_n-1024&#215;954&#8243; _builder_version=&raquo;4.16.1&#8243; _module_preset=&raquo;default&raquo; animation_style=&raquo;zoom&raquo; animation_intensity_zoom=&raquo;10%&raquo; box_shadow_style=&raquo;preset1&#8243; locked=&raquo;off&raquo; global_colors_info=&raquo;{}&raquo;][\/et_pb_image][et_pb_text _builder_version=&raquo;4.16.1&#8243; _module_preset=&raquo;default&raquo; text_font=&raquo;Mulish||||||||&raquo; animation_style=&raquo;slide&raquo; animation_direction=&raquo;bottom&raquo; animation_intensity_slide=&raquo;10%&raquo; locked=&raquo;off&raquo; global_colors_info=&raquo;{}&raquo;]<\/p>\n<p>A green concept for gentle stun &amp; bleed and transport of fish from the fish farms. Capacity 100 tons\/hour.<\/p>\n<p>[\/et_pb_text][et_pb_button button_url=&raquo;https:\/\/moremaritime.no\/macho55-apv\/&raquo; button_text=&raquo;Les mer&raquo; button_alignment=&raquo;center&raquo; _builder_version=&raquo;4.16.1&#8243; _module_preset=&raquo;default&raquo; custom_button=&raquo;on&raquo; button_text_size=&raquo;20px&raquo; button_text_color=&raquo;#F9F9F9&#8243; button_bg_color=&raquo;#DE6449&#8243; button_border_color=&raquo;#DE6449&#8243; button_border_radius=&raquo;32px&raquo; button_font=&raquo;Mulish|600|||||||&raquo; button_icon_color=&raquo;#F9F9F9&#8243; animation_style=&raquo;slide&raquo; animation_direction=&raquo;bottom&raquo; animation_intensity_slide=&raquo;10%&raquo; locked=&raquo;off&raquo; global_colors_info=&raquo;{}&raquo;][\/et_pb_button][et_pb_text _builder_version=&raquo;4.16.1&#8243; _module_preset=&raquo;default&raquo; text_font=&raquo;Mulish|800|||||||&raquo; text_text_color=&raquo;#707070&#8243; text_font_size=&raquo;35px&raquo; animation_style=&raquo;zoom&raquo; animation_intensity_zoom=&raquo;10%&raquo; locked=&raquo;off&raquo; global_colors_info=&raquo;{}&raquo;]<\/p>\n<p style=\"text-align: center;\">Macho25 APV<\/p>\n<p>[\/et_pb_text][et_pb_image src=&raquo;https:\/\/moremaritime.no\/wp-content\/uploads\/2022\/04\/untitled.290.jpg&raquo; title_text=&raquo;untitled.290&#8243; _builder_version=&raquo;4.17.3&#8243; _module_preset=&raquo;default&raquo; animation_style=&raquo;zoom&raquo; animation_intensity_zoom=&raquo;10%&raquo; hover_enabled=&raquo;0&#8243; box_shadow_style=&raquo;preset1&#8243; locked=&raquo;off&raquo; global_colors_info=&raquo;{}&raquo; alt=&raquo;Macho20 Cermaq&raquo; sticky_enabled=&raquo;0&#8243;][\/et_pb_image][et_pb_text _builder_version=&raquo;4.16.1&#8243; _module_preset=&raquo;default&raquo; text_font=&raquo;Mulish||||||||&raquo; animation_style=&raquo;slide&raquo; animation_direction=&raquo;bottom&raquo; animation_intensity_slide=&raquo;10%&raquo; locked=&raquo;off&raquo; global_colors_info=&raquo;{}&raquo;]<\/p>\n<p style=\"text-align: left;\">Combination vessel with length 25 m. It can be outfitted with deck equipment and operate as a service vessel.<\/p>\n<p>[\/et_pb_text][et_pb_button button_url=&raquo;https:\/\/moremaritime.no\/macho25-apv\/&raquo; button_text=&raquo;Les mer&raquo; button_alignment=&raquo;center&raquo; _builder_version=&raquo;4.16.1&#8243; _module_preset=&raquo;default&raquo; custom_button=&raquo;on&raquo; button_text_size=&raquo;20px&raquo; button_text_color=&raquo;#F9F9F9&#8243; button_bg_color=&raquo;#DE6449&#8243; button_border_color=&raquo;#DE6449&#8243; button_border_radius=&raquo;32px&raquo; button_font=&raquo;Mulish|600|||||||&raquo; button_icon_color=&raquo;#F9F9F9&#8243; animation_style=&raquo;slide&raquo; animation_direction=&raquo;bottom&raquo; animation_intensity_slide=&raquo;10%&raquo; locked=&raquo;off&raquo; global_colors_info=&raquo;{}&raquo;][\/et_pb_button][\/et_pb_column][\/et_pb_row][\/et_pb_section][et_pb_section fb_built=&raquo;1&#8243; _builder_version=&raquo;4.16&#8243; _module_preset=&raquo;default&raquo; background_color=&raquo;#DE6449&#8243; locked=&raquo;off&raquo; global_colors_info=&raquo;{}&raquo;][et_pb_row _builder_version=&raquo;4.16&#8243; _module_preset=&raquo;default&raquo; global_colors_info=&raquo;{}&raquo;][et_pb_column type=&raquo;4_4&#8243; _builder_version=&raquo;4.16&#8243; _module_preset=&raquo;default&raquo; global_colors_info=&raquo;{}&raquo;][\/et_pb_column][\/et_pb_row][\/et_pb_section]<\/p>","protected":false},"excerpt":{"rendered":"<p>&nbsp; &nbsp;Verdens f\u00f8rste slakteb\u00e5t som nybygg har M\u00f8re Maritime-design og er i dag i drift for De Bruyn i Tasmania. Etter suksessen bak designet av slaktefart\u00f8yet Emmanuel, Macho36 APV, har vi jobbet for \u00e5 videreutvikle nettopp denne l\u00f8sningen. Vi kan derfor n\u00e5 tilby design til en serie av prosessb\u00e5ter p\u00e5 19, 20, 24, 30, 36, [&hellip;]<\/p>","protected":false},"author":5,"featured_media":0,"parent":0,"menu_order":0,"comment_status":"closed","ping_status":"closed","template":"","meta":{"_et_pb_use_builder":"on","_et_pb_old_content":"<!-- wp:divi\/placeholder \/-->","_et_gb_content_width":"","footnotes":""},"class_list":["post-1003","page","type-page","status-publish","hentry"],"yoast_head":"<!-- This site is optimized with the Yoast SEO plugin v27.3 - https:\/\/yoast.com\/product\/yoast-seo-wordpress\/ -->\n<title>Prosessb\u00e5t - M\u00f8re Maritime<\/title>\n<meta name=\"robots\" content=\"index, follow, max-snippet:-1, max-image-preview:large, max-video-preview:-1\" \/>\n<link rel=\"canonical\" href=\"https:\/\/moremaritime.no\/en\/prosessbat\/\" \/>\n<meta property=\"og:locale\" content=\"en_US\" \/>\n<meta property=\"og:type\" content=\"article\" \/>\n<meta property=\"og:title\" content=\"Prosessb\u00e5t - M\u00f8re Maritime\" \/>\n<meta property=\"og:description\" content=\"&nbsp; &nbsp;Verdens f\u00f8rste slakteb\u00e5t som nybygg har M\u00f8re Maritime-design og er i dag i drift for De Bruyn i Tasmania. Etter suksessen bak designet av slaktefart\u00f8yet Emmanuel, Macho36 APV, har vi jobbet for \u00e5 videreutvikle nettopp denne l\u00f8sningen. Vi kan derfor n\u00e5 tilby design til en serie av prosessb\u00e5ter p\u00e5 19, 20, 24, 30, 36, [&hellip;]\" \/>\n<meta property=\"og:url\" content=\"https:\/\/moremaritime.no\/en\/prosessbat\/\" \/>\n<meta property=\"og:site_name\" content=\"M\u00f8re Maritime\" \/>\n<meta property=\"article:publisher\" content=\"https:\/\/www.facebook.com\/moremaritime\/\" \/>\n<meta property=\"article:modified_time\" content=\"2022-04-28T13:45:17+00:00\" \/>\n<meta name=\"twitter:card\" content=\"summary_large_image\" \/>\n<meta name=\"twitter:label1\" content=\"Est. reading time\" \/>\n\t<meta name=\"twitter:data1\" content=\"2 minutes\" \/>\n<script type=\"application\/ld+json\" class=\"yoast-schema-graph\">{\"@context\":\"https:\\\/\\\/schema.org\",\"@graph\":[{\"@type\":\"WebPage\",\"@id\":\"https:\\\/\\\/moremaritime.no\\\/prosessbat\\\/\",\"url\":\"https:\\\/\\\/moremaritime.no\\\/prosessbat\\\/\",\"name\":\"Prosessb\u00e5t - M\u00f8re Maritime\",\"isPartOf\":{\"@id\":\"https:\\\/\\\/moremaritime.no\\\/#website\"},\"datePublished\":\"2022-03-24T09:01:01+00:00\",\"dateModified\":\"2022-04-28T13:45:17+00:00\",\"breadcrumb\":{\"@id\":\"https:\\\/\\\/moremaritime.no\\\/prosessbat\\\/#breadcrumb\"},\"inLanguage\":\"en-US\",\"potentialAction\":[{\"@type\":\"ReadAction\",\"target\":[\"https:\\\/\\\/moremaritime.no\\\/prosessbat\\\/\"]}]},{\"@type\":\"BreadcrumbList\",\"@id\":\"https:\\\/\\\/moremaritime.no\\\/prosessbat\\\/#breadcrumb\",\"itemListElement\":[{\"@type\":\"ListItem\",\"position\":1,\"name\":\"Hjem\",\"item\":\"https:\\\/\\\/moremaritime.no\\\/\"},{\"@type\":\"ListItem\",\"position\":2,\"name\":\"Prosessb\u00e5t\"}]},{\"@type\":\"WebSite\",\"@id\":\"https:\\\/\\\/moremaritime.no\\\/#website\",\"url\":\"https:\\\/\\\/moremaritime.no\\\/\",\"name\":\"M\u00f8re Maritime\",\"description\":\"Den nye generasjonen havbruksfart\u00f8y\",\"publisher\":{\"@id\":\"https:\\\/\\\/moremaritime.no\\\/#organization\"},\"potentialAction\":[{\"@type\":\"SearchAction\",\"target\":{\"@type\":\"EntryPoint\",\"urlTemplate\":\"https:\\\/\\\/moremaritime.no\\\/?s={search_term_string}\"},\"query-input\":{\"@type\":\"PropertyValueSpecification\",\"valueRequired\":true,\"valueName\":\"search_term_string\"}}],\"inLanguage\":\"en-US\"},{\"@type\":\"Organization\",\"@id\":\"https:\\\/\\\/moremaritime.no\\\/#organization\",\"name\":\"M\u00f8re Maritime\",\"url\":\"https:\\\/\\\/moremaritime.no\\\/\",\"logo\":{\"@type\":\"ImageObject\",\"inLanguage\":\"en-US\",\"@id\":\"https:\\\/\\\/moremaritime.no\\\/#\\\/schema\\\/logo\\\/image\\\/\",\"url\":\"https:\\\/\\\/moremaritime.no\\\/wp-content\\\/uploads\\\/2022\\\/03\\\/MM_logo_-03.png\",\"contentUrl\":\"https:\\\/\\\/moremaritime.no\\\/wp-content\\\/uploads\\\/2022\\\/03\\\/MM_logo_-03.png\",\"width\":3519,\"height\":683,\"caption\":\"M\u00f8re Maritime\"},\"image\":{\"@id\":\"https:\\\/\\\/moremaritime.no\\\/#\\\/schema\\\/logo\\\/image\\\/\"},\"sameAs\":[\"https:\\\/\\\/www.facebook.com\\\/moremaritime\\\/\"]}]}<\/script>\n<!-- \/ Yoast SEO plugin. -->","yoast_head_json":{"title":"Prosessb\u00e5t - M\u00f8re Maritime","robots":{"index":"index","follow":"follow","max-snippet":"max-snippet:-1","max-image-preview":"max-image-preview:large","max-video-preview":"max-video-preview:-1"},"canonical":"https:\/\/moremaritime.no\/en\/prosessbat\/","og_locale":"en_US","og_type":"article","og_title":"Prosessb\u00e5t - M\u00f8re Maritime","og_description":"&nbsp; &nbsp;Verdens f\u00f8rste slakteb\u00e5t som nybygg har M\u00f8re Maritime-design og er i dag i drift for De Bruyn i Tasmania. Etter suksessen bak designet av slaktefart\u00f8yet Emmanuel, Macho36 APV, har vi jobbet for \u00e5 videreutvikle nettopp denne l\u00f8sningen. Vi kan derfor n\u00e5 tilby design til en serie av prosessb\u00e5ter p\u00e5 19, 20, 24, 30, 36, [&hellip;]","og_url":"https:\/\/moremaritime.no\/en\/prosessbat\/","og_site_name":"M\u00f8re Maritime","article_publisher":"https:\/\/www.facebook.com\/moremaritime\/","article_modified_time":"2022-04-28T13:45:17+00:00","twitter_card":"summary_large_image","twitter_misc":{"Est. reading time":"2 minutes"},"schema":{"@context":"https:\/\/schema.org","@graph":[{"@type":"WebPage","@id":"https:\/\/moremaritime.no\/prosessbat\/","url":"https:\/\/moremaritime.no\/prosessbat\/","name":"Prosessb\u00e5t - M\u00f8re Maritime","isPartOf":{"@id":"https:\/\/moremaritime.no\/#website"},"datePublished":"2022-03-24T09:01:01+00:00","dateModified":"2022-04-28T13:45:17+00:00","breadcrumb":{"@id":"https:\/\/moremaritime.no\/prosessbat\/#breadcrumb"},"inLanguage":"en-US","potentialAction":[{"@type":"ReadAction","target":["https:\/\/moremaritime.no\/prosessbat\/"]}]},{"@type":"BreadcrumbList","@id":"https:\/\/moremaritime.no\/prosessbat\/#breadcrumb","itemListElement":[{"@type":"ListItem","position":1,"name":"Hjem","item":"https:\/\/moremaritime.no\/"},{"@type":"ListItem","position":2,"name":"Prosessb\u00e5t"}]},{"@type":"WebSite","@id":"https:\/\/moremaritime.no\/#website","url":"https:\/\/moremaritime.no\/","name":"M\u00f8re Maritime","description":"Den nye generasjonen havbruksfart\u00f8y","publisher":{"@id":"https:\/\/moremaritime.no\/#organization"},"potentialAction":[{"@type":"SearchAction","target":{"@type":"EntryPoint","urlTemplate":"https:\/\/moremaritime.no\/?s={search_term_string}"},"query-input":{"@type":"PropertyValueSpecification","valueRequired":true,"valueName":"search_term_string"}}],"inLanguage":"en-US"},{"@type":"Organization","@id":"https:\/\/moremaritime.no\/#organization","name":"M\u00f8re Maritime","url":"https:\/\/moremaritime.no\/","logo":{"@type":"ImageObject","inLanguage":"en-US","@id":"https:\/\/moremaritime.no\/#\/schema\/logo\/image\/","url":"https:\/\/moremaritime.no\/wp-content\/uploads\/2022\/03\/MM_logo_-03.png","contentUrl":"https:\/\/moremaritime.no\/wp-content\/uploads\/2022\/03\/MM_logo_-03.png","width":3519,"height":683,"caption":"M\u00f8re Maritime"},"image":{"@id":"https:\/\/moremaritime.no\/#\/schema\/logo\/image\/"},"sameAs":["https:\/\/www.facebook.com\/moremaritime\/"]}]}},"_links":{"self":[{"href":"https:\/\/moremaritime.no\/en\/wp-json\/wp\/v2\/pages\/1003","targetHints":{"allow":["GET"]}}],"collection":[{"href":"https:\/\/moremaritime.no\/en\/wp-json\/wp\/v2\/pages"}],"about":[{"href":"https:\/\/moremaritime.no\/en\/wp-json\/wp\/v2\/types\/page"}],"author":[{"embeddable":true,"href":"https:\/\/moremaritime.no\/en\/wp-json\/wp\/v2\/users\/5"}],"replies":[{"embeddable":true,"href":"https:\/\/moremaritime.no\/en\/wp-json\/wp\/v2\/comments?post=1003"}],"version-history":[{"count":22,"href":"https:\/\/moremaritime.no\/en\/wp-json\/wp\/v2\/pages\/1003\/revisions"}],"predecessor-version":[{"id":2540,"href":"https:\/\/moremaritime.no\/en\/wp-json\/wp\/v2\/pages\/1003\/revisions\/2540"}],"wp:attachment":[{"href":"https:\/\/moremaritime.no\/en\/wp-json\/wp\/v2\/media?parent=1003"}],"curies":[{"name":"wp","href":"https:\/\/api.w.org\/{rel}","templated":true}]}}