{"id":105,"date":"2015-07-09T14:31:06","date_gmt":"2015-07-09T12:31:06","guid":{"rendered":"http:\/\/www.aship.no\/?page_id=105"},"modified":"2022-05-02T08:31:42","modified_gmt":"2022-05-02T06:31:42","slug":"design","status":"publish","type":"page","link":"https:\/\/moremaritime.no\/en\/design\/","title":{"rendered":"Design"},"content":{"rendered":"<p>[et_pb_section fb_built=&raquo;1&#8243; fullwidth=&raquo;on&raquo; _builder_version=&raquo;4.16&#8243; width=&raquo;100%&raquo; max_width=&raquo;100%&raquo; locked=&raquo;off&raquo; global_colors_info=&raquo;{}&raquo;][et_pb_fullwidth_header title=&raquo;V\u00e5re Design&raquo; header_fullscreen=&raquo;on&raquo; background_overlay_color=&raquo;rgba(29,38,51,0.86)&raquo; content_max_width=&raquo;700px&raquo; admin_label=&raquo;Hero&raquo; _builder_version=&raquo;4.16&#8243; title_font=&raquo;Mulish|800||on|||||&raquo; title_font_size=&raquo;50px&raquo; title_line_height=&raquo;1.3em&raquo; content_font=&raquo;Mulish||||||||&raquo; content_font_size=&raquo;20px&raquo; content_line_height=&raquo;1.7em&raquo; background_color=&raquo;rgba(255, 255, 255, 0)&raquo; background_image=&raquo;https:\/\/moremaritime.no\/wp-content\/uploads\/2022\/03\/IMG_9406-EOS-R5-scaled.jpg&raquo; custom_button_one=&raquo;on&raquo; button_one_border_radius=&raquo;0px&raquo; button_one_letter_spacing=&raquo;4px&raquo; button_one_font=&raquo;Oswald|on||on|&raquo; button_one_icon=&raquo;&#x24;||divi||400&#8243; button_one_icon_color=&raquo;#ffffff&raquo; custom_padding=&raquo;||40px|||&raquo; animation_direction=&raquo;bottom&raquo; button_one_text_color_hover=&raquo;#ffffff&raquo; button_one_border_color_hover=&raquo;#ffffff&raquo; button_one_border_radius_hover=&raquo;0px&raquo; button_one_letter_spacing_hover=&raquo;4px&raquo; button_one_bg_color_hover=&raquo;rgba(0,0,0,0)&raquo; global_colors_info=&raquo;{}&raquo; button_one_text_size__hover_enabled=&raquo;off&raquo; button_two_text_size__hover_enabled=&raquo;off&raquo; button_one_text_color__hover_enabled=&raquo;on&raquo; button_one_text_color__hover=&raquo;#ffffff&raquo; button_two_text_color__hover_enabled=&raquo;off&raquo; button_one_border_width__hover_enabled=&raquo;off&raquo; button_two_border_width__hover_enabled=&raquo;off&raquo; button_one_border_color__hover_enabled=&raquo;on&raquo; button_one_border_color__hover=&raquo;#ffffff&raquo; button_two_border_color__hover_enabled=&raquo;off&raquo; button_one_border_radius__hover_enabled=&raquo;on&raquo; button_one_border_radius__hover=&raquo;0px&raquo; button_two_border_radius__hover_enabled=&raquo;off&raquo; button_one_letter_spacing__hover_enabled=&raquo;on&raquo; button_one_letter_spacing__hover=&raquo;4px&raquo; button_two_letter_spacing__hover_enabled=&raquo;off&raquo; button_one_bg_color__hover_enabled=&raquo;on&raquo; button_one_bg_color__hover=&raquo;rgba(0,0,0,0)&raquo; button_two_bg_color__hover_enabled=&raquo;off&raquo; background__hover_enabled=&raquo;on|desktop&raquo;]<\/p>\n<p>Since the start-up in 2003, M\u00f8re Maritime has developed innovative vessels for all purposes - especially for the aquaculture industry. We develop and design optimized vessels with emphasis on the user experience and efficient hulls with a green environmental profile.<\/p>\n<p>&nbsp;<\/p>\n<p>[\/et_pb_fullwidth_header][\/et_pb_section][et_pb_section fb_built=&raquo;1&#8243; _builder_version=&raquo;4.16&#8243; _module_preset=&raquo;default&raquo; background_color=&raquo;#F9F9F9&#8243; global_colors_info=&raquo;{}&raquo;][et_pb_row column_structure=&raquo;1_2,1_2&#8243; _builder_version=&raquo;4.16&#8243; _module_preset=&raquo;default&raquo; max_width=&raquo;1260px&raquo; global_colors_info=&raquo;{}&raquo;][et_pb_column type=&raquo;1_2&#8243; _builder_version=&raquo;4.16&#8243; _module_preset=&raquo;default&raquo; global_colors_info=&raquo;{}&raquo;][et_pb_image src=&raquo;https:\/\/moremaritime.no\/wp-content\/uploads\/2022\/03\/foto_per_kvalvik_Ramvik_20220125102255_.jpg&raquo; alt=&raquo;H\u00f8vding&raquo; title_text=&raquo;_foto_per_kvalvik_(Ramvik)_20220125102255_&raquo; _builder_version=&raquo;4.16.1&#8243; _module_preset=&raquo;default&raquo; animation_style=&raquo;zoom&raquo; animation_delay=&raquo;50ms&raquo; animation_intensity_zoom=&raquo;10%&raquo; box_shadow_style=&raquo;preset1&#8243; box_shadow_blur=&raquo;5px&raquo; global_colors_info=&raquo;{}&raquo;][\/et_pb_image][et_pb_button button_url=&raquo;https:\/\/moremaritime.no\/bronnbater\/&raquo; button_text=&raquo;Br\u00f8nnb\u00e5t&raquo; button_alignment=&raquo;center&raquo; _builder_version=&raquo;4.16.1&#8243; _module_preset=&raquo;default&raquo; custom_button=&raquo;on&raquo; button_text_size=&raquo;20px&raquo; button_text_color=&raquo;#F9F9F9&#8243; button_bg_color=&raquo;#DE6449&#8243; button_border_color=&raquo;#DE6449&#8243; button_border_radius=&raquo;32px&raquo; button_font=&raquo;Mulish||||||||&raquo; animation_style=&raquo;zoom&raquo; animation_delay=&raquo;150ms&raquo; animation_intensity_zoom=&raquo;10%&raquo; locked=&raquo;off&raquo; global_colors_info=&raquo;{}&raquo;][\/et_pb_button][et_pb_image src=&raquo;https:\/\/moremaritime.no\/wp-content\/uploads\/2022\/03\/02-08-scaled.jpg&raquo; alt=&raquo;Emmanuiel&raquo; title_text=&raquo;02-08&#8243; _builder_version=&raquo;4.16.1&#8243; _module_preset=&raquo;default&raquo; animation_style=&raquo;zoom&raquo; animation_delay=&raquo;200ms&raquo; animation_intensity_zoom=&raquo;10%&raquo; box_shadow_style=&raquo;preset1&#8243; box_shadow_blur=&raquo;5px&raquo; locked=&raquo;off&raquo; global_colors_info=&raquo;{}&raquo;][\/et_pb_image][et_pb_button button_url=&raquo;https:\/\/moremaritime.no\/prosessbat\/&raquo; button_text=&raquo;Prosessb\u00e5t&raquo; button_alignment=&raquo;center&raquo; _builder_version=&raquo;4.16.1&#8243; _module_preset=&raquo;default&raquo; custom_button=&raquo;on&raquo; button_text_size=&raquo;20px&raquo; button_text_color=&raquo;#F9F9F9&#8243; button_bg_color=&raquo;#DE6449&#8243; button_border_color=&raquo;#DE6449&#8243; button_border_radius=&raquo;32px&raquo; button_font=&raquo;Mulish||||||||&raquo; animation_style=&raquo;zoom&raquo; animation_delay=&raquo;200ms&raquo; animation_intensity_zoom=&raquo;10%&raquo; locked=&raquo;off&raquo; global_colors_info=&raquo;{}&raquo;][\/et_pb_button][\/et_pb_column][et_pb_column type=&raquo;1_2&#8243; _builder_version=&raquo;4.16&#8243; _module_preset=&raquo;default&raquo; global_colors_info=&raquo;{}&raquo;][et_pb_image src=&raquo;https:\/\/moremaritime.no\/wp-content\/uploads\/2022\/04\/untitled.289.jpg&raquo; alt=&raquo;Macho20 Cermaq&raquo; title_text=&raquo;untitled.289&#8243; _builder_version=&raquo;4.16.1&#8243; _module_preset=&raquo;default&raquo; animation_style=&raquo;zoom&raquo; animation_intensity_zoom=&raquo;10%&raquo; box_shadow_style=&raquo;preset1&#8243; box_shadow_blur=&raquo;5px&raquo; global_colors_info=&raquo;{}&raquo;][\/et_pb_image][et_pb_button button_url=&raquo;https:\/\/moremaritime.no\/servicefartoy\/&raquo; button_text=&raquo;Servicefart\u00f8y&raquo; button_alignment=&raquo;center&raquo; _builder_version=&raquo;4.16.1&#8243; _module_preset=&raquo;default&raquo; custom_button=&raquo;on&raquo; button_text_size=&raquo;20px&raquo; button_text_color=&raquo;#F9F9F9&#8243; button_bg_color=&raquo;#DE6449&#8243; button_border_color=&raquo;#DE6449&#8243; button_border_radius=&raquo;32px&raquo; button_font=&raquo;Mulish||||||||&raquo; animation_style=&raquo;zoom&raquo; animation_delay=&raquo;100ms&raquo; animation_intensity_zoom=&raquo;10%&raquo; global_colors_info=&raquo;{}&raquo;][\/et_pb_button][et_pb_image src=&raquo;https:\/\/moremaritime.no\/wp-content\/uploads\/2022\/03\/MMSB_eksterior3-scaled.jpg&raquo; title_text=&raquo;MMSB_eksterior3&#8243; _builder_version=&raquo;4.16.1&#8243; _module_preset=&raquo;default&raquo; animation_style=&raquo;zoom&raquo; animation_delay=&raquo;250ms&raquo; animation_intensity_zoom=&raquo;10%&raquo; box_shadow_style=&raquo;preset1&#8243; box_shadow_blur=&raquo;5px&raquo; locked=&raquo;off&raquo; global_colors_info=&raquo;{}&raquo;][\/et_pb_image][et_pb_button button_url=&raquo;https:\/\/moremaritime.no\/andre-konsepter\/&raquo; button_text=&raquo;Andre konsepter&raquo; button_alignment=&raquo;center&raquo; _builder_version=&raquo;4.16.1&#8243; _module_preset=&raquo;default&raquo; custom_button=&raquo;on&raquo; button_text_size=&raquo;20px&raquo; button_text_color=&raquo;#F9F9F9&#8243; button_bg_color=&raquo;#DE6449&#8243; button_border_color=&raquo;#DE6449&#8243; button_border_radius=&raquo;32px&raquo; button_font=&raquo;Mulish||||||||&raquo; animation_style=&raquo;zoom&raquo; animation_delay=&raquo;200ms&raquo; animation_intensity_zoom=&raquo;10%&raquo; locked=&raquo;off&raquo; global_colors_info=&raquo;{}&raquo;][\/et_pb_button][\/et_pb_column][\/et_pb_row][\/et_pb_section][et_pb_section fb_built=&raquo;1&#8243; _builder_version=&raquo;4.16&#8243; _module_preset=&raquo;default&raquo; background_color=&raquo;#DE6449&#8243; global_colors_info=&raquo;{}&raquo;][et_pb_row _builder_version=&raquo;4.16&#8243; _module_preset=&raquo;default&raquo; global_colors_info=&raquo;{}&raquo;][et_pb_column type=&raquo;4_4&#8243; _builder_version=&raquo;4.16&#8243; _module_preset=&raquo;default&raquo; global_colors_info=&raquo;{}&raquo;][\/et_pb_column][\/et_pb_row][\/et_pb_section]<\/p>","protected":false},"excerpt":{"rendered":"<p>Since the start-up in 2003, M\u00f8re Maritime has developed innovative vessels for all purposes - especially for the aquaculture industry. We develop and design optimized vessels with emphasis on the user experience and efficient hulls with a green environmental profile. &nbsp;<\/p>","protected":false},"author":1,"featured_media":0,"parent":0,"menu_order":0,"comment_status":"closed","ping_status":"closed","template":"","meta":{"_et_pb_use_builder":"on","_et_pb_old_content":"","_et_gb_content_width":"","footnotes":""},"class_list":["post-105","page","type-page","status-publish","hentry"],"yoast_head":"<!-- This site is optimized with the Yoast SEO plugin v27.4 - https:\/\/yoast.com\/product\/yoast-seo-wordpress\/ -->\n<title>Design - M\u00f8re Maritime<\/title>\n<meta name=\"robots\" content=\"index, follow, max-snippet:-1, max-image-preview:large, max-video-preview:-1\" \/>\n<link rel=\"canonical\" href=\"https:\/\/moremaritime.no\/en\/design\/\" \/>\n<meta property=\"og:locale\" content=\"en_US\" \/>\n<meta property=\"og:type\" content=\"article\" \/>\n<meta property=\"og:title\" content=\"Design - M\u00f8re Maritime\" \/>\n<meta property=\"og:description\" content=\"Siden oppstarten i 2003 har vi i M\u00f8re Maritime utviklet innovative fart\u00f8y for alle form\u00e5l - spesielt til oppdrettsn\u00e6ringen. Vi utvikler og designer optimaliserte fart\u00f8y med sterkt brukerfokus og lettdrevne skrog med gr\u00f8nn milj\u00f8profil. &nbsp;\" \/>\n<meta property=\"og:url\" content=\"https:\/\/moremaritime.no\/en\/design\/\" \/>\n<meta property=\"og:site_name\" content=\"M\u00f8re Maritime\" \/>\n<meta property=\"article:publisher\" content=\"https:\/\/www.facebook.com\/moremaritime\/\" \/>\n<meta property=\"article:modified_time\" content=\"2022-05-02T06:31:42+00:00\" \/>\n<meta name=\"twitter:card\" content=\"summary_large_image\" \/>\n<meta name=\"twitter:label1\" content=\"Est. reading time\" \/>\n\t<meta name=\"twitter:data1\" content=\"6 minutes\" \/>\n<script type=\"application\/ld+json\" class=\"yoast-schema-graph\">{\"@context\":\"https:\\\/\\\/schema.org\",\"@graph\":[{\"@type\":\"WebPage\",\"@id\":\"https:\\\/\\\/moremaritime.no\\\/design\\\/\",\"url\":\"https:\\\/\\\/moremaritime.no\\\/design\\\/\",\"name\":\"Design - M\u00f8re Maritime\",\"isPartOf\":{\"@id\":\"https:\\\/\\\/moremaritime.no\\\/#website\"},\"datePublished\":\"2015-07-09T12:31:06+00:00\",\"dateModified\":\"2022-05-02T06:31:42+00:00\",\"breadcrumb\":{\"@id\":\"https:\\\/\\\/moremaritime.no\\\/design\\\/#breadcrumb\"},\"inLanguage\":\"en-US\",\"potentialAction\":[{\"@type\":\"ReadAction\",\"target\":[\"https:\\\/\\\/moremaritime.no\\\/design\\\/\"]}]},{\"@type\":\"BreadcrumbList\",\"@id\":\"https:\\\/\\\/moremaritime.no\\\/design\\\/#breadcrumb\",\"itemListElement\":[{\"@type\":\"ListItem\",\"position\":1,\"name\":\"Hjem\",\"item\":\"https:\\\/\\\/moremaritime.no\\\/\"},{\"@type\":\"ListItem\",\"position\":2,\"name\":\"Design\"}]},{\"@type\":\"WebSite\",\"@id\":\"https:\\\/\\\/moremaritime.no\\\/#website\",\"url\":\"https:\\\/\\\/moremaritime.no\\\/\",\"name\":\"M\u00f8re Maritime\",\"description\":\"Den nye generasjonen havbruksfart\u00f8y\",\"publisher\":{\"@id\":\"https:\\\/\\\/moremaritime.no\\\/#organization\"},\"potentialAction\":[{\"@type\":\"SearchAction\",\"target\":{\"@type\":\"EntryPoint\",\"urlTemplate\":\"https:\\\/\\\/moremaritime.no\\\/?s={search_term_string}\"},\"query-input\":{\"@type\":\"PropertyValueSpecification\",\"valueRequired\":true,\"valueName\":\"search_term_string\"}}],\"inLanguage\":\"en-US\"},{\"@type\":\"Organization\",\"@id\":\"https:\\\/\\\/moremaritime.no\\\/#organization\",\"name\":\"M\u00f8re Maritime\",\"url\":\"https:\\\/\\\/moremaritime.no\\\/\",\"logo\":{\"@type\":\"ImageObject\",\"inLanguage\":\"en-US\",\"@id\":\"https:\\\/\\\/moremaritime.no\\\/#\\\/schema\\\/logo\\\/image\\\/\",\"url\":\"https:\\\/\\\/moremaritime.no\\\/wp-content\\\/uploads\\\/2022\\\/03\\\/MM_logo_-03.png\",\"contentUrl\":\"https:\\\/\\\/moremaritime.no\\\/wp-content\\\/uploads\\\/2022\\\/03\\\/MM_logo_-03.png\",\"width\":3519,\"height\":683,\"caption\":\"M\u00f8re Maritime\"},\"image\":{\"@id\":\"https:\\\/\\\/moremaritime.no\\\/#\\\/schema\\\/logo\\\/image\\\/\"},\"sameAs\":[\"https:\\\/\\\/www.facebook.com\\\/moremaritime\\\/\"]}]}<\/script>\n<!-- \/ Yoast SEO plugin. -->","yoast_head_json":{"title":"Design - M\u00f8re Maritime","robots":{"index":"index","follow":"follow","max-snippet":"max-snippet:-1","max-image-preview":"max-image-preview:large","max-video-preview":"max-video-preview:-1"},"canonical":"https:\/\/moremaritime.no\/en\/design\/","og_locale":"en_US","og_type":"article","og_title":"Design - M\u00f8re Maritime","og_description":"Siden oppstarten i 2003 har vi i M\u00f8re Maritime utviklet innovative fart\u00f8y for alle form\u00e5l - spesielt til oppdrettsn\u00e6ringen. Vi utvikler og designer optimaliserte fart\u00f8y med sterkt brukerfokus og lettdrevne skrog med gr\u00f8nn milj\u00f8profil. &nbsp;","og_url":"https:\/\/moremaritime.no\/en\/design\/","og_site_name":"M\u00f8re Maritime","article_publisher":"https:\/\/www.facebook.com\/moremaritime\/","article_modified_time":"2022-05-02T06:31:42+00:00","twitter_card":"summary_large_image","twitter_misc":{"Est. reading time":"6 minutes"},"schema":{"@context":"https:\/\/schema.org","@graph":[{"@type":"WebPage","@id":"https:\/\/moremaritime.no\/design\/","url":"https:\/\/moremaritime.no\/design\/","name":"Design - M\u00f8re Maritime","isPartOf":{"@id":"https:\/\/moremaritime.no\/#website"},"datePublished":"2015-07-09T12:31:06+00:00","dateModified":"2022-05-02T06:31:42+00:00","breadcrumb":{"@id":"https:\/\/moremaritime.no\/design\/#breadcrumb"},"inLanguage":"en-US","potentialAction":[{"@type":"ReadAction","target":["https:\/\/moremaritime.no\/design\/"]}]},{"@type":"BreadcrumbList","@id":"https:\/\/moremaritime.no\/design\/#breadcrumb","itemListElement":[{"@type":"ListItem","position":1,"name":"Hjem","item":"https:\/\/moremaritime.no\/"},{"@type":"ListItem","position":2,"name":"Design"}]},{"@type":"WebSite","@id":"https:\/\/moremaritime.no\/#website","url":"https:\/\/moremaritime.no\/","name":"M\u00f8re Maritime","description":"Den nye generasjonen havbruksfart\u00f8y","publisher":{"@id":"https:\/\/moremaritime.no\/#organization"},"potentialAction":[{"@type":"SearchAction","target":{"@type":"EntryPoint","urlTemplate":"https:\/\/moremaritime.no\/?s={search_term_string}"},"query-input":{"@type":"PropertyValueSpecification","valueRequired":true,"valueName":"search_term_string"}}],"inLanguage":"en-US"},{"@type":"Organization","@id":"https:\/\/moremaritime.no\/#organization","name":"M\u00f8re Maritime","url":"https:\/\/moremaritime.no\/","logo":{"@type":"ImageObject","inLanguage":"en-US","@id":"https:\/\/moremaritime.no\/#\/schema\/logo\/image\/","url":"https:\/\/moremaritime.no\/wp-content\/uploads\/2022\/03\/MM_logo_-03.png","contentUrl":"https:\/\/moremaritime.no\/wp-content\/uploads\/2022\/03\/MM_logo_-03.png","width":3519,"height":683,"caption":"M\u00f8re Maritime"},"image":{"@id":"https:\/\/moremaritime.no\/#\/schema\/logo\/image\/"},"sameAs":["https:\/\/www.facebook.com\/moremaritime\/"]}]}},"_links":{"self":[{"href":"https:\/\/moremaritime.no\/en\/wp-json\/wp\/v2\/pages\/105","targetHints":{"allow":["GET"]}}],"collection":[{"href":"https:\/\/moremaritime.no\/en\/wp-json\/wp\/v2\/pages"}],"about":[{"href":"https:\/\/moremaritime.no\/en\/wp-json\/wp\/v2\/types\/page"}],"author":[{"embeddable":true,"href":"https:\/\/moremaritime.no\/en\/wp-json\/wp\/v2\/users\/1"}],"replies":[{"embeddable":true,"href":"https:\/\/moremaritime.no\/en\/wp-json\/wp\/v2\/comments?post=105"}],"version-history":[{"count":74,"href":"https:\/\/moremaritime.no\/en\/wp-json\/wp\/v2\/pages\/105\/revisions"}],"predecessor-version":[{"id":2613,"href":"https:\/\/moremaritime.no\/en\/wp-json\/wp\/v2\/pages\/105\/revisions\/2613"}],"wp:attachment":[{"href":"https:\/\/moremaritime.no\/en\/wp-json\/wp\/v2\/media?parent=105"}],"curies":[{"name":"wp","href":"https:\/\/api.w.org\/{rel}","templated":true}]}}