{"id":1072,"date":"2022-03-24T14:26:44","date_gmt":"2022-03-24T13:26:44","guid":{"rendered":"https:\/\/moremaritime.no\/?page_id=1072"},"modified":"2022-05-02T15:39:48","modified_gmt":"2022-05-02T13:39:48","slug":"andre-konsepter","status":"publish","type":"page","link":"https:\/\/moremaritime.no\/en\/andre-konsepter\/","title":{"rendered":"Other concepts"},"content":{"rendered":"<p>[et_pb_section fb_built=&raquo;1&#8243; fullwidth=&raquo;on&raquo; _builder_version=&raquo;4.16&#8243; width=&raquo;100%&raquo; max_width=&raquo;100%&raquo; locked=&raquo;off&raquo; global_colors_info=&raquo;{}&raquo;][et_pb_fullwidth_header title=&raquo;ANDRE KONSEPTER&raquo; header_fullscreen=&raquo;on&raquo; background_overlay_color=&raquo;rgba(29,38,51,0.86)&raquo; content_max_width=&raquo;700px&raquo; admin_label=&raquo;Hero&raquo; _builder_version=&raquo;4.17.3&#8243; title_font=&raquo;Mulish|800||on|||||&raquo; title_font_size=&raquo;45px&raquo; title_line_height=&raquo;1.3em&raquo; content_font=&raquo;Mulish||||||||&raquo; content_font_size=&raquo;20px&raquo; content_line_height=&raquo;1.7em&raquo; background_color=&raquo;rgba(255, 255, 255, 0)&raquo; background_image=&raquo;https:\/\/moremaritime.no\/wp-content\/uploads\/2022\/03\/MMSB_kai-scaled.jpg&raquo; custom_button_one=&raquo;on&raquo; button_one_border_radius=&raquo;0px&raquo; button_one_letter_spacing=&raquo;4px&raquo; button_one_font=&raquo;Oswald|on||on|&raquo; button_one_icon=&raquo;&#x24;||divi||400&#8243; button_one_icon_color=&raquo;#ffffff&raquo; custom_padding=&raquo;||40px|||&raquo; animation_direction=&raquo;bottom&raquo; hover_enabled=&raquo;0&#8243; button_one_text_color_hover=&raquo;#ffffff&raquo; button_one_border_color_hover=&raquo;#ffffff&raquo; button_one_border_radius_hover=&raquo;0px&raquo; button_one_letter_spacing_hover=&raquo;4px&raquo; button_one_bg_color_hover=&raquo;rgba(0,0,0,0)&raquo; global_colors_info=&raquo;{}&raquo; button_one_text_size__hover_enabled=&raquo;off&raquo; button_two_text_size__hover_enabled=&raquo;off&raquo; button_one_text_color__hover_enabled=&raquo;on&raquo; button_one_text_color__hover=&raquo;#ffffff&raquo; button_two_text_color__hover_enabled=&raquo;off&raquo; button_one_border_width__hover_enabled=&raquo;off&raquo; button_two_border_width__hover_enabled=&raquo;off&raquo; button_one_border_color__hover_enabled=&raquo;on&raquo; button_one_border_color__hover=&raquo;#ffffff&raquo; button_two_border_color__hover_enabled=&raquo;off&raquo; button_one_border_radius__hover_enabled=&raquo;on&raquo; button_one_border_radius__hover=&raquo;0px&raquo; button_two_border_radius__hover_enabled=&raquo;off&raquo; button_one_letter_spacing__hover_enabled=&raquo;on&raquo; button_one_letter_spacing__hover=&raquo;4px&raquo; button_two_letter_spacing__hover_enabled=&raquo;off&raquo; button_one_bg_color__hover_enabled=&raquo;on&raquo; button_one_bg_color__hover=&raquo;rgba(0,0,0,0)&raquo; button_two_bg_color__hover_enabled=&raquo;off&raquo; background__hover_enabled=&raquo;on|desktop&raquo; sticky_enabled=&raquo;0&#8243;]<\/p>\n<p>&nbsp;<\/p>\n<p>&nbsp;<\/p>\n<p>[\/et_pb_fullwidth_header][\/et_pb_section][et_pb_section fb_built=&raquo;1&#8243; _builder_version=&raquo;4.16&#8243; _module_preset=&raquo;default&raquo; background_color=&raquo;#DE6449&#8243; min_height=&raquo;304.8px&raquo; locked=&raquo;off&raquo; global_colors_info=&raquo;{}&raquo;][et_pb_row column_structure=&raquo;1_3,1_3,1_3&#8243; _builder_version=&raquo;4.16&#8243; _module_preset=&raquo;default&raquo; locked=&raquo;off&raquo; global_colors_info=&raquo;{}&raquo;][et_pb_column type=&raquo;1_3&#8243; _builder_version=&raquo;4.16&#8243; _module_preset=&raquo;default&raquo; global_colors_info=&raquo;{}&raquo;][et_pb_icon font_icon=&raquo;&#xf21a;||fa||900&#8243; icon_color=&raquo;#F9F9F9&#8243; icon_width=&raquo;50px&raquo; _builder_version=&raquo;4.16&#8243; _module_preset=&raquo;default&raquo; animation_style=&raquo;zoom&raquo; animation_intensity_zoom=&raquo;10%&raquo; global_colors_info=&raquo;{}&raquo;][\/et_pb_icon][et_pb_text _builder_version=&raquo;4.16.1&#8243; _module_preset=&raquo;default&raquo; text_font=&raquo;Mulish||||||||&raquo; text_text_color=&raquo;#F9F9F9&#8243; animation_style=&raquo;slide&raquo; animation_direction=&raquo;bottom&raquo; animation_intensity_slide=&raquo;10%&raquo; locked=&raquo;off&raquo; global_colors_info=&raquo;{}&raquo;]<\/p>\n<p>We have developed many concepts in most segments for the aquaculture industry - and in most sizes.<\/p>\n<p>Although everything has not materialized, this has given us a rock-solid foundation to build on when questions about new solutions and concepts arise.<\/p>\n<p>[\/et_pb_text][\/et_pb_column][et_pb_column type=&raquo;1_3&#8243; _builder_version=&raquo;4.16&#8243; _module_preset=&raquo;default&raquo; global_colors_info=&raquo;{}&raquo;][et_pb_icon font_icon=&raquo;&#xf578;||fa||900&#8243; icon_color=&raquo;#F9F9F9&#8243; icon_width=&raquo;50px&raquo; _builder_version=&raquo;4.16&#8243; _module_preset=&raquo;default&raquo; animation_style=&raquo;zoom&raquo; animation_delay=&raquo;100ms&raquo; animation_intensity_zoom=&raquo;10%&raquo; global_colors_info=&raquo;{}&raquo;][\/et_pb_icon][et_pb_text _builder_version=&raquo;4.16.1&#8243; _module_preset=&raquo;default&raquo; text_font=&raquo;Mulish||||||||&raquo; text_text_color=&raquo;#F9F9F9&#8243; animation_style=&raquo;slide&raquo; animation_direction=&raquo;bottom&raquo; animation_intensity_slide=&raquo;10%&raquo; locked=&raquo;off&raquo; global_colors_info=&raquo;{}&raquo;]<\/p>\n<p>We are constantly working to develop vessels that can combine a wide range of operations.\u00a0<\/p>\n<p>By using a multipurpose vessel, several operations can be carried out in one vessel. This will reduce the stress on the fish and contribute to better fish welfare.\u00a0<\/p>\n<p>[\/et_pb_text][\/et_pb_column][et_pb_column type=&raquo;1_3&#8243; _builder_version=&raquo;4.16&#8243; _module_preset=&raquo;default&raquo; global_colors_info=&raquo;{}&raquo;][et_pb_icon font_icon=&raquo;&#xf299;||fa||400&#8243; icon_color=&raquo;#F9F9F9&#8243; icon_width=&raquo;50px&raquo; _builder_version=&raquo;4.16&#8243; _module_preset=&raquo;default&raquo; animation_style=&raquo;zoom&raquo; animation_delay=&raquo;200ms&raquo; animation_intensity_zoom=&raquo;10%&raquo; global_colors_info=&raquo;{}&raquo;][\/et_pb_icon][et_pb_text _builder_version=&raquo;4.16.1&#8243; _module_preset=&raquo;default&raquo; text_font=&raquo;Mulish||||||||&raquo; text_text_color=&raquo;#F9F9F9&#8243; animation_style=&raquo;slide&raquo; animation_direction=&raquo;bottom&raquo; animation_intensity_slide=&raquo;10%&raquo; locked=&raquo;off&raquo; global_colors_info=&raquo;{}&raquo;]<\/p>\n<p>With the green shift comes many new challenges in propulsion systems and fuels.<\/p>\n<p>We are continuously working on this, and have solutions in place for large battery packs and alternative fuels such as hydrogen.<\/p>\n<p>&nbsp;<\/p>\n<p>[\/et_pb_text][\/et_pb_column][\/et_pb_row][\/et_pb_section][et_pb_section fb_built=&raquo;1&#8243; _builder_version=&raquo;4.16&#8243; _module_preset=&raquo;default&raquo; background_color=&raquo;#F9F9F9&#8243; custom_padding=&raquo;100px|||||&raquo; locked=&raquo;off&raquo; global_colors_info=&raquo;{}&raquo;][et_pb_row column_structure=&raquo;1_2,1_2&#8243; _builder_version=&raquo;4.16&#8243; _module_preset=&raquo;default&raquo; global_colors_info=&raquo;{}&raquo;][et_pb_column type=&raquo;1_2&#8243; _builder_version=&raquo;4.16&#8243; _module_preset=&raquo;default&raquo; global_colors_info=&raquo;{}&raquo;][et_pb_text _builder_version=&raquo;4.16.1&#8243; _module_preset=&raquo;default&raquo; text_font=&raquo;Mulish|600|||||||&raquo; text_font_size=&raquo;35px&raquo; animation_style=&raquo;zoom&raquo; animation_delay=&raquo;100ms&raquo; animation_intensity_zoom=&raquo;10%&raquo; locked=&raquo;off&raquo; global_colors_info=&raquo;{}&raquo;]<\/p>\n<p style=\"text-align: center;\">Combi solutions<\/p>\n<p>[\/et_pb_text][et_pb_image src=&raquo;https:\/\/moremaritime.no\/wp-content\/uploads\/2022\/04\/APV_M2001-rem.png&raquo; title_text=&raquo;APV_M2001-rem&raquo; _builder_version=&raquo;4.16.1&#8243; _module_preset=&raquo;default&raquo; custom_padding=&raquo;20px|||||&raquo; animation_style=&raquo;zoom&raquo; animation_delay=&raquo;100ms&raquo; animation_intensity_zoom=&raquo;10%&raquo; box_shadow_style=&raquo;preset1&#8243; locked=&raquo;off&raquo; global_colors_info=&raquo;{}&raquo;][\/et_pb_image][et_pb_button button_url=&raquo;https:\/\/moremaritime.no\/kombinerte-losninger\/&raquo; button_text=&raquo;Les mer&raquo; button_alignment=&raquo;center&raquo; _builder_version=&raquo;4.16.1&#8243; _module_preset=&raquo;default&raquo; custom_button=&raquo;on&raquo; button_text_size=&raquo;20px&raquo; button_text_color=&raquo;#F9F9F9&#8243; button_bg_color=&raquo;#DE6449&#8243; button_border_color=&raquo;#DE6449&#8243; button_border_radius=&raquo;32px&raquo; button_font=&raquo;Mulish|600|||||||&raquo; button_icon_color=&raquo;#F9F9F9&#8243; animation_style=&raquo;slide&raquo; animation_direction=&raquo;bottom&raquo; animation_delay=&raquo;100ms&raquo; animation_intensity_slide=&raquo;10%&raquo; locked=&raquo;off&raquo; global_colors_info=&raquo;{}&raquo;][\/et_pb_button][\/et_pb_column][et_pb_column type=&raquo;1_2&#8243; _builder_version=&raquo;4.16&#8243; _module_preset=&raquo;default&raquo; global_colors_info=&raquo;{}&raquo;][et_pb_text _builder_version=&raquo;4.16.1&#8243; _module_preset=&raquo;default&raquo; text_font=&raquo;Mulish|600|||||||&raquo; text_font_size=&raquo;35px&raquo; animation_style=&raquo;zoom&raquo; animation_delay=&raquo;100ms&raquo; animation_intensity_zoom=&raquo;10%&raquo; locked=&raquo;off&raquo; global_colors_info=&raquo;{}&raquo;]<\/p>\n<p style=\"text-align: center;\">Seaweed vessels<\/p>\n<p>[\/et_pb_text][et_pb_image src=&raquo;https:\/\/moremaritime.no\/wp-content\/uploads\/2022\/04\/taredyrkning.jpg&raquo; title_text=&raquo;taredyrkning&raquo; _builder_version=&raquo;4.16.1&#8243; _module_preset=&raquo;default&raquo; animation_style=&raquo;zoom&raquo; animation_delay=&raquo;100ms&raquo; animation_intensity_zoom=&raquo;10%&raquo; box_shadow_style=&raquo;preset1&#8243; locked=&raquo;off&raquo; global_colors_info=&raquo;{}&raquo;][\/et_pb_image][et_pb_button button_url=&raquo;https:\/\/moremaritime.no\/tarefartoy\/&raquo; button_text=&raquo;Les mer&raquo; button_alignment=&raquo;center&raquo; _builder_version=&raquo;4.16.1&#8243; _module_preset=&raquo;default&raquo; custom_button=&raquo;on&raquo; button_text_size=&raquo;20px&raquo; button_text_color=&raquo;#F9F9F9&#8243; button_bg_color=&raquo;#DE6449&#8243; button_border_color=&raquo;#DE6449&#8243; button_border_radius=&raquo;32px&raquo; button_font=&raquo;Mulish|600|||||||&raquo; button_icon_color=&raquo;#F9F9F9&#8243; animation_style=&raquo;slide&raquo; animation_direction=&raquo;bottom&raquo; animation_delay=&raquo;100ms&raquo; animation_intensity_slide=&raquo;10%&raquo; locked=&raquo;off&raquo; global_colors_info=&raquo;{}&raquo;][\/et_pb_button][\/et_pb_column][\/et_pb_row][et_pb_row column_structure=&raquo;1_2,1_2&#8243; _builder_version=&raquo;4.16&#8243; _module_preset=&raquo;default&raquo; global_colors_info=&raquo;{}&raquo;][et_pb_column type=&raquo;1_2&#8243; _builder_version=&raquo;4.16&#8243; _module_preset=&raquo;default&raquo; global_colors_info=&raquo;{}&raquo;][et_pb_text _builder_version=&raquo;4.16&#8243; _module_preset=&raquo;default&raquo; text_font=&raquo;Mulish|600|||||||&raquo; text_font_size=&raquo;35px&raquo; animation_style=&raquo;zoom&raquo; animation_intensity_zoom=&raquo;10%&raquo; locked=&raquo;off&raquo; global_colors_info=&raquo;{}&raquo;]<\/p>\n<p style=\"text-align: center;\">Sundb\u00e5t<\/p>\n<p>[\/et_pb_text][et_pb_image src=&raquo;https:\/\/moremaritime.no\/wp-content\/uploads\/2022\/03\/MMSB_eksterior3-scaled.jpg&raquo; title_text=&raquo;MMSB_eksterior3&#8243; _builder_version=&raquo;4.16.1&#8243; _module_preset=&raquo;default&raquo; animation_style=&raquo;zoom&raquo; animation_intensity_zoom=&raquo;10%&raquo; box_shadow_style=&raquo;preset1&#8243; global_colors_info=&raquo;{}&raquo;][\/et_pb_image][et_pb_button button_url=&raquo;https:\/\/moremaritime.no\/sundbat\/&raquo; button_text=&raquo;Les mer&raquo; button_alignment=&raquo;center&raquo; _builder_version=&raquo;4.16.1&#8243; _module_preset=&raquo;default&raquo; custom_button=&raquo;on&raquo; button_text_size=&raquo;20px&raquo; button_text_color=&raquo;#F9F9F9&#8243; button_bg_color=&raquo;#DE6449&#8243; button_border_color=&raquo;#DE6449&#8243; button_border_radius=&raquo;32px&raquo; button_font=&raquo;Mulish|600|||||||&raquo; button_icon_color=&raquo;#F9F9F9&#8243; animation_style=&raquo;slide&raquo; animation_direction=&raquo;bottom&raquo; animation_intensity_slide=&raquo;10%&raquo; locked=&raquo;off&raquo; global_colors_info=&raquo;{}&raquo;][\/et_pb_button][\/et_pb_column][et_pb_column type=&raquo;1_2&#8243; _builder_version=&raquo;4.16&#8243; _module_preset=&raquo;default&raquo; global_colors_info=&raquo;{}&raquo;][et_pb_text _builder_version=&raquo;4.16&#8243; _module_preset=&raquo;default&raquo; text_font=&raquo;Mulish|600|||||||&raquo; text_font_size=&raquo;35px&raquo; animation_style=&raquo;zoom&raquo; animation_intensity_zoom=&raquo;10%&raquo; locked=&raquo;off&raquo; global_colors_info=&raquo;{}&raquo;]<\/p>\n<p style=\"text-align: center;\">Cleaning barge<\/p>\n<p>[\/et_pb_text][et_pb_image src=&raquo;https:\/\/moremaritime.no\/wp-content\/uploads\/2022\/04\/render-med-staesj.jpg&raquo; title_text=&raquo;render med st\u00e6sj&raquo; _builder_version=&raquo;4.16.1&#8243; _module_preset=&raquo;default&raquo; animation_style=&raquo;zoom&raquo; animation_intensity_zoom=&raquo;10%&raquo; box_shadow_style=&raquo;preset1&#8243; global_colors_info=&raquo;{}&raquo;][\/et_pb_image][et_pb_button button_url=&raquo;https:\/\/moremaritime.no\/andre-konsepter\/&raquo; button_text=&raquo;Informasjon kommer&raquo; button_alignment=&raquo;center&raquo; _builder_version=&raquo;4.16.1&#8243; _module_preset=&raquo;default&raquo; custom_button=&raquo;on&raquo; button_text_size=&raquo;20px&raquo; button_text_color=&raquo;#F9F9F9&#8243; button_bg_color=&raquo;#DE6449&#8243; button_border_color=&raquo;#DE6449&#8243; button_border_radius=&raquo;32px&raquo; button_font=&raquo;Mulish|600|||||||&raquo; button_icon_color=&raquo;#F9F9F9&#8243; animation_style=&raquo;slide&raquo; animation_direction=&raquo;bottom&raquo; animation_intensity_slide=&raquo;10%&raquo; locked=&raquo;off&raquo; global_colors_info=&raquo;{}&raquo;][\/et_pb_button][\/et_pb_column][\/et_pb_row][\/et_pb_section][et_pb_section fb_built=&raquo;1&#8243; _builder_version=&raquo;4.16&#8243; _module_preset=&raquo;default&raquo; background_color=&raquo;#DE6449&#8243; locked=&raquo;off&raquo; global_colors_info=&raquo;{}&raquo;][et_pb_row _builder_version=&raquo;4.16&#8243; _module_preset=&raquo;default&raquo; global_colors_info=&raquo;{}&raquo;][et_pb_column type=&raquo;4_4&#8243; _builder_version=&raquo;4.16&#8243; _module_preset=&raquo;default&raquo; global_colors_info=&raquo;{}&raquo;][\/et_pb_column][\/et_pb_row][\/et_pb_section]<\/p>","protected":false},"excerpt":{"rendered":"<p>&nbsp; &nbsp;Vi har utviklet mange konsepter innen de fleste segment for havbruksn\u00e6ringen &#8211; og dette i de fleste st\u00f8rrelser. Selv om alt ikke har materialisert seg har dette gitt oss et bunnsolid fundament \u00e5 bygge videre p\u00e5 n\u00e5r sp\u00f8rsm\u00e5l om nye l\u00f8sninger og konsepter dukker opp.Vi jobber stadig med \u00e5 utvikle fart\u00f8y som kan kombinere [&hellip;]<\/p>","protected":false},"author":5,"featured_media":0,"parent":0,"menu_order":0,"comment_status":"closed","ping_status":"closed","template":"","meta":{"_et_pb_use_builder":"on","_et_pb_old_content":"<!-- wp:divi\/placeholder \/-->","_et_gb_content_width":"","footnotes":""},"class_list":["post-1072","page","type-page","status-publish","hentry"],"yoast_head":"<!-- This site is optimized with the Yoast SEO plugin v27.3 - https:\/\/yoast.com\/product\/yoast-seo-wordpress\/ -->\n<title>Andre konsepter - M\u00f8re Maritime<\/title>\n<meta name=\"robots\" content=\"index, follow, max-snippet:-1, max-image-preview:large, max-video-preview:-1\" \/>\n<link rel=\"canonical\" href=\"https:\/\/moremaritime.no\/en\/andre-konsepter\/\" \/>\n<meta property=\"og:locale\" content=\"en_US\" \/>\n<meta property=\"og:type\" content=\"article\" \/>\n<meta property=\"og:title\" content=\"Andre konsepter - M\u00f8re Maritime\" \/>\n<meta property=\"og:description\" content=\"&nbsp; &nbsp;Vi har utviklet mange konsepter innen de fleste segment for havbruksn\u00e6ringen - og dette i de fleste st\u00f8rrelser. Selv om alt ikke har materialisert seg har dette gitt oss et bunnsolid fundament \u00e5 bygge videre p\u00e5 n\u00e5r sp\u00f8rsm\u00e5l om nye l\u00f8sninger og konsepter dukker opp.Vi jobber stadig med \u00e5 utvikle fart\u00f8y som kan kombinere [&hellip;]\" \/>\n<meta property=\"og:url\" content=\"https:\/\/moremaritime.no\/en\/andre-konsepter\/\" \/>\n<meta property=\"og:site_name\" content=\"M\u00f8re Maritime\" \/>\n<meta property=\"article:publisher\" content=\"https:\/\/www.facebook.com\/moremaritime\/\" \/>\n<meta property=\"article:modified_time\" content=\"2022-05-02T13:39:48+00:00\" \/>\n<meta name=\"twitter:card\" content=\"summary_large_image\" \/>\n<script type=\"application\/ld+json\" class=\"yoast-schema-graph\">{\"@context\":\"https:\\\/\\\/schema.org\",\"@graph\":[{\"@type\":\"WebPage\",\"@id\":\"https:\\\/\\\/moremaritime.no\\\/andre-konsepter\\\/\",\"url\":\"https:\\\/\\\/moremaritime.no\\\/andre-konsepter\\\/\",\"name\":\"Andre konsepter - M\u00f8re Maritime\",\"isPartOf\":{\"@id\":\"https:\\\/\\\/moremaritime.no\\\/#website\"},\"datePublished\":\"2022-03-24T13:26:44+00:00\",\"dateModified\":\"2022-05-02T13:39:48+00:00\",\"breadcrumb\":{\"@id\":\"https:\\\/\\\/moremaritime.no\\\/andre-konsepter\\\/#breadcrumb\"},\"inLanguage\":\"en-US\",\"potentialAction\":[{\"@type\":\"ReadAction\",\"target\":[\"https:\\\/\\\/moremaritime.no\\\/andre-konsepter\\\/\"]}]},{\"@type\":\"BreadcrumbList\",\"@id\":\"https:\\\/\\\/moremaritime.no\\\/andre-konsepter\\\/#breadcrumb\",\"itemListElement\":[{\"@type\":\"ListItem\",\"position\":1,\"name\":\"Hjem\",\"item\":\"https:\\\/\\\/moremaritime.no\\\/\"},{\"@type\":\"ListItem\",\"position\":2,\"name\":\"Andre konsepter\"}]},{\"@type\":\"WebSite\",\"@id\":\"https:\\\/\\\/moremaritime.no\\\/#website\",\"url\":\"https:\\\/\\\/moremaritime.no\\\/\",\"name\":\"M\u00f8re Maritime\",\"description\":\"Den nye generasjonen havbruksfart\u00f8y\",\"publisher\":{\"@id\":\"https:\\\/\\\/moremaritime.no\\\/#organization\"},\"potentialAction\":[{\"@type\":\"SearchAction\",\"target\":{\"@type\":\"EntryPoint\",\"urlTemplate\":\"https:\\\/\\\/moremaritime.no\\\/?s={search_term_string}\"},\"query-input\":{\"@type\":\"PropertyValueSpecification\",\"valueRequired\":true,\"valueName\":\"search_term_string\"}}],\"inLanguage\":\"en-US\"},{\"@type\":\"Organization\",\"@id\":\"https:\\\/\\\/moremaritime.no\\\/#organization\",\"name\":\"M\u00f8re Maritime\",\"url\":\"https:\\\/\\\/moremaritime.no\\\/\",\"logo\":{\"@type\":\"ImageObject\",\"inLanguage\":\"en-US\",\"@id\":\"https:\\\/\\\/moremaritime.no\\\/#\\\/schema\\\/logo\\\/image\\\/\",\"url\":\"https:\\\/\\\/moremaritime.no\\\/wp-content\\\/uploads\\\/2022\\\/03\\\/MM_logo_-03.png\",\"contentUrl\":\"https:\\\/\\\/moremaritime.no\\\/wp-content\\\/uploads\\\/2022\\\/03\\\/MM_logo_-03.png\",\"width\":3519,\"height\":683,\"caption\":\"M\u00f8re Maritime\"},\"image\":{\"@id\":\"https:\\\/\\\/moremaritime.no\\\/#\\\/schema\\\/logo\\\/image\\\/\"},\"sameAs\":[\"https:\\\/\\\/www.facebook.com\\\/moremaritime\\\/\"]}]}<\/script>\n<!-- \/ Yoast SEO plugin. -->","yoast_head_json":{"title":"Andre konsepter - M\u00f8re Maritime","robots":{"index":"index","follow":"follow","max-snippet":"max-snippet:-1","max-image-preview":"max-image-preview:large","max-video-preview":"max-video-preview:-1"},"canonical":"https:\/\/moremaritime.no\/en\/andre-konsepter\/","og_locale":"en_US","og_type":"article","og_title":"Andre konsepter - M\u00f8re Maritime","og_description":"&nbsp; &nbsp;Vi har utviklet mange konsepter innen de fleste segment for havbruksn\u00e6ringen - og dette i de fleste st\u00f8rrelser. Selv om alt ikke har materialisert seg har dette gitt oss et bunnsolid fundament \u00e5 bygge videre p\u00e5 n\u00e5r sp\u00f8rsm\u00e5l om nye l\u00f8sninger og konsepter dukker opp.Vi jobber stadig med \u00e5 utvikle fart\u00f8y som kan kombinere [&hellip;]","og_url":"https:\/\/moremaritime.no\/en\/andre-konsepter\/","og_site_name":"M\u00f8re Maritime","article_publisher":"https:\/\/www.facebook.com\/moremaritime\/","article_modified_time":"2022-05-02T13:39:48+00:00","twitter_card":"summary_large_image","schema":{"@context":"https:\/\/schema.org","@graph":[{"@type":"WebPage","@id":"https:\/\/moremaritime.no\/andre-konsepter\/","url":"https:\/\/moremaritime.no\/andre-konsepter\/","name":"Andre konsepter - M\u00f8re Maritime","isPartOf":{"@id":"https:\/\/moremaritime.no\/#website"},"datePublished":"2022-03-24T13:26:44+00:00","dateModified":"2022-05-02T13:39:48+00:00","breadcrumb":{"@id":"https:\/\/moremaritime.no\/andre-konsepter\/#breadcrumb"},"inLanguage":"en-US","potentialAction":[{"@type":"ReadAction","target":["https:\/\/moremaritime.no\/andre-konsepter\/"]}]},{"@type":"BreadcrumbList","@id":"https:\/\/moremaritime.no\/andre-konsepter\/#breadcrumb","itemListElement":[{"@type":"ListItem","position":1,"name":"Hjem","item":"https:\/\/moremaritime.no\/"},{"@type":"ListItem","position":2,"name":"Andre konsepter"}]},{"@type":"WebSite","@id":"https:\/\/moremaritime.no\/#website","url":"https:\/\/moremaritime.no\/","name":"M\u00f8re Maritime","description":"Den nye generasjonen havbruksfart\u00f8y","publisher":{"@id":"https:\/\/moremaritime.no\/#organization"},"potentialAction":[{"@type":"SearchAction","target":{"@type":"EntryPoint","urlTemplate":"https:\/\/moremaritime.no\/?s={search_term_string}"},"query-input":{"@type":"PropertyValueSpecification","valueRequired":true,"valueName":"search_term_string"}}],"inLanguage":"en-US"},{"@type":"Organization","@id":"https:\/\/moremaritime.no\/#organization","name":"M\u00f8re Maritime","url":"https:\/\/moremaritime.no\/","logo":{"@type":"ImageObject","inLanguage":"en-US","@id":"https:\/\/moremaritime.no\/#\/schema\/logo\/image\/","url":"https:\/\/moremaritime.no\/wp-content\/uploads\/2022\/03\/MM_logo_-03.png","contentUrl":"https:\/\/moremaritime.no\/wp-content\/uploads\/2022\/03\/MM_logo_-03.png","width":3519,"height":683,"caption":"M\u00f8re Maritime"},"image":{"@id":"https:\/\/moremaritime.no\/#\/schema\/logo\/image\/"},"sameAs":["https:\/\/www.facebook.com\/moremaritime\/"]}]}},"_links":{"self":[{"href":"https:\/\/moremaritime.no\/en\/wp-json\/wp\/v2\/pages\/1072","targetHints":{"allow":["GET"]}}],"collection":[{"href":"https:\/\/moremaritime.no\/en\/wp-json\/wp\/v2\/pages"}],"about":[{"href":"https:\/\/moremaritime.no\/en\/wp-json\/wp\/v2\/types\/page"}],"author":[{"embeddable":true,"href":"https:\/\/moremaritime.no\/en\/wp-json\/wp\/v2\/users\/5"}],"replies":[{"embeddable":true,"href":"https:\/\/moremaritime.no\/en\/wp-json\/wp\/v2\/comments?post=1072"}],"version-history":[{"count":25,"href":"https:\/\/moremaritime.no\/en\/wp-json\/wp\/v2\/pages\/1072\/revisions"}],"predecessor-version":[{"id":2676,"href":"https:\/\/moremaritime.no\/en\/wp-json\/wp\/v2\/pages\/1072\/revisions\/2676"}],"wp:attachment":[{"href":"https:\/\/moremaritime.no\/en\/wp-json\/wp\/v2\/media?parent=1072"}],"curies":[{"name":"wp","href":"https:\/\/api.w.org\/{rel}","templated":true}]}}