{"id":1129,"date":"2022-03-25T13:52:45","date_gmt":"2022-03-25T12:52:45","guid":{"rendered":"https:\/\/moremaritime.no\/?page_id=1129"},"modified":"2022-04-27T12:10:03","modified_gmt":"2022-04-27T10:10:03","slug":"machoship75","status":"publish","type":"page","link":"https:\/\/moremaritime.no\/en\/machoship75\/","title":{"rendered":"MachoShip75"},"content":{"rendered":"<p>[et_pb_section fb_built=&raquo;1&#8243; _builder_version=&raquo;4.16&#8243; _module_preset=&raquo;default&raquo; background_color=&raquo;#F9F9F9&#8243; custom_padding=&raquo;||0px|||&raquo; global_colors_info=&raquo;{}&raquo;][et_pb_row _builder_version=&raquo;4.16&#8243; _module_preset=&raquo;default&raquo; global_colors_info=&raquo;{}&raquo;][et_pb_column type=&raquo;4_4&#8243; _builder_version=&raquo;4.16&#8243; _module_preset=&raquo;default&raquo; global_colors_info=&raquo;{}&raquo;][et_pb_text _builder_version=&raquo;4.16&#8243; _module_preset=&raquo;default&raquo; text_font=&raquo;Mulish|700|||||||&raquo; text_text_color=&raquo;#0A0000&#8243; text_font_size=&raquo;45px&raquo; animation_style=&raquo;zoom&raquo; animation_intensity_zoom=&raquo;10%&raquo; global_colors_info=&raquo;{}&raquo;]<\/p>\n<p style=\"text-align: center;\">MachoShip75<\/p>\n<p>[\/et_pb_text][\/et_pb_column][\/et_pb_row][\/et_pb_section][et_pb_section fb_built=&raquo;1&#8243; _builder_version=&raquo;4.16&#8243; _module_preset=&raquo;default&raquo; background_color=&raquo;#F9F9F9&#8243; custom_padding=&raquo;0px|||||&raquo; locked=&raquo;off&raquo; global_colors_info=&raquo;{}&raquo;][et_pb_row column_structure=&raquo;1_2,1_2&#8243; _builder_version=&raquo;4.16&#8243; _module_preset=&raquo;default&raquo; global_colors_info=&raquo;{}&raquo;][et_pb_column type=&raquo;1_2&#8243; _builder_version=&raquo;4.16&#8243; _module_preset=&raquo;default&raquo; global_colors_info=&raquo;{}&raquo;][et_pb_image src=&raquo;https:\/\/moremaritime.no\/wp-content\/uploads\/2022\/03\/IMG_7783-EOS-R5-scaled.jpg&raquo; title_text=&raquo;IMG_7783 EOS R5&#8243; _builder_version=&raquo;4.16&#8243; _module_preset=&raquo;default&raquo; animation_style=&raquo;zoom&raquo; animation_delay=&raquo;100ms&raquo; animation_intensity_zoom=&raquo;10%&raquo; box_shadow_style=&raquo;preset1&#8243; global_colors_info=&raquo;{}&raquo;][\/et_pb_image][\/et_pb_column][et_pb_column type=&raquo;1_2&#8243; _builder_version=&raquo;4.16&#8243; _module_preset=&raquo;default&raquo; global_colors_info=&raquo;{}&raquo;][et_pb_image src=&raquo;https:\/\/moremaritime.no\/wp-content\/uploads\/2022\/03\/IMG_0871-EOS-R5-res.jpg&raquo; title_text=&raquo;IMG_0871 EOS R5 res&raquo; _builder_version=&raquo;4.16&#8243; _module_preset=&raquo;default&raquo; animation_style=&raquo;zoom&raquo; animation_delay=&raquo;100ms&raquo; animation_intensity_zoom=&raquo;10%&raquo; box_shadow_style=&raquo;preset1&#8243; global_colors_info=&raquo;{}&raquo;][\/et_pb_image][\/et_pb_column][\/et_pb_row][\/et_pb_section][et_pb_section fb_built=&raquo;1&#8243; _builder_version=&raquo;4.16&#8243; _module_preset=&raquo;default&raquo; background_color=&raquo;#DE6449&#8243; global_colors_info=&raquo;{}&raquo;][et_pb_row column_structure=&raquo;1_3,1_3,1_3&#8243; admin_label=&raquo;row&raquo; _builder_version=&raquo;4.16&#8243; background_size=&raquo;initial&raquo; background_position=&raquo;top_left&raquo; background_repeat=&raquo;repeat&raquo; locked=&raquo;off&raquo; global_colors_info=&raquo;{}&raquo;][et_pb_column type=&raquo;1_3&#8243; _builder_version=&raquo;4.16&#8243; custom_padding=&raquo;|||&raquo; global_colors_info=&raquo;{}&raquo; custom_padding__hover=&raquo;|||&raquo;][et_pb_number_counter title=&raquo;Lengde %91m%93&#8243; number=&raquo;83.7&#8243; percent_sign=&raquo;off&raquo; counter_color=&raquo;#003976&#8243; _builder_version=&raquo;4.16&#8243; title_font=&raquo;Mulish|300|||||||&raquo; title_text_color=&raquo;#F9F9F9&#8243; number_font=&raquo;Mulish||||||||&raquo; number_text_color=&raquo;#F9F9F9&#8243; background_size=&raquo;initial&raquo; background_position=&raquo;top_left&raquo; background_repeat=&raquo;repeat&raquo; use_border_color=&raquo;off&raquo; border_color=&raquo;#ffffff&raquo; border_style=&raquo;solid&raquo; global_colors_info=&raquo;{}&raquo;][\/et_pb_number_counter][et_pb_number_counter title=&raquo;Servicefart %91knop%93&#8243; number=&raquo;10.5&#8243; percent_sign=&raquo;off&raquo; counter_color=&raquo;#003976&#8243; _builder_version=&raquo;4.16&#8243; title_font=&raquo;Mulish|300|||||||&raquo; title_text_color=&raquo;#F9F9F9&#8243; number_font=&raquo;Mulish||||||||&raquo; number_text_color=&raquo;#F9F9F9&#8243; background_size=&raquo;initial&raquo; background_position=&raquo;top_left&raquo; background_repeat=&raquo;repeat&raquo; use_border_color=&raquo;off&raquo; border_color=&raquo;#ffffff&raquo; border_style=&raquo;solid&raquo; global_colors_info=&raquo;{}&raquo;][\/et_pb_number_counter][\/et_pb_column][et_pb_column type=&raquo;1_3&#8243; _builder_version=&raquo;4.16&#8243; custom_padding=&raquo;|||&raquo; global_colors_info=&raquo;{}&raquo; custom_padding__hover=&raquo;|||&raquo;][et_pb_number_counter title=&raquo;Bredde %91m%93&#8243; number=&raquo;30.9&#8243; percent_sign=&raquo;off&raquo; _builder_version=&raquo;4.16&#8243; title_font=&raquo;Mulish|300|||||||&raquo; title_text_color=&raquo;#F9F9F9&#8243; number_font=&raquo;Mulish||||||||&raquo; number_text_color=&raquo;#F9F9F9&#8243; background_size=&raquo;initial&raquo; background_position=&raquo;top_left&raquo; background_repeat=&raquo;repeat&raquo; use_border_color=&raquo;off&raquo; border_color=&raquo;#ffffff&raquo; border_style=&raquo;solid&raquo; global_colors_info=&raquo;{}&raquo;][\/et_pb_number_counter][et_pb_number_counter title=&raquo;Dypgang max %91m%93&#8243; number=&raquo;7.95&#8243; percent_sign=&raquo;off&raquo; counter_color=&raquo;#003976&#8243; _builder_version=&raquo;4.16&#8243; title_font=&raquo;Mulish|300|||||||&raquo; title_text_color=&raquo;#F9F9F9&#8243; number_font=&raquo;Mulish||||||||&raquo; number_text_color=&raquo;#F9F9F9&#8243; background_size=&raquo;initial&raquo; background_position=&raquo;top_left&raquo; background_repeat=&raquo;repeat&raquo; use_border_color=&raquo;off&raquo; border_color=&raquo;#ffffff&raquo; border_style=&raquo;solid&raquo; global_colors_info=&raquo;{}&raquo;][\/et_pb_number_counter][\/et_pb_column][et_pb_column type=&raquo;1_3&#8243; _builder_version=&raquo;4.16&#8243; custom_padding=&raquo;|||&raquo; global_colors_info=&raquo;{}&raquo; custom_padding__hover=&raquo;|||&raquo;][et_pb_number_counter title=&raquo;Br\u00f8nnvolum %91m3%93&#8243; number=&raquo;7500&#8243; percent_sign=&raquo;off&raquo; counter_color=&raquo;#003976&#8243; _builder_version=&raquo;4.16&#8243; title_font=&raquo;Mulish|300|||||||&raquo; title_text_color=&raquo;#F9F9F9&#8243; number_font=&raquo;Mulish||||||||&raquo; number_text_color=&raquo;#F9F9F9&#8243; background_size=&raquo;initial&raquo; background_position=&raquo;top_left&raquo; background_repeat=&raquo;repeat&raquo; use_border_color=&raquo;off&raquo; border_color=&raquo;#ffffff&raquo; border_style=&raquo;solid&raquo; global_colors_info=&raquo;{}&raquo;][\/et_pb_number_counter][et_pb_number_counter title=&raquo;Lastetanker&raquo; number=&raquo;3&#8243; percent_sign=&raquo;off&raquo; counter_color=&raquo;#003976&#8243; _builder_version=&raquo;4.16&#8243; title_font=&raquo;Mulish|300|||||||&raquo; title_text_color=&raquo;#F9F9F9&#8243; number_font=&raquo;Mulish||||||||&raquo; number_text_color=&raquo;#F9F9F9&#8243; background_size=&raquo;initial&raquo; background_position=&raquo;top_left&raquo; background_repeat=&raquo;repeat&raquo; use_border_color=&raquo;off&raquo; border_color=&raquo;#ffffff&raquo; border_style=&raquo;solid&raquo; locked=&raquo;off&raquo; global_colors_info=&raquo;{}&raquo;][\/et_pb_number_counter][\/et_pb_column][\/et_pb_row][\/et_pb_section][et_pb_section fb_built=&raquo;1&#8243; _builder_version=&raquo;4.16&#8243; _module_preset=&raquo;default&raquo; background_color=&raquo;#F9F9F9&#8243; locked=&raquo;off&raquo; global_colors_info=&raquo;{}&raquo;][et_pb_row column_structure=&raquo;1_2,1_2&#8243; _builder_version=&raquo;4.16&#8243; _module_preset=&raquo;default&raquo; custom_margin=&raquo;-3px|auto||auto||&raquo; custom_padding=&raquo;||0px|||&raquo; global_colors_info=&raquo;{}&raquo;][et_pb_column type=&raquo;1_2&#8243; _builder_version=&raquo;4.16&#8243; _module_preset=&raquo;default&raquo; global_colors_info=&raquo;{}&raquo;][et_pb_icon font_icon=&raquo;&#xf578;||fa||900&#8243; icon_color=&raquo;#DE6449&#8243; _builder_version=&raquo;4.16&#8243; _module_preset=&raquo;default&raquo; animation_style=&raquo;zoom&raquo; animation_intensity_zoom=&raquo;10%&raquo; global_colors_info=&raquo;{}&raquo;][\/et_pb_icon][et_pb_text _builder_version=&raquo;4.16&#8243; _module_preset=&raquo;default&raquo; text_font=&raquo;Mulish|600|||||||&raquo; text_text_color=&raquo;#0A0000&#8243; animation_style=&raquo;slide&raquo; animation_direction=&raquo;bottom&raquo; animation_intensity_slide=&raquo;10%&raquo; global_colors_info=&raquo;{}&raquo;]<\/p>\n<p style=\"text-align: left;\">MachoShip75 is designed with three tanks with sliding bulkheads and has the option of pressure unloading. With its enormous capacity of 7500 m3, it can load 1000 tons of fish per hour. This, together with its favorable length of 83.7 m, means that it fits comfortably at the fish fams and can empty a cage in a single go.<\/p>\n<p style=\"text-align: left;\">The high capacity contributes positively to fish welfare because operations can be carried out faster and subject the fish to less stress. This also has a good impact on the economy and the environment since it can process and transport more fish in less sailing time.<\/p>\n<p style=\"text-align: center;\">\n<p>[\/et_pb_text][\/et_pb_column][et_pb_column type=&raquo;1_2&#8243; _builder_version=&raquo;4.16&#8243; _module_preset=&raquo;default&raquo; global_colors_info=&raquo;{}&raquo;][et_pb_icon font_icon=&raquo;&#xf21a;||fa||900&#8243; icon_color=&raquo;#DE6449&#8243; _builder_version=&raquo;4.16&#8243; _module_preset=&raquo;default&raquo; animation_style=&raquo;zoom&raquo; animation_delay=&raquo;100ms&raquo; animation_intensity_zoom=&raquo;10%&raquo; global_colors_info=&raquo;{}&raquo;][\/et_pb_icon][et_pb_text _builder_version=&raquo;4.16&#8243; _module_preset=&raquo;default&raquo; text_font=&raquo;Mulish|600|||||||&raquo; text_text_color=&raquo;#0A0000&#8243; animation_style=&raquo;slide&raquo; animation_direction=&raquo;bottom&raquo; animation_delay=&raquo;100ms&raquo; animation_intensity_slide=&raquo;10%&raquo; locked=&raquo;off&raquo; global_colors_info=&raquo;{}&raquo;]<\/p>\n<p style=\"text-align: left;\">With its dimensions, the design has an enormous deck area. This ensures a tidy and safe workplace with excellent views of the operations. It also ensures that the design can be outfitted with any equipment required. The vessel's breadth makes it very stable, without compromising the service speed of 10.5 knots.<\/p>\n<p style=\"text-align: left;\">The design undoubtedly has every opportunity to be a multi-purpose vessel, and can be arranged with many systems.<\/p>\n<p style=\"text-align: left;\">We are sure this is the live fish carrier of the future!<\/p>\n<p style=\"text-align: center;\">\n<p>[\/et_pb_text][\/et_pb_column][\/et_pb_row][et_pb_row _builder_version=&raquo;4.16.1&#8243; _module_preset=&raquo;default&raquo;][et_pb_column _builder_version=&raquo;4.16.1&#8243; _module_preset=&raquo;default&raquo; type=&raquo;4_4&#8243;][et_pb_button button_url=&raquo;@ET-DC@eyJkeW5hbWljIjp0cnVlLCJjb250ZW50IjoicG9zdF9saW5rX3VybF9hdHRhY2htZW50Iiwic2V0dGluZ3MiOnsicG9zdF9pZCI6IjI0NzMifX0=@&raquo; button_text=&raquo;Mer info her&raquo; button_alignment=&raquo;center&raquo; _builder_version=&raquo;4.16.1&#8243; _module_preset=&raquo;default&raquo; custom_button=&raquo;on&raquo; button_text_size=&raquo;20px&raquo; button_text_color=&raquo;#F9F9F9&#8243; button_bg_color=&raquo;#DE6449&#8243; button_border_color=&raquo;#DE6449&#8243; button_border_radius=&raquo;32px&raquo; button_font=&raquo;Mulish|600|||||||&raquo; button_icon_color=&raquo;#F9F9F9&#8243; animation_style=&raquo;zoom&raquo; animation_direction=&raquo;bottom&raquo; hover_enabled=&raquo;0&#8243; global_colors_info=&raquo;{}&raquo; locked=&raquo;off&raquo; _dynamic_attributes=&raquo;button_url&raquo; sticky_enabled=&raquo;0&#8243; url_new_window=&raquo;on&raquo; animation_intensity_zoom=&raquo;10%&raquo;][\/et_pb_button][\/et_pb_column][\/et_pb_row][\/et_pb_section][et_pb_section fb_built=&raquo;1&#8243; _builder_version=&raquo;4.16&#8243; _module_preset=&raquo;default&raquo; background_color=&raquo;#DE6449&#8243; global_colors_info=&raquo;{}&raquo;][et_pb_row _builder_version=&raquo;4.16&#8243; _module_preset=&raquo;default&raquo; global_colors_info=&raquo;{}&raquo;][et_pb_column type=&raquo;4_4&#8243; _builder_version=&raquo;4.16&#8243; _module_preset=&raquo;default&raquo; global_colors_info=&raquo;{}&raquo;][et_pb_text _builder_version=&raquo;4.16&#8243; _module_preset=&raquo;default&raquo; text_font=&raquo;Mulish||||||||&raquo; text_text_color=&raquo;#F9F9F9&#8243; text_font_size=&raquo;45px&raquo; global_colors_info=&raquo;{}&raquo; text_letter_spacing__hover_enabled=&raquo;on|desktop&raquo;]<\/p>\n<p style=\"text-align: center;\">VESSELS:<\/p>\n<p>[\/et_pb_text][\/et_pb_column][\/et_pb_row][\/et_pb_section][et_pb_section fb_built=&raquo;1&#8243; _builder_version=&raquo;4.16&#8243; _module_preset=&raquo;default&raquo; background_color=&raquo;#F9F9F9&#8243; custom_padding=&raquo;0px|||||&raquo; locked=&raquo;off&raquo; global_colors_info=&raquo;{}&raquo;][et_pb_row _builder_version=&raquo;4.16&#8243; _module_preset=&raquo;default&raquo; background_color=&raquo;#F9F9F9&#8243; custom_padding=&raquo;50px||||false|false&raquo; animation_style=&raquo;zoom&raquo; animation_intensity_zoom=&raquo;10%&raquo; global_colors_info=&raquo;{}&raquo;][et_pb_column type=&raquo;4_4&#8243; _builder_version=&raquo;4.16&#8243; _module_preset=&raquo;default&raquo; global_colors_info=&raquo;{}&raquo;][et_pb_text _builder_version=&raquo;4.16&#8243; _module_preset=&raquo;default&raquo; text_font=&raquo;Mulish|600|||||||&raquo; text_text_color=&raquo;#0A0000&#8243; text_font_size=&raquo;35px&raquo; global_colors_info=&raquo;{}&raquo;]<\/p>\n<p style=\"text-align: center;\">G\u00e5s\u00f8 H\u00f8vding<\/p>\n<p>[\/et_pb_text][\/et_pb_column][\/et_pb_row][et_pb_row column_structure=&raquo;1_2,1_2&#8243; _builder_version=&raquo;4.16&#8243; _module_preset=&raquo;default&raquo; background_color=&raquo;#F9F9F9&#8243; custom_padding=&raquo;||||false|false&raquo; global_colors_info=&raquo;{}&raquo;][et_pb_column type=&raquo;1_2&#8243; _builder_version=&raquo;4.16&#8243; _module_preset=&raquo;default&raquo; global_colors_info=&raquo;{}&raquo;][et_pb_image src=&raquo;https:\/\/moremaritime.no\/wp-content\/uploads\/2022\/03\/IMG_7194-EOS-R5-scaled.jpg&raquo; title_text=&raquo;IMG_7194 EOS R5&#8243; _builder_version=&raquo;4.16&#8243; _module_preset=&raquo;default&raquo; animation_style=&raquo;zoom&raquo; animation_delay=&raquo;100ms&raquo; animation_intensity_zoom=&raquo;10%&raquo; box_shadow_style=&raquo;preset1&#8243; global_colors_info=&raquo;{}&raquo;][\/et_pb_image][\/et_pb_column][et_pb_column type=&raquo;1_2&#8243; _builder_version=&raquo;4.16&#8243; _module_preset=&raquo;default&raquo; global_colors_info=&raquo;{}&raquo;][et_pb_image src=&raquo;https:\/\/moremaritime.no\/wp-content\/uploads\/2022\/03\/IMG_9406-EOS-R5-scaled.jpg&raquo; alt=&raquo;H\u00f8vding&raquo; title_text=&raquo;IMG_9406 EOS R5&#8243; _builder_version=&raquo;4.16.1&#8243; _module_preset=&raquo;default&raquo; animation_style=&raquo;zoom&raquo; animation_delay=&raquo;100ms&raquo; animation_intensity_zoom=&raquo;10%&raquo; box_shadow_style=&raquo;preset1&#8243; global_colors_info=&raquo;{}&raquo;][\/et_pb_image][\/et_pb_column][\/et_pb_row][et_pb_row _builder_version=&raquo;4.16&#8243; _module_preset=&raquo;default&raquo; background_color=&raquo;#F9F9F9&#8243; custom_padding=&raquo;||||false|false&raquo; global_colors_info=&raquo;{}&raquo;][et_pb_column type=&raquo;4_4&#8243; _builder_version=&raquo;4.16&#8243; _module_preset=&raquo;default&raquo; global_colors_info=&raquo;{}&raquo;][et_pb_button button_url=&raquo;https:\/\/moremaritime.no\/gaso-hovding\/&raquo; button_text=&raquo;Les mer&raquo; button_alignment=&raquo;center&raquo; _builder_version=&raquo;4.16&#8243; _module_preset=&raquo;default&raquo; custom_button=&raquo;on&raquo; button_text_size=&raquo;20px&raquo; button_text_color=&raquo;#F9F9F9&#8243; button_bg_color=&raquo;#DE6449&#8243; button_border_color=&raquo;#DE6449&#8243; button_border_radius=&raquo;32px&raquo; button_font=&raquo;Mulish|600|||||||&raquo; button_icon_color=&raquo;#F9F9F9&#8243; animation_style=&raquo;slide&raquo; animation_direction=&raquo;bottom&raquo; animation_delay=&raquo;200ms&raquo; animation_intensity_slide=&raquo;10%&raquo; global_colors_info=&raquo;{}&raquo;][\/et_pb_button][\/et_pb_column][\/et_pb_row][\/et_pb_section][et_pb_section fb_built=&raquo;1&#8243; _builder_version=&raquo;4.16&#8243; _module_preset=&raquo;default&raquo; background_color=&raquo;#DE6449&#8243; global_colors_info=&raquo;{}&raquo;][et_pb_row _builder_version=&raquo;4.16&#8243; _module_preset=&raquo;default&raquo; global_colors_info=&raquo;{}&raquo;][et_pb_column type=&raquo;4_4&#8243; _builder_version=&raquo;4.16&#8243; _module_preset=&raquo;default&raquo; global_colors_info=&raquo;{}&raquo;][\/et_pb_column][\/et_pb_row][\/et_pb_section]<\/p>","protected":false},"excerpt":{"rendered":"<p>MachoShip75MachoShip75 er konstruert med tre tanker med skyveskott og har muligheten til trykklossing. Med sin enorme kapasitet p\u00e5 7500m3 kan den laste 1000 tonn fisk i timen. Dette, sammen med sin gunstige lengde p\u00e5 83.7m, gj\u00f8r at den kan ligge komfortabelt ved og t\u00f8mme hele merden. Den h\u00f8ye lastekapasiteten bidrar positivt til fiskevelferd fordi operasjoner [&hellip;]<\/p>","protected":false},"author":5,"featured_media":0,"parent":0,"menu_order":0,"comment_status":"closed","ping_status":"closed","template":"","meta":{"_et_pb_use_builder":"on","_et_pb_old_content":"<!-- wp:divi\/placeholder \/-->","_et_gb_content_width":"","footnotes":""},"class_list":["post-1129","page","type-page","status-publish","hentry"],"yoast_head":"<!-- This site is optimized with the Yoast SEO plugin v27.3 - https:\/\/yoast.com\/product\/yoast-seo-wordpress\/ -->\n<title>MachoShip75 - M\u00f8re Maritime<\/title>\n<meta name=\"robots\" content=\"index, follow, max-snippet:-1, max-image-preview:large, max-video-preview:-1\" \/>\n<link rel=\"canonical\" href=\"https:\/\/moremaritime.no\/en\/machoship75\/\" \/>\n<meta property=\"og:locale\" content=\"en_US\" \/>\n<meta property=\"og:type\" content=\"article\" \/>\n<meta property=\"og:title\" content=\"MachoShip75 - M\u00f8re Maritime\" \/>\n<meta property=\"og:description\" content=\"MachoShip75MachoShip75 er konstruert med tre tanker med skyveskott og har muligheten til trykklossing. Med sin enorme kapasitet p\u00e5 7500m3 kan den laste 1000 tonn fisk i timen. Dette, sammen med sin gunstige lengde p\u00e5 83.7m, gj\u00f8r at den kan ligge komfortabelt ved og t\u00f8mme hele merden. Den h\u00f8ye lastekapasiteten bidrar positivt til fiskevelferd fordi operasjoner [&hellip;]\" \/>\n<meta property=\"og:url\" content=\"https:\/\/moremaritime.no\/en\/machoship75\/\" \/>\n<meta property=\"og:site_name\" content=\"M\u00f8re Maritime\" \/>\n<meta property=\"article:publisher\" content=\"https:\/\/www.facebook.com\/moremaritime\/\" \/>\n<meta property=\"article:modified_time\" content=\"2022-04-27T10:10:03+00:00\" \/>\n<meta name=\"twitter:card\" content=\"summary_large_image\" \/>\n<script type=\"application\/ld+json\" class=\"yoast-schema-graph\">{\"@context\":\"https:\\\/\\\/schema.org\",\"@graph\":[{\"@type\":\"WebPage\",\"@id\":\"https:\\\/\\\/moremaritime.no\\\/machoship75\\\/\",\"url\":\"https:\\\/\\\/moremaritime.no\\\/machoship75\\\/\",\"name\":\"MachoShip75 - M\u00f8re Maritime\",\"isPartOf\":{\"@id\":\"https:\\\/\\\/moremaritime.no\\\/#website\"},\"datePublished\":\"2022-03-25T12:52:45+00:00\",\"dateModified\":\"2022-04-27T10:10:03+00:00\",\"breadcrumb\":{\"@id\":\"https:\\\/\\\/moremaritime.no\\\/machoship75\\\/#breadcrumb\"},\"inLanguage\":\"en-US\",\"potentialAction\":[{\"@type\":\"ReadAction\",\"target\":[\"https:\\\/\\\/moremaritime.no\\\/machoship75\\\/\"]}]},{\"@type\":\"BreadcrumbList\",\"@id\":\"https:\\\/\\\/moremaritime.no\\\/machoship75\\\/#breadcrumb\",\"itemListElement\":[{\"@type\":\"ListItem\",\"position\":1,\"name\":\"Hjem\",\"item\":\"https:\\\/\\\/moremaritime.no\\\/\"},{\"@type\":\"ListItem\",\"position\":2,\"name\":\"MachoShip75\"}]},{\"@type\":\"WebSite\",\"@id\":\"https:\\\/\\\/moremaritime.no\\\/#website\",\"url\":\"https:\\\/\\\/moremaritime.no\\\/\",\"name\":\"M\u00f8re Maritime\",\"description\":\"Den nye generasjonen havbruksfart\u00f8y\",\"publisher\":{\"@id\":\"https:\\\/\\\/moremaritime.no\\\/#organization\"},\"potentialAction\":[{\"@type\":\"SearchAction\",\"target\":{\"@type\":\"EntryPoint\",\"urlTemplate\":\"https:\\\/\\\/moremaritime.no\\\/?s={search_term_string}\"},\"query-input\":{\"@type\":\"PropertyValueSpecification\",\"valueRequired\":true,\"valueName\":\"search_term_string\"}}],\"inLanguage\":\"en-US\"},{\"@type\":\"Organization\",\"@id\":\"https:\\\/\\\/moremaritime.no\\\/#organization\",\"name\":\"M\u00f8re Maritime\",\"url\":\"https:\\\/\\\/moremaritime.no\\\/\",\"logo\":{\"@type\":\"ImageObject\",\"inLanguage\":\"en-US\",\"@id\":\"https:\\\/\\\/moremaritime.no\\\/#\\\/schema\\\/logo\\\/image\\\/\",\"url\":\"https:\\\/\\\/moremaritime.no\\\/wp-content\\\/uploads\\\/2022\\\/03\\\/MM_logo_-03.png\",\"contentUrl\":\"https:\\\/\\\/moremaritime.no\\\/wp-content\\\/uploads\\\/2022\\\/03\\\/MM_logo_-03.png\",\"width\":3519,\"height\":683,\"caption\":\"M\u00f8re Maritime\"},\"image\":{\"@id\":\"https:\\\/\\\/moremaritime.no\\\/#\\\/schema\\\/logo\\\/image\\\/\"},\"sameAs\":[\"https:\\\/\\\/www.facebook.com\\\/moremaritime\\\/\"]}]}<\/script>\n<!-- \/ Yoast SEO plugin. -->","yoast_head_json":{"title":"MachoShip75 - M\u00f8re Maritime","robots":{"index":"index","follow":"follow","max-snippet":"max-snippet:-1","max-image-preview":"max-image-preview:large","max-video-preview":"max-video-preview:-1"},"canonical":"https:\/\/moremaritime.no\/en\/machoship75\/","og_locale":"en_US","og_type":"article","og_title":"MachoShip75 - M\u00f8re Maritime","og_description":"MachoShip75MachoShip75 er konstruert med tre tanker med skyveskott og har muligheten til trykklossing. Med sin enorme kapasitet p\u00e5 7500m3 kan den laste 1000 tonn fisk i timen. Dette, sammen med sin gunstige lengde p\u00e5 83.7m, gj\u00f8r at den kan ligge komfortabelt ved og t\u00f8mme hele merden. Den h\u00f8ye lastekapasiteten bidrar positivt til fiskevelferd fordi operasjoner [&hellip;]","og_url":"https:\/\/moremaritime.no\/en\/machoship75\/","og_site_name":"M\u00f8re Maritime","article_publisher":"https:\/\/www.facebook.com\/moremaritime\/","article_modified_time":"2022-04-27T10:10:03+00:00","twitter_card":"summary_large_image","schema":{"@context":"https:\/\/schema.org","@graph":[{"@type":"WebPage","@id":"https:\/\/moremaritime.no\/machoship75\/","url":"https:\/\/moremaritime.no\/machoship75\/","name":"MachoShip75 - M\u00f8re Maritime","isPartOf":{"@id":"https:\/\/moremaritime.no\/#website"},"datePublished":"2022-03-25T12:52:45+00:00","dateModified":"2022-04-27T10:10:03+00:00","breadcrumb":{"@id":"https:\/\/moremaritime.no\/machoship75\/#breadcrumb"},"inLanguage":"en-US","potentialAction":[{"@type":"ReadAction","target":["https:\/\/moremaritime.no\/machoship75\/"]}]},{"@type":"BreadcrumbList","@id":"https:\/\/moremaritime.no\/machoship75\/#breadcrumb","itemListElement":[{"@type":"ListItem","position":1,"name":"Hjem","item":"https:\/\/moremaritime.no\/"},{"@type":"ListItem","position":2,"name":"MachoShip75"}]},{"@type":"WebSite","@id":"https:\/\/moremaritime.no\/#website","url":"https:\/\/moremaritime.no\/","name":"M\u00f8re Maritime","description":"Den nye generasjonen havbruksfart\u00f8y","publisher":{"@id":"https:\/\/moremaritime.no\/#organization"},"potentialAction":[{"@type":"SearchAction","target":{"@type":"EntryPoint","urlTemplate":"https:\/\/moremaritime.no\/?s={search_term_string}"},"query-input":{"@type":"PropertyValueSpecification","valueRequired":true,"valueName":"search_term_string"}}],"inLanguage":"en-US"},{"@type":"Organization","@id":"https:\/\/moremaritime.no\/#organization","name":"M\u00f8re Maritime","url":"https:\/\/moremaritime.no\/","logo":{"@type":"ImageObject","inLanguage":"en-US","@id":"https:\/\/moremaritime.no\/#\/schema\/logo\/image\/","url":"https:\/\/moremaritime.no\/wp-content\/uploads\/2022\/03\/MM_logo_-03.png","contentUrl":"https:\/\/moremaritime.no\/wp-content\/uploads\/2022\/03\/MM_logo_-03.png","width":3519,"height":683,"caption":"M\u00f8re Maritime"},"image":{"@id":"https:\/\/moremaritime.no\/#\/schema\/logo\/image\/"},"sameAs":["https:\/\/www.facebook.com\/moremaritime\/"]}]}},"_links":{"self":[{"href":"https:\/\/moremaritime.no\/en\/wp-json\/wp\/v2\/pages\/1129","targetHints":{"allow":["GET"]}}],"collection":[{"href":"https:\/\/moremaritime.no\/en\/wp-json\/wp\/v2\/pages"}],"about":[{"href":"https:\/\/moremaritime.no\/en\/wp-json\/wp\/v2\/types\/page"}],"author":[{"embeddable":true,"href":"https:\/\/moremaritime.no\/en\/wp-json\/wp\/v2\/users\/5"}],"replies":[{"embeddable":true,"href":"https:\/\/moremaritime.no\/en\/wp-json\/wp\/v2\/comments?post=1129"}],"version-history":[{"count":25,"href":"https:\/\/moremaritime.no\/en\/wp-json\/wp\/v2\/pages\/1129\/revisions"}],"predecessor-version":[{"id":2484,"href":"https:\/\/moremaritime.no\/en\/wp-json\/wp\/v2\/pages\/1129\/revisions\/2484"}],"wp:attachment":[{"href":"https:\/\/moremaritime.no\/en\/wp-json\/wp\/v2\/media?parent=1129"}],"curies":[{"name":"wp","href":"https:\/\/api.w.org\/{rel}","templated":true}]}}