{"id":1137,"date":"2022-03-25T13:53:37","date_gmt":"2022-03-25T12:53:37","guid":{"rendered":"https:\/\/moremaritime.no\/?page_id=1137"},"modified":"2022-04-29T08:14:20","modified_gmt":"2022-04-29T06:14:20","slug":"macho36-apv","status":"publish","type":"page","link":"https:\/\/moremaritime.no\/en\/macho36-apv\/","title":{"rendered":"Macho36 APV"},"content":{"rendered":"<p>[et_pb_section fb_built=&raquo;1&#8243; _builder_version=&raquo;4.16&#8243; _module_preset=&raquo;default&raquo; background_color=&raquo;#F9F9F9&#8243; custom_padding=&raquo;||0px|||&raquo; locked=&raquo;off&raquo; global_colors_info=&raquo;{}&raquo;][et_pb_row _builder_version=&raquo;4.16&#8243; _module_preset=&raquo;default&raquo; animation_style=&raquo;zoom&raquo; animation_intensity_zoom=&raquo;10%&raquo; global_colors_info=&raquo;{}&raquo;][et_pb_column type=&raquo;4_4&#8243; _builder_version=&raquo;4.16&#8243; _module_preset=&raquo;default&raquo; global_colors_info=&raquo;{}&raquo;][et_pb_text _builder_version=&raquo;4.16&#8243; _module_preset=&raquo;default&raquo; text_font=&raquo;Mulish|700|||||||&raquo; text_text_color=&raquo;#0A0000&#8243; text_font_size=&raquo;45px&raquo; global_colors_info=&raquo;{}&raquo;]<\/p>\n<p style=\"text-align: center;\">Macho36 APV<\/p>\n<p>[\/et_pb_text][\/et_pb_column][\/et_pb_row][\/et_pb_section][et_pb_section fb_built=&raquo;1&#8243; _builder_version=&raquo;4.16&#8243; _module_preset=&raquo;default&raquo; background_color=&raquo;#F9F9F9&#8243; custom_padding=&raquo;0px|||||&raquo; locked=&raquo;off&raquo; global_colors_info=&raquo;{}&raquo;][et_pb_row column_structure=&raquo;1_2,1_2&#8243; _builder_version=&raquo;4.16&#8243; _module_preset=&raquo;default&raquo; animation_style=&raquo;zoom&raquo; animation_delay=&raquo;100ms&raquo; animation_intensity_zoom=&raquo;10%&raquo; global_colors_info=&raquo;{}&raquo;][et_pb_column type=&raquo;1_2&#8243; _builder_version=&raquo;4.16&#8243; _module_preset=&raquo;default&raquo; global_colors_info=&raquo;{}&raquo;][et_pb_image src=&raquo;https:\/\/moremaritime.no\/wp-content\/uploads\/2015\/06\/debruyns8.jpg&raquo; title_text=&raquo;debruyns8&#8243; _builder_version=&raquo;4.16&#8243; _module_preset=&raquo;default&raquo; custom_padding=&raquo;21px|||||&raquo; box_shadow_style=&raquo;preset1&#8243; global_colors_info=&raquo;{}&raquo;][\/et_pb_image][\/et_pb_column][et_pb_column type=&raquo;1_2&#8243; _builder_version=&raquo;4.16&#8243; _module_preset=&raquo;default&raquo; global_colors_info=&raquo;{}&raquo;][et_pb_image src=&raquo;https:\/\/moremaritime.no\/wp-content\/uploads\/2016\/07\/2015.png&raquo; title_text=&raquo;2015&#8243; _builder_version=&raquo;4.16&#8243; _module_preset=&raquo;default&raquo; box_shadow_style=&raquo;preset1&#8243; global_colors_info=&raquo;{}&raquo;][\/et_pb_image][\/et_pb_column][\/et_pb_row][\/et_pb_section][et_pb_section fb_built=&raquo;1&#8243; _builder_version=&raquo;4.16&#8243; _module_preset=&raquo;default&raquo; background_color=&raquo;#DE6449&#8243; locked=&raquo;off&raquo; global_colors_info=&raquo;{}&raquo;][et_pb_row column_structure=&raquo;1_3,1_3,1_3&#8243; admin_label=&raquo;row&raquo; _builder_version=&raquo;4.16&#8243; background_size=&raquo;initial&raquo; background_position=&raquo;top_left&raquo; background_repeat=&raquo;repeat&raquo; locked=&raquo;off&raquo; global_colors_info=&raquo;{}&raquo;][et_pb_column type=&raquo;1_3&#8243; _builder_version=&raquo;4.16&#8243; custom_padding=&raquo;|||&raquo; global_colors_info=&raquo;{}&raquo; custom_padding__hover=&raquo;|||&raquo;][et_pb_number_counter title=&raquo;Lengde %91m%93&#8243; number=&raquo;36&#8243; percent_sign=&raquo;off&raquo; counter_color=&raquo;#003976&#8243; _builder_version=&raquo;4.16&#8243; title_font=&raquo;Mulish|300|||||||&raquo; title_text_color=&raquo;#F9F9F9&#8243; number_font=&raquo;Mulish||||||||&raquo; number_text_color=&raquo;#F9F9F9&#8243; background_size=&raquo;initial&raquo; background_position=&raquo;top_left&raquo; background_repeat=&raquo;repeat&raquo; use_border_color=&raquo;off&raquo; border_color=&raquo;#ffffff&raquo; border_style=&raquo;solid&raquo; global_colors_info=&raquo;{}&raquo;][\/et_pb_number_counter][et_pb_number_counter title=&raquo;Servicefart %91knop%93&#8243; number=&raquo;11&#8243; percent_sign=&raquo;off&raquo; counter_color=&raquo;#003976&#8243; _builder_version=&raquo;4.16&#8243; title_font=&raquo;Mulish|300|||||||&raquo; title_text_color=&raquo;#F9F9F9&#8243; number_font=&raquo;Mulish||||||||&raquo; number_text_color=&raquo;#F9F9F9&#8243; background_size=&raquo;initial&raquo; background_position=&raquo;top_left&raquo; background_repeat=&raquo;repeat&raquo; use_border_color=&raquo;off&raquo; border_color=&raquo;#ffffff&raquo; border_style=&raquo;solid&raquo; global_colors_info=&raquo;{}&raquo;][\/et_pb_number_counter][\/et_pb_column][et_pb_column type=&raquo;1_3&#8243; _builder_version=&raquo;4.16&#8243; custom_padding=&raquo;|||&raquo; global_colors_info=&raquo;{}&raquo; custom_padding__hover=&raquo;|||&raquo;][et_pb_number_counter title=&raquo;Bredde %91m%93&#8243; number=&raquo;12&#8243; percent_sign=&raquo;off&raquo; _builder_version=&raquo;4.16&#8243; title_font=&raquo;Mulish|300|||||||&raquo; title_text_color=&raquo;#F9F9F9&#8243; number_font=&raquo;Mulish||||||||&raquo; number_text_color=&raquo;#F9F9F9&#8243; background_size=&raquo;initial&raquo; background_position=&raquo;top_left&raquo; background_repeat=&raquo;repeat&raquo; use_border_color=&raquo;off&raquo; border_color=&raquo;#ffffff&raquo; border_style=&raquo;solid&raquo; global_colors_info=&raquo;{}&raquo;][\/et_pb_number_counter][et_pb_number_counter title=&raquo;Dypgang max %91m%93&#8243; number=&raquo;3.6&#8243; percent_sign=&raquo;off&raquo; counter_color=&raquo;#003976&#8243; _builder_version=&raquo;4.16&#8243; title_font=&raquo;Mulish|300|||||||&raquo; title_text_color=&raquo;#F9F9F9&#8243; number_font=&raquo;Mulish||||||||&raquo; number_text_color=&raquo;#F9F9F9&#8243; background_size=&raquo;initial&raquo; background_position=&raquo;top_left&raquo; background_repeat=&raquo;repeat&raquo; use_border_color=&raquo;off&raquo; border_color=&raquo;#ffffff&raquo; border_style=&raquo;solid&raquo; global_colors_info=&raquo;{}&raquo;][\/et_pb_number_counter][\/et_pb_column][et_pb_column type=&raquo;1_3&#8243; _builder_version=&raquo;4.16&#8243; custom_padding=&raquo;|||&raquo; global_colors_info=&raquo;{}&raquo; custom_padding__hover=&raquo;|||&raquo;][et_pb_number_counter title=&raquo;Lastekapasitet RSW-tanker %91m3%93&#8243; number=&raquo;300&#8243; percent_sign=&raquo;off&raquo; counter_color=&raquo;#003976&#8243; _builder_version=&raquo;4.16&#8243; title_font=&raquo;Mulish|300|||||||&raquo; title_text_color=&raquo;#F9F9F9&#8243; number_font=&raquo;Mulish||||||||&raquo; number_text_color=&raquo;#F9F9F9&#8243; background_size=&raquo;initial&raquo; background_position=&raquo;top_left&raquo; background_repeat=&raquo;repeat&raquo; use_border_color=&raquo;off&raquo; border_color=&raquo;#ffffff&raquo; border_style=&raquo;solid&raquo; global_colors_info=&raquo;{}&raquo;][\/et_pb_number_counter][et_pb_number_counter title=&raquo;Slaktekapasitet %91tonn\/time%93&#8243; number=&raquo;60&#8243; percent_sign=&raquo;off&raquo; counter_color=&raquo;#003976&#8243; _builder_version=&raquo;4.16&#8243; title_font=&raquo;Mulish|300|||||||&raquo; title_text_color=&raquo;#F9F9F9&#8243; number_font=&raquo;Mulish||||||||&raquo; number_text_color=&raquo;#F9F9F9&#8243; background_size=&raquo;initial&raquo; background_position=&raquo;top_left&raquo; background_repeat=&raquo;repeat&raquo; use_border_color=&raquo;off&raquo; border_color=&raquo;#ffffff&raquo; border_style=&raquo;solid&raquo; locked=&raquo;off&raquo; global_colors_info=&raquo;{}&raquo;][\/et_pb_number_counter][\/et_pb_column][\/et_pb_row][\/et_pb_section][et_pb_section fb_built=&raquo;1&#8243; _builder_version=&raquo;4.16&#8243; _module_preset=&raquo;default&raquo; background_color=&raquo;#F9F9F9&#8243; locked=&raquo;off&raquo; global_colors_info=&raquo;{}&raquo;][et_pb_row column_structure=&raquo;1_2,1_2&#8243; _builder_version=&raquo;4.16&#8243; _module_preset=&raquo;default&raquo; custom_margin=&raquo;-3px|auto||auto||&raquo; custom_padding=&raquo;||0px|||&raquo; global_colors_info=&raquo;{}&raquo;][et_pb_column type=&raquo;1_2&#8243; _builder_version=&raquo;4.16&#8243; _module_preset=&raquo;default&raquo; global_colors_info=&raquo;{}&raquo;][et_pb_icon font_icon=&raquo;&#xf578;||fa||900&#8243; icon_color=&raquo;#DE6449&#8243; _builder_version=&raquo;4.16&#8243; _module_preset=&raquo;default&raquo; animation_style=&raquo;zoom&raquo; animation_intensity_zoom=&raquo;10%&raquo; global_colors_info=&raquo;{}&raquo;][\/et_pb_icon][et_pb_text _builder_version=&raquo;4.16&#8243; _module_preset=&raquo;default&raquo; text_font=&raquo;Mulish|600|||||||&raquo; text_text_color=&raquo;#0A0000&#8243; animation_style=&raquo;slide&raquo; animation_direction=&raquo;bottom&raquo; animation_intensity_slide=&raquo;10%&raquo; global_colors_info=&raquo;{}&raquo;]<\/p>\n<p style=\"text-align: left;\">The design has a stun and bleed capacity of 60 tons per hour, and it can transport a total of 220 tons of fish. Macho36 APV therefore brings the fish faster from fish farm to market. This reduces the number of trucks on the roads, which is a win for the environment.<\/p>\n<p style=\"text-align: left;\">The vessel can be outfitted with automated lines for stun and bleed as well as four pre-cooled RSW tanks with a volume of 330 m3.<\/p>\n<p style=\"text-align: left;\">Vacuum pumps ensure gentle loading and unloading.<\/p>\n<p style=\"text-align: center;\">\n<p>[\/et_pb_text][\/et_pb_column][et_pb_column type=&raquo;1_2&#8243; _builder_version=&raquo;4.16&#8243; _module_preset=&raquo;default&raquo; global_colors_info=&raquo;{}&raquo;][et_pb_icon font_icon=&raquo;&#xf21a;||fa||900&#8243; icon_color=&raquo;#DE6449&#8243; _builder_version=&raquo;4.16&#8243; _module_preset=&raquo;default&raquo; animation_style=&raquo;zoom&raquo; animation_delay=&raquo;100ms&raquo; animation_intensity_zoom=&raquo;10%&raquo; global_colors_info=&raquo;{}&raquo;][\/et_pb_icon][et_pb_text _builder_version=&raquo;4.16&#8243; _module_preset=&raquo;default&raquo; text_font=&raquo;Mulish|600|||||||&raquo; text_text_color=&raquo;#0A0000&#8243; animation_style=&raquo;slide&raquo; animation_direction=&raquo;bottom&raquo; animation_delay=&raquo;100ms&raquo; animation_intensity_slide=&raquo;10%&raquo; locked=&raquo;off&raquo; global_colors_info=&raquo;{}&raquo;]<\/p>\n<p style=\"text-align: left;\">The hull is well-refined and ensures low fuel consumption. With the addition of blood water collection facilities, it is safe to say that the vessel has a green environmental profile.<\/p>\n<p style=\"text-align: left;\">This design can be equipped with various engine  sizes, including a sub-1000 hp one which avoids the need for an engineer.<\/p>\n<p style=\"text-align: left;\">The design has the same tough looks as our other designs, and a large work deck which ensures a safe workspace with clear view of the operations.<\/p>\n<p style=\"text-align: center;\">\n<p>[\/et_pb_text][\/et_pb_column][\/et_pb_row][\/et_pb_section][et_pb_section fb_built=&raquo;1&#8243; _builder_version=&raquo;4.16&#8243; _module_preset=&raquo;default&raquo; background_color=&raquo;#DE6449&#8243; locked=&raquo;off&raquo; global_colors_info=&raquo;{}&raquo;][et_pb_row _builder_version=&raquo;4.16&#8243; _module_preset=&raquo;default&raquo; global_colors_info=&raquo;{}&raquo;][et_pb_column type=&raquo;4_4&#8243; _builder_version=&raquo;4.16&#8243; _module_preset=&raquo;default&raquo; global_colors_info=&raquo;{}&raquo;][et_pb_text _builder_version=&raquo;4.16&#8243; _module_preset=&raquo;default&raquo; text_font=&raquo;Mulish||||||||&raquo; text_text_color=&raquo;#F9F9F9&#8243; text_font_size=&raquo;45px&raquo; global_colors_info=&raquo;{}&raquo; text_letter_spacing__hover_enabled=&raquo;on|desktop&raquo;]<\/p>\n<p style=\"text-align: center;\">VESSELS:<\/p>\n<p>[\/et_pb_text][\/et_pb_column][\/et_pb_row][\/et_pb_section][et_pb_section fb_built=&raquo;1&#8243; _builder_version=&raquo;4.16&#8243; _module_preset=&raquo;default&raquo; background_color=&raquo;#F9F9F9&#8243; custom_padding=&raquo;0px|||||&raquo; locked=&raquo;off&raquo; global_colors_info=&raquo;{}&raquo;][et_pb_row _builder_version=&raquo;4.16&#8243; _module_preset=&raquo;default&raquo; background_color=&raquo;#F9F9F9&#8243; custom_padding=&raquo;50px||||false|false&raquo; animation_style=&raquo;zoom&raquo; animation_intensity_zoom=&raquo;10%&raquo; global_colors_info=&raquo;{}&raquo;][et_pb_column type=&raquo;4_4&#8243; _builder_version=&raquo;4.16&#8243; _module_preset=&raquo;default&raquo; global_colors_info=&raquo;{}&raquo;][et_pb_text _builder_version=&raquo;4.16&#8243; _module_preset=&raquo;default&raquo; text_font=&raquo;Mulish|600|||||||&raquo; text_font_size=&raquo;35px&raquo; link_option_url=&raquo;https:\/\/moremaritime.no\/fartoy\/gaasoe-viking\/&raquo; global_colors_info=&raquo;{}&raquo;]<\/p>\n<p style=\"text-align: center;\">Emmanuel<\/p>\n<p>[\/et_pb_text][\/et_pb_column][\/et_pb_row][et_pb_row column_structure=&raquo;1_2,1_2&#8243; _builder_version=&raquo;4.16&#8243; _module_preset=&raquo;default&raquo; background_color=&raquo;#F9F9F9&#8243; custom_padding=&raquo;||||false|false&raquo; animation_style=&raquo;zoom&raquo; animation_delay=&raquo;100ms&raquo; animation_intensity_zoom=&raquo;10%&raquo; global_colors_info=&raquo;{}&raquo;][et_pb_column type=&raquo;1_2&#8243; _builder_version=&raquo;4.16&#8243; _module_preset=&raquo;default&raquo; global_colors_info=&raquo;{}&raquo;][et_pb_image src=&raquo;https:\/\/moremaritime.no\/wp-content\/uploads\/2018\/06\/02-08.jpg&raquo; title_text=&raquo;02-08&#8243; _builder_version=&raquo;4.16&#8243; _module_preset=&raquo;default&raquo; box_shadow_style=&raquo;preset1&#8243; global_colors_info=&raquo;{}&raquo;][\/et_pb_image][\/et_pb_column][et_pb_column type=&raquo;1_2&#8243; _builder_version=&raquo;4.16&#8243; _module_preset=&raquo;default&raquo; global_colors_info=&raquo;{}&raquo;][et_pb_image src=&raquo;https:\/\/moremaritime.no\/wp-content\/uploads\/2017\/10\/Emmanuel_05.jpg&raquo; title_text=&raquo;Emmanuel_05&#8243; _builder_version=&raquo;4.16&#8243; _module_preset=&raquo;default&raquo; box_shadow_style=&raquo;preset1&#8243; global_colors_info=&raquo;{}&raquo;][\/et_pb_image][\/et_pb_column][\/et_pb_row][et_pb_row _builder_version=&raquo;4.16&#8243; _module_preset=&raquo;default&raquo; background_color=&raquo;#F9F9F9&#8243; custom_padding=&raquo;||||false|false&raquo; animation_style=&raquo;slide&raquo; animation_direction=&raquo;bottom&raquo; animation_delay=&raquo;200ms&raquo; animation_intensity_slide=&raquo;10%&raquo; global_colors_info=&raquo;{}&raquo;][et_pb_column type=&raquo;4_4&#8243; _builder_version=&raquo;4.16&#8243; _module_preset=&raquo;default&raquo; global_colors_info=&raquo;{}&raquo;][et_pb_button button_url=&raquo;https:\/\/moremaritime.no\/emmanuel\/&raquo; button_text=&raquo;Les mer&raquo; button_alignment=&raquo;center&raquo; _builder_version=&raquo;4.16&#8243; _module_preset=&raquo;default&raquo; custom_button=&raquo;on&raquo; button_text_size=&raquo;20px&raquo; button_text_color=&raquo;#F9F9F9&#8243; button_bg_color=&raquo;#DE6449&#8243; button_border_color=&raquo;#DE6449&#8243; button_border_radius=&raquo;32px&raquo; button_font=&raquo;Mulish|600|||||||&raquo; button_icon_color=&raquo;#F9F9F9&#8243; global_colors_info=&raquo;{}&raquo;][\/et_pb_button][\/et_pb_column][\/et_pb_row][\/et_pb_section][et_pb_section fb_built=&raquo;1&#8243; _builder_version=&raquo;4.16&#8243; _module_preset=&raquo;default&raquo; background_color=&raquo;#DE6449&#8243; global_colors_info=&raquo;{}&raquo;][et_pb_row _builder_version=&raquo;4.16&#8243; _module_preset=&raquo;default&raquo; global_colors_info=&raquo;{}&raquo;][et_pb_column type=&raquo;4_4&#8243; _builder_version=&raquo;4.16&#8243; _module_preset=&raquo;default&raquo; global_colors_info=&raquo;{}&raquo;][\/et_pb_column][\/et_pb_row][\/et_pb_section]<\/p>","protected":false},"excerpt":{"rendered":"<p>Macho36 APVDesignet har en slaktekapasitet p\u00e5 60 tonn i timen, og det kan frakte totalt 220 tonn fisk. Macho36 APV bringer derfor fisken raskere fra merd til marked. Dette reduserer antall lastebiler p\u00e5 veiene, og er dermed en seier for milj\u00f8et. Om bord kan det utrustes med automatiserte linjer for avliving, bl\u00f8gging og utbl\u00f8ding, samt [&hellip;]<\/p>","protected":false},"author":5,"featured_media":0,"parent":0,"menu_order":0,"comment_status":"closed","ping_status":"closed","template":"","meta":{"_et_pb_use_builder":"on","_et_pb_old_content":"<!-- wp:divi\/placeholder \/-->","_et_gb_content_width":"","footnotes":""},"class_list":["post-1137","page","type-page","status-publish","hentry"],"yoast_head":"<!-- This site is optimized with the Yoast SEO plugin v27.3 - https:\/\/yoast.com\/product\/yoast-seo-wordpress\/ -->\n<title>Macho36 APV - M\u00f8re Maritime<\/title>\n<meta name=\"robots\" content=\"index, follow, max-snippet:-1, max-image-preview:large, max-video-preview:-1\" \/>\n<link rel=\"canonical\" href=\"https:\/\/moremaritime.no\/en\/macho36-apv\/\" \/>\n<meta property=\"og:locale\" content=\"en_US\" \/>\n<meta property=\"og:type\" content=\"article\" \/>\n<meta property=\"og:title\" content=\"Macho36 APV - M\u00f8re Maritime\" \/>\n<meta property=\"og:description\" content=\"Macho36 APVDesignet har en slaktekapasitet p\u00e5 60 tonn i timen, og det kan frakte totalt 220 tonn fisk. Macho36 APV bringer derfor fisken raskere fra merd til marked. Dette reduserer antall lastebiler p\u00e5 veiene, og er dermed en seier for milj\u00f8et. Om bord kan det utrustes med automatiserte linjer for avliving, bl\u00f8gging og utbl\u00f8ding, samt [&hellip;]\" \/>\n<meta property=\"og:url\" content=\"https:\/\/moremaritime.no\/en\/macho36-apv\/\" \/>\n<meta property=\"og:site_name\" content=\"M\u00f8re Maritime\" \/>\n<meta property=\"article:publisher\" content=\"https:\/\/www.facebook.com\/moremaritime\/\" \/>\n<meta property=\"article:modified_time\" content=\"2022-04-29T06:14:20+00:00\" \/>\n<meta name=\"twitter:card\" content=\"summary_large_image\" \/>\n<script type=\"application\/ld+json\" class=\"yoast-schema-graph\">{\"@context\":\"https:\\\/\\\/schema.org\",\"@graph\":[{\"@type\":\"WebPage\",\"@id\":\"https:\\\/\\\/moremaritime.no\\\/macho36-apv\\\/\",\"url\":\"https:\\\/\\\/moremaritime.no\\\/macho36-apv\\\/\",\"name\":\"Macho36 APV - M\u00f8re Maritime\",\"isPartOf\":{\"@id\":\"https:\\\/\\\/moremaritime.no\\\/#website\"},\"datePublished\":\"2022-03-25T12:53:37+00:00\",\"dateModified\":\"2022-04-29T06:14:20+00:00\",\"breadcrumb\":{\"@id\":\"https:\\\/\\\/moremaritime.no\\\/macho36-apv\\\/#breadcrumb\"},\"inLanguage\":\"en-US\",\"potentialAction\":[{\"@type\":\"ReadAction\",\"target\":[\"https:\\\/\\\/moremaritime.no\\\/macho36-apv\\\/\"]}]},{\"@type\":\"BreadcrumbList\",\"@id\":\"https:\\\/\\\/moremaritime.no\\\/macho36-apv\\\/#breadcrumb\",\"itemListElement\":[{\"@type\":\"ListItem\",\"position\":1,\"name\":\"Hjem\",\"item\":\"https:\\\/\\\/moremaritime.no\\\/\"},{\"@type\":\"ListItem\",\"position\":2,\"name\":\"Macho36 APV\"}]},{\"@type\":\"WebSite\",\"@id\":\"https:\\\/\\\/moremaritime.no\\\/#website\",\"url\":\"https:\\\/\\\/moremaritime.no\\\/\",\"name\":\"M\u00f8re Maritime\",\"description\":\"Den nye generasjonen havbruksfart\u00f8y\",\"publisher\":{\"@id\":\"https:\\\/\\\/moremaritime.no\\\/#organization\"},\"potentialAction\":[{\"@type\":\"SearchAction\",\"target\":{\"@type\":\"EntryPoint\",\"urlTemplate\":\"https:\\\/\\\/moremaritime.no\\\/?s={search_term_string}\"},\"query-input\":{\"@type\":\"PropertyValueSpecification\",\"valueRequired\":true,\"valueName\":\"search_term_string\"}}],\"inLanguage\":\"en-US\"},{\"@type\":\"Organization\",\"@id\":\"https:\\\/\\\/moremaritime.no\\\/#organization\",\"name\":\"M\u00f8re Maritime\",\"url\":\"https:\\\/\\\/moremaritime.no\\\/\",\"logo\":{\"@type\":\"ImageObject\",\"inLanguage\":\"en-US\",\"@id\":\"https:\\\/\\\/moremaritime.no\\\/#\\\/schema\\\/logo\\\/image\\\/\",\"url\":\"https:\\\/\\\/moremaritime.no\\\/wp-content\\\/uploads\\\/2022\\\/03\\\/MM_logo_-03.png\",\"contentUrl\":\"https:\\\/\\\/moremaritime.no\\\/wp-content\\\/uploads\\\/2022\\\/03\\\/MM_logo_-03.png\",\"width\":3519,\"height\":683,\"caption\":\"M\u00f8re Maritime\"},\"image\":{\"@id\":\"https:\\\/\\\/moremaritime.no\\\/#\\\/schema\\\/logo\\\/image\\\/\"},\"sameAs\":[\"https:\\\/\\\/www.facebook.com\\\/moremaritime\\\/\"]}]}<\/script>\n<!-- \/ Yoast SEO plugin. -->","yoast_head_json":{"title":"Macho36 APV - M\u00f8re Maritime","robots":{"index":"index","follow":"follow","max-snippet":"max-snippet:-1","max-image-preview":"max-image-preview:large","max-video-preview":"max-video-preview:-1"},"canonical":"https:\/\/moremaritime.no\/en\/macho36-apv\/","og_locale":"en_US","og_type":"article","og_title":"Macho36 APV - M\u00f8re Maritime","og_description":"Macho36 APVDesignet har en slaktekapasitet p\u00e5 60 tonn i timen, og det kan frakte totalt 220 tonn fisk. Macho36 APV bringer derfor fisken raskere fra merd til marked. Dette reduserer antall lastebiler p\u00e5 veiene, og er dermed en seier for milj\u00f8et. Om bord kan det utrustes med automatiserte linjer for avliving, bl\u00f8gging og utbl\u00f8ding, samt [&hellip;]","og_url":"https:\/\/moremaritime.no\/en\/macho36-apv\/","og_site_name":"M\u00f8re Maritime","article_publisher":"https:\/\/www.facebook.com\/moremaritime\/","article_modified_time":"2022-04-29T06:14:20+00:00","twitter_card":"summary_large_image","schema":{"@context":"https:\/\/schema.org","@graph":[{"@type":"WebPage","@id":"https:\/\/moremaritime.no\/macho36-apv\/","url":"https:\/\/moremaritime.no\/macho36-apv\/","name":"Macho36 APV - M\u00f8re Maritime","isPartOf":{"@id":"https:\/\/moremaritime.no\/#website"},"datePublished":"2022-03-25T12:53:37+00:00","dateModified":"2022-04-29T06:14:20+00:00","breadcrumb":{"@id":"https:\/\/moremaritime.no\/macho36-apv\/#breadcrumb"},"inLanguage":"en-US","potentialAction":[{"@type":"ReadAction","target":["https:\/\/moremaritime.no\/macho36-apv\/"]}]},{"@type":"BreadcrumbList","@id":"https:\/\/moremaritime.no\/macho36-apv\/#breadcrumb","itemListElement":[{"@type":"ListItem","position":1,"name":"Hjem","item":"https:\/\/moremaritime.no\/"},{"@type":"ListItem","position":2,"name":"Macho36 APV"}]},{"@type":"WebSite","@id":"https:\/\/moremaritime.no\/#website","url":"https:\/\/moremaritime.no\/","name":"M\u00f8re Maritime","description":"Den nye generasjonen havbruksfart\u00f8y","publisher":{"@id":"https:\/\/moremaritime.no\/#organization"},"potentialAction":[{"@type":"SearchAction","target":{"@type":"EntryPoint","urlTemplate":"https:\/\/moremaritime.no\/?s={search_term_string}"},"query-input":{"@type":"PropertyValueSpecification","valueRequired":true,"valueName":"search_term_string"}}],"inLanguage":"en-US"},{"@type":"Organization","@id":"https:\/\/moremaritime.no\/#organization","name":"M\u00f8re Maritime","url":"https:\/\/moremaritime.no\/","logo":{"@type":"ImageObject","inLanguage":"en-US","@id":"https:\/\/moremaritime.no\/#\/schema\/logo\/image\/","url":"https:\/\/moremaritime.no\/wp-content\/uploads\/2022\/03\/MM_logo_-03.png","contentUrl":"https:\/\/moremaritime.no\/wp-content\/uploads\/2022\/03\/MM_logo_-03.png","width":3519,"height":683,"caption":"M\u00f8re Maritime"},"image":{"@id":"https:\/\/moremaritime.no\/#\/schema\/logo\/image\/"},"sameAs":["https:\/\/www.facebook.com\/moremaritime\/"]}]}},"_links":{"self":[{"href":"https:\/\/moremaritime.no\/en\/wp-json\/wp\/v2\/pages\/1137","targetHints":{"allow":["GET"]}}],"collection":[{"href":"https:\/\/moremaritime.no\/en\/wp-json\/wp\/v2\/pages"}],"about":[{"href":"https:\/\/moremaritime.no\/en\/wp-json\/wp\/v2\/types\/page"}],"author":[{"embeddable":true,"href":"https:\/\/moremaritime.no\/en\/wp-json\/wp\/v2\/users\/5"}],"replies":[{"embeddable":true,"href":"https:\/\/moremaritime.no\/en\/wp-json\/wp\/v2\/comments?post=1137"}],"version-history":[{"count":9,"href":"https:\/\/moremaritime.no\/en\/wp-json\/wp\/v2\/pages\/1137\/revisions"}],"predecessor-version":[{"id":2575,"href":"https:\/\/moremaritime.no\/en\/wp-json\/wp\/v2\/pages\/1137\/revisions\/2575"}],"wp:attachment":[{"href":"https:\/\/moremaritime.no\/en\/wp-json\/wp\/v2\/media?parent=1137"}],"curies":[{"name":"wp","href":"https:\/\/api.w.org\/{rel}","templated":true}]}}