{"id":1359,"date":"2022-03-29T14:40:21","date_gmt":"2022-03-29T12:40:21","guid":{"rendered":"https:\/\/moremaritime.no\/?page_id=1359"},"modified":"2023-08-23T14:19:13","modified_gmt":"2023-08-23T12:19:13","slug":"nova-master","status":"publish","type":"page","link":"https:\/\/moremaritime.no\/en\/nova-master\/","title":{"rendered":"Nova Master"},"content":{"rendered":"<p>[et_pb_section fb_built=&raquo;1&#8243; fullwidth=&raquo;on&raquo; _builder_version=&raquo;4.16&#8243; animation_style=&raquo;zoom&raquo; animation_intensity_zoom=&raquo;5%&raquo; locked=&raquo;off&raquo; global_colors_info=&raquo;{}&raquo;][et_pb_fullwidth_slider _builder_version=&raquo;4.16&#8243; content_width=&raquo;100%&raquo; min_height=&raquo;829.9px&raquo; custom_padding=&raquo;|||&raquo; custom_padding_tablet=&raquo;|||&raquo; custom_padding_phone=&raquo;|||&raquo; box_shadow_style=&raquo;preset6&#8243; box_shadow_blur=&raquo;10px&raquo; box_shadow_color=&raquo;rgba(0,0,0,0.1)&raquo; remove_inner_shadow=&raquo;off&raquo; hide_content_on_mobile=&raquo;off&raquo; hide_cta_on_mobile=&raquo;off&raquo; show_inner_shadow=&raquo;on&raquo; button_letter_spacing_hover=&raquo;0&#8243; global_colors_info=&raquo;{}&raquo; button_text_size__hover_enabled=&raquo;off&raquo; button_one_text_size__hover_enabled=&raquo;off&raquo; button_two_text_size__hover_enabled=&raquo;off&raquo; button_text_color__hover_enabled=&raquo;off&raquo; button_one_text_color__hover_enabled=&raquo;off&raquo; button_two_text_color__hover_enabled=&raquo;off&raquo; button_border_width__hover_enabled=&raquo;off&raquo; button_one_border_width__hover_enabled=&raquo;off&raquo; button_two_border_width__hover_enabled=&raquo;off&raquo; button_border_color__hover_enabled=&raquo;off&raquo; button_one_border_color__hover_enabled=&raquo;off&raquo; button_two_border_color__hover_enabled=&raquo;off&raquo; button_border_radius__hover_enabled=&raquo;off&raquo; button_one_border_radius__hover_enabled=&raquo;off&raquo; button_two_border_radius__hover_enabled=&raquo;off&raquo; button_letter_spacing__hover_enabled=&raquo;on&raquo; button_letter_spacing__hover=&raquo;0&#8243; button_one_letter_spacing__hover_enabled=&raquo;off&raquo; button_two_letter_spacing__hover_enabled=&raquo;off&raquo; button_bg_color__hover_enabled=&raquo;off&raquo; button_one_bg_color__hover_enabled=&raquo;off&raquo; button_two_bg_color__hover_enabled=&raquo;off&raquo;][et_pb_slide use_bg_overlay=&raquo;off&raquo; use_text_overlay=&raquo;off&raquo; _builder_version=&raquo;4.16&#8243; header_font=&raquo;||||&raquo; body_font=&raquo;||||&raquo; background_color=&raquo;#ffffff&raquo; background_image=&raquo;https:\/\/moremaritime.no\/wp-content\/uploads\/2022\/03\/IMG_1703-scaled.jpg&raquo; background_enable_image=&raquo;on&raquo; button_icon_placement=&raquo;right&raquo; button_on_hover=&raquo;on&raquo; custom_css_main_element=&raquo;height: 450px;&raquo; global_colors_info=&raquo;{}&raquo; button_text_size__hover_enabled=&raquo;off&raquo; button_one_text_size__hover_enabled=&raquo;off&raquo; button_two_text_size__hover_enabled=&raquo;off&raquo; button_text_color__hover_enabled=&raquo;off&raquo; button_one_text_color__hover_enabled=&raquo;off&raquo; button_two_text_color__hover_enabled=&raquo;off&raquo; button_border_width__hover_enabled=&raquo;off&raquo; button_one_border_width__hover_enabled=&raquo;off&raquo; button_two_border_width__hover_enabled=&raquo;off&raquo; button_border_color__hover_enabled=&raquo;off&raquo; button_one_border_color__hover_enabled=&raquo;off&raquo; button_two_border_color__hover_enabled=&raquo;off&raquo; button_border_radius__hover_enabled=&raquo;off&raquo; button_one_border_radius__hover_enabled=&raquo;off&raquo; button_two_border_radius__hover_enabled=&raquo;off&raquo; button_letter_spacing__hover_enabled=&raquo;off&raquo; button_one_letter_spacing__hover_enabled=&raquo;off&raquo; button_two_letter_spacing__hover_enabled=&raquo;off&raquo; button_bg_color__hover_enabled=&raquo;off&raquo; button_one_bg_color__hover_enabled=&raquo;off&raquo; button_two_bg_color__hover_enabled=&raquo;off&raquo; sticky_transition=&raquo;on&raquo;][\/et_pb_slide][\/et_pb_fullwidth_slider][\/et_pb_section][et_pb_section fb_built=&raquo;1&#8243; _builder_version=&raquo;4.16&#8243; _module_preset=&raquo;default&raquo; background_color=&raquo;#DE6449&#8243; custom_padding=&raquo;0px||0px|||&raquo; locked=&raquo;off&raquo; global_colors_info=&raquo;{}&raquo;][et_pb_row _builder_version=&raquo;4.16&#8243; _module_preset=&raquo;default&raquo; global_colors_info=&raquo;{}&raquo;][et_pb_column type=&raquo;4_4&#8243; _builder_version=&raquo;4.16&#8243; _module_preset=&raquo;default&raquo; global_colors_info=&raquo;{}&raquo;][et_pb_text _builder_version=&raquo;4.16&#8243; _module_preset=&raquo;default&raquo; text_font=&raquo;Mulish|700|||||||&raquo; text_text_color=&raquo;#F9F9F9&#8243; text_font_size=&raquo;40px&raquo; animation_style=&raquo;zoom&raquo; animation_intensity_zoom=&raquo;10%&raquo; text_font_tablet=&raquo;Montserrat|700|||||||&raquo; text_font_phone=&raquo;Montserrat|700|||||||&raquo; text_font_last_edited=&raquo;on|desktop&raquo; global_colors_info=&raquo;{}&raquo;]<\/p>\n<p style=\"text-align: center;\">NOVA MASTER<\/p>\n<p>[\/et_pb_text][\/et_pb_column][\/et_pb_row][\/et_pb_section][et_pb_section fb_built=&raquo;1&#8243; _builder_version=&raquo;4.16&#8243; _module_preset=&raquo;default&raquo; background_color=&raquo;#DE6449&#8243; custom_padding=&raquo;0px||0px|||&raquo; locked=&raquo;off&raquo; global_colors_info=&raquo;{}&raquo;][et_pb_row column_structure=&raquo;1_3,1_3,1_3&#8243; _builder_version=&raquo;4.16&#8243; _module_preset=&raquo;default&raquo; global_colors_info=&raquo;{}&raquo;][et_pb_column type=&raquo;1_3&#8243; _builder_version=&raquo;4.16&#8243; _module_preset=&raquo;default&raquo; global_colors_info=&raquo;{}&raquo;][et_pb_icon font_icon=&raquo;&#xe023;||divi||400&#8243; icon_color=&raquo;#F9F9F9&#8243; icon_width=&raquo;50px&raquo; _builder_version=&raquo;4.16&#8243; _module_preset=&raquo;default&raquo; animation_style=&raquo;zoom&raquo; animation_delay=&raquo;100ms&raquo; animation_intensity_zoom=&raquo;10%&raquo; global_colors_info=&raquo;{}&raquo;][\/et_pb_icon][et_pb_text _builder_version=&raquo;4.16&#8243; _module_preset=&raquo;default&raquo; text_font=&raquo;Mulish|600|||||||&raquo; text_text_color=&raquo;#F9F9F9&#8243; text_font_size=&raquo;35px&raquo; animation_style=&raquo;zoom&raquo; animation_delay=&raquo;400ms&raquo; animation_intensity_zoom=&raquo;10%&raquo; global_colors_info=&raquo;{}&raquo;]<\/p>\n<p style=\"text-align: center;\">2019<\/p>\n<p>[\/et_pb_text][\/et_pb_column][et_pb_column type=&raquo;1_3&#8243; _builder_version=&raquo;4.16&#8243; _module_preset=&raquo;default&raquo; global_colors_info=&raquo;{}&raquo;][et_pb_icon font_icon=&raquo;&#xf7d9;||fa||900&#8243; icon_color=&raquo;#F9F9F9&#8243; icon_width=&raquo;50px&raquo; _builder_version=&raquo;4.16&#8243; _module_preset=&raquo;default&raquo; animation_style=&raquo;zoom&raquo; animation_delay=&raquo;200ms&raquo; animation_intensity_zoom=&raquo;10%&raquo; global_colors_info=&raquo;{}&raquo;][\/et_pb_icon][et_pb_text _builder_version=&raquo;4.16&#8243; _module_preset=&raquo;default&raquo; text_font=&raquo;Mulish|600|||||||&raquo; text_text_color=&raquo;#F9F9F9&#8243; text_font_size=&raquo;35px&raquo; text_line_height=&raquo;1em&raquo; animation_style=&raquo;zoom&raquo; animation_delay=&raquo;500ms&raquo; animation_intensity_zoom=&raquo;10%&raquo; locked=&raquo;off&raquo; global_colors_info=&raquo;{}&raquo;]<\/p>\n<p style=\"text-align: center;\">Sletta Verft<\/p>\n<p>[\/et_pb_text][\/et_pb_column][et_pb_column type=&raquo;1_3&#8243; _builder_version=&raquo;4.16&#8243; _module_preset=&raquo;default&raquo; global_colors_info=&raquo;{}&raquo;][et_pb_icon font_icon=&raquo;&#xf0b1;||fa||900&#8243; icon_color=&raquo;#F9F9F9&#8243; icon_width=&raquo;50px&raquo; _builder_version=&raquo;4.16&#8243; _module_preset=&raquo;default&raquo; animation_style=&raquo;zoom&raquo; animation_delay=&raquo;300ms&raquo; animation_intensity_zoom=&raquo;10%&raquo; global_colors_info=&raquo;{}&raquo;][\/et_pb_icon][et_pb_text _builder_version=&raquo;4.16&#8243; _module_preset=&raquo;default&raquo; text_font=&raquo;Mulish|600|||||||&raquo; text_text_color=&raquo;#F9F9F9&#8243; text_font_size=&raquo;35px&raquo; text_line_height=&raquo;1em&raquo; animation_style=&raquo;zoom&raquo; animation_delay=&raquo;600ms&raquo; animation_intensity_zoom=&raquo;10%&raquo; locked=&raquo;off&raquo; global_colors_info=&raquo;{}&raquo;]<\/p>\n<p style=\"text-align: center;\">Nova Sea<\/p>\n<p>[\/et_pb_text][\/et_pb_column][\/et_pb_row][\/et_pb_section][et_pb_section fb_built=&raquo;1&#8243; _builder_version=&raquo;4.16&#8243; _module_preset=&raquo;default&raquo; background_color=&raquo;#F9F9F9&#8243; custom_padding=&raquo;||0px|||&raquo; locked=&raquo;off&raquo; global_colors_info=&raquo;{}&raquo;][et_pb_row _builder_version=&raquo;4.16&#8243; _module_preset=&raquo;default&raquo; global_colors_info=&raquo;{}&raquo;][et_pb_column type=&raquo;4_4&#8243; _builder_version=&raquo;4.16&#8243; _module_preset=&raquo;default&raquo; global_colors_info=&raquo;{}&raquo;][et_pb_testimonial portrait_url=&raquo;https:\/\/moremaritime.no\/wp-content\/uploads\/2022\/04\/Nova-Sea-modified.png&raquo; portrait_width=&raquo;100px&raquo; portrait_height=&raquo;100px&raquo; _builder_version=&raquo;4.16.1&#8243; _module_preset=&raquo;default&raquo; body_font=&raquo;Mulish|600|||||||&raquo; body_text_color=&raquo;#0A0000&#8243; author_text_color=&raquo;#003976&#8243; background_color=&raquo;#F9F9F9&#8243; animation_style=&raquo;slide&raquo; animation_direction=&raquo;bottom&raquo; animation_intensity_slide=&raquo;10%&raquo; border_radii_portrait=&raquo;on|91px|91px|91px|91px&raquo; global_colors_info=&raquo;{}&raquo;]<\/p>\n<p><span>The vessel will operate on all locations in Production area 8. The vessel will mainly be used for mooring and similar operations.<\/span><\/p>\n<p>&#8211; <span>Hege Storheil, general manager in Nova Sea, to kyst.no<\/span><span><\/span><\/p>\n<p>[\/et_pb_testimonial][\/et_pb_column][\/et_pb_row][\/et_pb_section][et_pb_section fb_built=&raquo;1&#8243; _builder_version=&raquo;4.16&#8243; _module_preset=&raquo;default&raquo; background_color=&raquo;#DE6449&#8243; custom_padding=&raquo;50px|||||&raquo; locked=&raquo;off&raquo; global_colors_info=&raquo;{}&raquo;][et_pb_row column_structure=&raquo;1_2,1_2&#8243; _builder_version=&raquo;4.16&#8243; _module_preset=&raquo;default&raquo; global_colors_info=&raquo;{}&raquo;][et_pb_column type=&raquo;1_2&#8243; _builder_version=&raquo;4.16&#8243; _module_preset=&raquo;default&raquo; global_colors_info=&raquo;{}&raquo;][et_pb_icon font_icon=&raquo;&#xf085;||fa||900&#8243; icon_color=&raquo;#F9F9F9&#8243; _builder_version=&raquo;4.16&#8243; _module_preset=&raquo;default&raquo; animation_style=&raquo;zoom&raquo; animation_intensity_zoom=&raquo;10%&raquo; global_colors_info=&raquo;{}&raquo;][\/et_pb_icon][et_pb_text _builder_version=&raquo;4.16&#8243; _module_preset=&raquo;default&raquo; text_font=&raquo;Mulish|500|||||||&raquo; text_text_color=&raquo;#F9F9F9&#8243; text_font_size=&raquo;18px&raquo; animation_style=&raquo;zoom&raquo; animation_delay=&raquo;200ms&raquo; animation_intensity_zoom=&raquo;10%&raquo; locked=&raquo;off&raquo; global_colors_info=&raquo;{}&raquo;]<\/p>\n<ul>\n<li>Optimized for safe service operations right by the edge of the fish cages<\/li>\n<li>Two large remote-controlled Palfinger cranes with long range<\/li>\n<li><span style=\"font-size: 18px;\">Diesel-electric propulsion ensures a green environmental profile\u00a0\u00a0<\/span><\/li>\n<li>High class crew facilities with modern mess, dayroom and excellent views from the operating area<\/li>\n<li>Four cabins with room for six persons<\/li>\n<\/ul>\n<p>[\/et_pb_text][et_pb_text _builder_version=&raquo;4.17.3&#8243; _module_preset=&raquo;default&raquo; text_font=&raquo;Mulish|500|||||||&raquo; text_text_color=&raquo;#F9F9F9&#8243; text_font_size=&raquo;18px&raquo; animation_style=&raquo;zoom&raquo; animation_delay=&raquo;300ms&raquo; animation_intensity_zoom=&raquo;10%&raquo; hover_enabled=&raquo;0&#8243; locked=&raquo;off&raquo; global_colors_info=&raquo;{}&raquo; sticky_enabled=&raquo;0&#8243;]<\/p>\n<table border=\"1\" style=\"width: 100%; border-collapse: collapse; border-style: solid; border-color: #000000; height: 192px;\">\n<tbody>\n<tr style=\"height: 24px;\">\n<td style=\"width: 50%; height: 24px; border-style: solid; border-color: #f9f9f9;\">Main deck crane<\/td>\n<td style=\"width: 50%; height: 24px; border-style: solid; border-color: #f9f9f9;\">150 tm<\/td>\n<\/tr>\n<tr style=\"height: 24px;\">\n<td style=\"width: 50%; height: 24px; border-style: solid; border-color: #f9f9f9;\">Deck area<\/td>\n<td style=\"width: 50%; height: 24px; border-style: solid; border-color: #f9f9f9;\">150 m2<\/td>\n<\/tr>\n<tr style=\"height: 24px;\">\n<td style=\"width: 50%; height: 24px; border-style: solid; border-color: #f9f9f9;\">Ballast<\/td>\n<td style=\"width: 50%; height: 24px; border-style: solid; border-color: #f9f9f9;\">145 m3<\/td>\n<\/tr>\n<tr style=\"height: 24px;\">\n<td style=\"width: 50%; height: 24px; border-style: solid; border-color: #f9f9f9;\">Cargo hold<\/td>\n<td style=\"width: 50%; height: 24px; border-style: solid; border-color: #f9f9f9;\">100 m3<\/td>\n<\/tr>\n<tr style=\"height: 24px;\">\n<td style=\"width: 50%; height: 24px; border-style: solid; border-color: #f9f9f9;\">Tonnage<\/td>\n<td style=\"width: 50%; height: 24px; border-style: solid; border-color: #f9f9f9;\">305 GT<\/td>\n<\/tr>\n<tr style=\"height: 24px;\">\n<td style=\"width: 50%; height: 24px; border-style: solid; border-color: #f9f9f9;\">Load capacity on deck<\/td>\n<td style=\"width: 50%; height: 24px; border-style: solid; border-color: #f9f9f9;\">80 t<\/td>\n<\/tr>\n<\/tbody>\n<\/table>\n<p>&nbsp;<\/p>\n<p>[\/et_pb_text][\/et_pb_column][et_pb_column type=&raquo;1_2&#8243; _builder_version=&raquo;4.16&#8243; _module_preset=&raquo;default&raquo; global_colors_info=&raquo;{}&raquo;][et_pb_icon font_icon=&raquo;&#xf05a;||fa||900&#8243; icon_color=&raquo;#F9F9F9&#8243; _builder_version=&raquo;4.16&#8243; _module_preset=&raquo;default&raquo; animation_style=&raquo;zoom&raquo; animation_delay=&raquo;100ms&raquo; animation_intensity_zoom=&raquo;10%&raquo; global_colors_info=&raquo;{}&raquo;][\/et_pb_icon][et_pb_text _builder_version=&raquo;4.16&#8243; _module_preset=&raquo;default&raquo; text_font=&raquo;Mulish|500|||||||&raquo; text_text_color=&raquo;#F9F9F9&#8243; text_font_size=&raquo;18px&raquo; animation_style=&raquo;zoom&raquo; animation_delay=&raquo;400ms&raquo; animation_intensity_zoom=&raquo;10%&raquo; locked=&raquo;off&raquo; global_colors_info=&raquo;{}&raquo;]<\/p>\n<p>Nova Master is the third vessel of Macho25 design, following Fr\u00f8y Server and Fr\u00f8y Finnmark.<\/p>\n<p>Macho25 has a well-refined hull which contributes to a low fuel consumption, and is easy to ballast for anchor handling and operation at the fish farms.<\/p>\n<p>The propulsion is diesel-electric and the two electric main motors from Siemens produce 500 HP \/ 374 kW each. The vessel is mainly used for mooring and similar operations, and will have divers and an ROV onboard. It operates in northern Norway, from Helgeland to Bod\u00f8.<\/p>\n<p>This vessel is a powerful little devil which is equipped with an electric bow thruster and side thruster. It is also equipped with a 439 kg SHHP anchor, chain and wire, as well as an anchor and towing winch from MBH.<\/p>\n<p>[\/et_pb_text][\/et_pb_column][\/et_pb_row][\/et_pb_section][et_pb_section fb_built=&raquo;1&#8243; _builder_version=&raquo;4.16&#8243; _module_preset=&raquo;default&raquo; background_color=&raquo;#F9F9F9&#8243; locked=&raquo;off&raquo; global_colors_info=&raquo;{}&raquo;][et_pb_row _builder_version=&raquo;4.16&#8243; _module_preset=&raquo;default&raquo; animation_style=&raquo;zoom&raquo; animation_intensity_zoom=&raquo;10%&raquo; global_colors_info=&raquo;{}&raquo;][et_pb_column type=&raquo;4_4&#8243; _builder_version=&raquo;4.16&#8243; _module_preset=&raquo;default&raquo; global_colors_info=&raquo;{}&raquo;][et_pb_text _builder_version=&raquo;4.16&#8243; _module_preset=&raquo;default&raquo; text_font=&raquo;Mulish|600|||||||&raquo; text_text_color=&raquo;#0A0000&#8243; text_font_size=&raquo;30px&raquo; global_colors_info=&raquo;{}&raquo;]<\/p>\n<p style=\"text-align: center;\">Photos of Nova Master<\/p>\n<p>[\/et_pb_text][et_pb_slider _builder_version=&raquo;4.16&#8243; _module_preset=&raquo;default&raquo; background_color=&raquo;#F9F9F9&#8243; box_shadow_style=&raquo;preset1&#8243; global_colors_info=&raquo;{}&raquo;][et_pb_slide _builder_version=&raquo;4.16&#8243; _module_preset=&raquo;default&raquo; background_image=&raquo;https:\/\/moremaritime.no\/wp-content\/uploads\/2022\/03\/IMG_1708-scaled.jpg&raquo; background_enable_image=&raquo;on&raquo; global_colors_info=&raquo;{}&raquo; sticky_transition=&raquo;on&raquo;][\/et_pb_slide][et_pb_slide _builder_version=&raquo;4.16&#8243; _module_preset=&raquo;default&raquo; background_image=&raquo;https:\/\/moremaritime.no\/wp-content\/uploads\/2022\/03\/Launching-5-scaled.jpg&raquo; background_enable_image=&raquo;on&raquo; global_colors_info=&raquo;{}&raquo; sticky_transition=&raquo;on&raquo;][\/et_pb_slide][et_pb_slide _builder_version=&raquo;4.16&#8243; _module_preset=&raquo;default&raquo; background_image=&raquo;https:\/\/moremaritime.no\/wp-content\/uploads\/2022\/03\/20190616_201801-scaled.jpg&raquo; background_enable_image=&raquo;on&raquo; global_colors_info=&raquo;{}&raquo; sticky_transition=&raquo;on&raquo;][\/et_pb_slide][et_pb_slide _builder_version=&raquo;4.16&#8243; _module_preset=&raquo;default&raquo; background_image=&raquo;https:\/\/moremaritime.no\/wp-content\/uploads\/2022\/03\/IMG_1710-scaled.jpg&raquo; background_enable_image=&raquo;on&raquo; global_colors_info=&raquo;{}&raquo; sticky_transition=&raquo;on&raquo;][\/et_pb_slide][et_pb_slide _builder_version=&raquo;4.16&#8243; _module_preset=&raquo;default&raquo; background_image=&raquo;https:\/\/moremaritime.no\/wp-content\/uploads\/2022\/03\/IMG_1702-scaled.jpg&raquo; background_enable_image=&raquo;on&raquo; global_colors_info=&raquo;{}&raquo; sticky_transition=&raquo;on&raquo;][\/et_pb_slide][\/et_pb_slider][\/et_pb_column][\/et_pb_row][\/et_pb_section][et_pb_section fb_built=&raquo;1&#8243; _builder_version=&raquo;4.16&#8243; _module_preset=&raquo;default&raquo; background_color=&raquo;#DE6449&#8243; locked=&raquo;off&raquo; global_colors_info=&raquo;{}&raquo;][et_pb_row _builder_version=&raquo;4.16&#8243; _module_preset=&raquo;default&raquo; global_colors_info=&raquo;{}&raquo;][et_pb_column type=&raquo;4_4&#8243; _builder_version=&raquo;4.16&#8243; _module_preset=&raquo;default&raquo; global_colors_info=&raquo;{}&raquo;][\/et_pb_column][\/et_pb_row][\/et_pb_section]<\/p>","protected":false},"excerpt":{"rendered":"<p>NOVA MASTER2019Sletta VerftNova SeaFart\u00f8yet skal g\u00e5 p\u00e5 alle lokaliteter i produksjonsomr\u00e5de 8. Det vil i hovedsak v\u00e6re fort\u00f8yningsarbeid og lignende operasjoner b\u00e5ten vil benyttes til. &#8211; Hege Storheil, daglig leder i Nova Sea, til kyst.no Optimalisert for sikre serviceoperasjoner helt inntil merdene To store fjernbetjente Palfinger-kraner med lang rekkevidde Dieselelektrisk fremdrift gir en gr\u00f8nn milj\u00f8profil\u00a0\u00a0 [&hellip;]<\/p>","protected":false},"author":5,"featured_media":0,"parent":0,"menu_order":0,"comment_status":"closed","ping_status":"closed","template":"","meta":{"_et_pb_use_builder":"on","_et_pb_old_content":"<!-- wp:divi\/placeholder \/-->","_et_gb_content_width":"","footnotes":""},"class_list":["post-1359","page","type-page","status-publish","hentry"],"yoast_head":"<!-- This site is optimized with the Yoast SEO plugin v27.3 - https:\/\/yoast.com\/product\/yoast-seo-wordpress\/ -->\n<title>Nova Master - M\u00f8re Maritime<\/title>\n<meta name=\"robots\" content=\"index, follow, max-snippet:-1, max-image-preview:large, max-video-preview:-1\" \/>\n<link rel=\"canonical\" href=\"https:\/\/moremaritime.no\/en\/nova-master\/\" \/>\n<meta property=\"og:locale\" content=\"en_US\" \/>\n<meta property=\"og:type\" content=\"article\" \/>\n<meta property=\"og:title\" content=\"Nova Master - M\u00f8re Maritime\" \/>\n<meta property=\"og:description\" content=\"NOVA MASTER2019Sletta VerftNova SeaFart\u00f8yet skal g\u00e5 p\u00e5 alle lokaliteter i produksjonsomr\u00e5de 8. Det vil i hovedsak v\u00e6re fort\u00f8yningsarbeid og lignende operasjoner b\u00e5ten vil benyttes til. - Hege Storheil, daglig leder i Nova Sea, til kyst.no Optimalisert for sikre serviceoperasjoner helt inntil merdene To store fjernbetjente Palfinger-kraner med lang rekkevidde Dieselelektrisk fremdrift gir en gr\u00f8nn milj\u00f8profil\u00a0\u00a0 [&hellip;]\" \/>\n<meta property=\"og:url\" content=\"https:\/\/moremaritime.no\/en\/nova-master\/\" \/>\n<meta property=\"og:site_name\" content=\"M\u00f8re Maritime\" \/>\n<meta property=\"article:publisher\" content=\"https:\/\/www.facebook.com\/moremaritime\/\" \/>\n<meta property=\"article:modified_time\" content=\"2023-08-23T12:19:13+00:00\" \/>\n<meta name=\"twitter:card\" content=\"summary_large_image\" \/>\n<script type=\"application\/ld+json\" class=\"yoast-schema-graph\">{\"@context\":\"https:\\\/\\\/schema.org\",\"@graph\":[{\"@type\":\"WebPage\",\"@id\":\"https:\\\/\\\/moremaritime.no\\\/nova-master\\\/\",\"url\":\"https:\\\/\\\/moremaritime.no\\\/nova-master\\\/\",\"name\":\"Nova Master - M\u00f8re Maritime\",\"isPartOf\":{\"@id\":\"https:\\\/\\\/moremaritime.no\\\/#website\"},\"datePublished\":\"2022-03-29T12:40:21+00:00\",\"dateModified\":\"2023-08-23T12:19:13+00:00\",\"breadcrumb\":{\"@id\":\"https:\\\/\\\/moremaritime.no\\\/nova-master\\\/#breadcrumb\"},\"inLanguage\":\"en-US\",\"potentialAction\":[{\"@type\":\"ReadAction\",\"target\":[\"https:\\\/\\\/moremaritime.no\\\/nova-master\\\/\"]}]},{\"@type\":\"BreadcrumbList\",\"@id\":\"https:\\\/\\\/moremaritime.no\\\/nova-master\\\/#breadcrumb\",\"itemListElement\":[{\"@type\":\"ListItem\",\"position\":1,\"name\":\"Hjem\",\"item\":\"https:\\\/\\\/moremaritime.no\\\/\"},{\"@type\":\"ListItem\",\"position\":2,\"name\":\"Nova Master\"}]},{\"@type\":\"WebSite\",\"@id\":\"https:\\\/\\\/moremaritime.no\\\/#website\",\"url\":\"https:\\\/\\\/moremaritime.no\\\/\",\"name\":\"M\u00f8re Maritime\",\"description\":\"Den nye generasjonen havbruksfart\u00f8y\",\"publisher\":{\"@id\":\"https:\\\/\\\/moremaritime.no\\\/#organization\"},\"potentialAction\":[{\"@type\":\"SearchAction\",\"target\":{\"@type\":\"EntryPoint\",\"urlTemplate\":\"https:\\\/\\\/moremaritime.no\\\/?s={search_term_string}\"},\"query-input\":{\"@type\":\"PropertyValueSpecification\",\"valueRequired\":true,\"valueName\":\"search_term_string\"}}],\"inLanguage\":\"en-US\"},{\"@type\":\"Organization\",\"@id\":\"https:\\\/\\\/moremaritime.no\\\/#organization\",\"name\":\"M\u00f8re Maritime\",\"url\":\"https:\\\/\\\/moremaritime.no\\\/\",\"logo\":{\"@type\":\"ImageObject\",\"inLanguage\":\"en-US\",\"@id\":\"https:\\\/\\\/moremaritime.no\\\/#\\\/schema\\\/logo\\\/image\\\/\",\"url\":\"https:\\\/\\\/moremaritime.no\\\/wp-content\\\/uploads\\\/2022\\\/03\\\/MM_logo_-03.png\",\"contentUrl\":\"https:\\\/\\\/moremaritime.no\\\/wp-content\\\/uploads\\\/2022\\\/03\\\/MM_logo_-03.png\",\"width\":3519,\"height\":683,\"caption\":\"M\u00f8re Maritime\"},\"image\":{\"@id\":\"https:\\\/\\\/moremaritime.no\\\/#\\\/schema\\\/logo\\\/image\\\/\"},\"sameAs\":[\"https:\\\/\\\/www.facebook.com\\\/moremaritime\\\/\"]}]}<\/script>\n<!-- \/ Yoast SEO plugin. -->","yoast_head_json":{"title":"Nova Master - M\u00f8re Maritime","robots":{"index":"index","follow":"follow","max-snippet":"max-snippet:-1","max-image-preview":"max-image-preview:large","max-video-preview":"max-video-preview:-1"},"canonical":"https:\/\/moremaritime.no\/en\/nova-master\/","og_locale":"en_US","og_type":"article","og_title":"Nova Master - M\u00f8re Maritime","og_description":"NOVA MASTER2019Sletta VerftNova SeaFart\u00f8yet skal g\u00e5 p\u00e5 alle lokaliteter i produksjonsomr\u00e5de 8. Det vil i hovedsak v\u00e6re fort\u00f8yningsarbeid og lignende operasjoner b\u00e5ten vil benyttes til. - Hege Storheil, daglig leder i Nova Sea, til kyst.no Optimalisert for sikre serviceoperasjoner helt inntil merdene To store fjernbetjente Palfinger-kraner med lang rekkevidde Dieselelektrisk fremdrift gir en gr\u00f8nn milj\u00f8profil\u00a0\u00a0 [&hellip;]","og_url":"https:\/\/moremaritime.no\/en\/nova-master\/","og_site_name":"M\u00f8re Maritime","article_publisher":"https:\/\/www.facebook.com\/moremaritime\/","article_modified_time":"2023-08-23T12:19:13+00:00","twitter_card":"summary_large_image","schema":{"@context":"https:\/\/schema.org","@graph":[{"@type":"WebPage","@id":"https:\/\/moremaritime.no\/nova-master\/","url":"https:\/\/moremaritime.no\/nova-master\/","name":"Nova Master - M\u00f8re Maritime","isPartOf":{"@id":"https:\/\/moremaritime.no\/#website"},"datePublished":"2022-03-29T12:40:21+00:00","dateModified":"2023-08-23T12:19:13+00:00","breadcrumb":{"@id":"https:\/\/moremaritime.no\/nova-master\/#breadcrumb"},"inLanguage":"en-US","potentialAction":[{"@type":"ReadAction","target":["https:\/\/moremaritime.no\/nova-master\/"]}]},{"@type":"BreadcrumbList","@id":"https:\/\/moremaritime.no\/nova-master\/#breadcrumb","itemListElement":[{"@type":"ListItem","position":1,"name":"Hjem","item":"https:\/\/moremaritime.no\/"},{"@type":"ListItem","position":2,"name":"Nova Master"}]},{"@type":"WebSite","@id":"https:\/\/moremaritime.no\/#website","url":"https:\/\/moremaritime.no\/","name":"M\u00f8re Maritime","description":"Den nye generasjonen havbruksfart\u00f8y","publisher":{"@id":"https:\/\/moremaritime.no\/#organization"},"potentialAction":[{"@type":"SearchAction","target":{"@type":"EntryPoint","urlTemplate":"https:\/\/moremaritime.no\/?s={search_term_string}"},"query-input":{"@type":"PropertyValueSpecification","valueRequired":true,"valueName":"search_term_string"}}],"inLanguage":"en-US"},{"@type":"Organization","@id":"https:\/\/moremaritime.no\/#organization","name":"M\u00f8re Maritime","url":"https:\/\/moremaritime.no\/","logo":{"@type":"ImageObject","inLanguage":"en-US","@id":"https:\/\/moremaritime.no\/#\/schema\/logo\/image\/","url":"https:\/\/moremaritime.no\/wp-content\/uploads\/2022\/03\/MM_logo_-03.png","contentUrl":"https:\/\/moremaritime.no\/wp-content\/uploads\/2022\/03\/MM_logo_-03.png","width":3519,"height":683,"caption":"M\u00f8re Maritime"},"image":{"@id":"https:\/\/moremaritime.no\/#\/schema\/logo\/image\/"},"sameAs":["https:\/\/www.facebook.com\/moremaritime\/"]}]}},"_links":{"self":[{"href":"https:\/\/moremaritime.no\/en\/wp-json\/wp\/v2\/pages\/1359","targetHints":{"allow":["GET"]}}],"collection":[{"href":"https:\/\/moremaritime.no\/en\/wp-json\/wp\/v2\/pages"}],"about":[{"href":"https:\/\/moremaritime.no\/en\/wp-json\/wp\/v2\/types\/page"}],"author":[{"embeddable":true,"href":"https:\/\/moremaritime.no\/en\/wp-json\/wp\/v2\/users\/5"}],"replies":[{"embeddable":true,"href":"https:\/\/moremaritime.no\/en\/wp-json\/wp\/v2\/comments?post=1359"}],"version-history":[{"count":16,"href":"https:\/\/moremaritime.no\/en\/wp-json\/wp\/v2\/pages\/1359\/revisions"}],"predecessor-version":[{"id":2732,"href":"https:\/\/moremaritime.no\/en\/wp-json\/wp\/v2\/pages\/1359\/revisions\/2732"}],"wp:attachment":[{"href":"https:\/\/moremaritime.no\/en\/wp-json\/wp\/v2\/media?parent=1359"}],"curies":[{"name":"wp","href":"https:\/\/api.w.org\/{rel}","templated":true}]}}