{"id":1374,"date":"2022-03-29T14:50:22","date_gmt":"2022-03-29T12:50:22","guid":{"rendered":"https:\/\/moremaritime.no\/?page_id=1374"},"modified":"2023-08-23T14:11:00","modified_gmt":"2023-08-23T12:11:00","slug":"nordskag","status":"publish","type":"page","link":"https:\/\/moremaritime.no\/en\/nordskag\/","title":{"rendered":"Nordskag"},"content":{"rendered":"<p>[et_pb_section fb_built=&raquo;1&#8243; fullwidth=&raquo;on&raquo; _builder_version=&raquo;4.16&#8243; animation_style=&raquo;zoom&raquo; animation_intensity_zoom=&raquo;5%&raquo; locked=&raquo;off&raquo; global_colors_info=&raquo;{}&raquo;][et_pb_fullwidth_slider _builder_version=&raquo;4.16&#8243; min_height=&raquo;827.9px&raquo; custom_padding=&raquo;|||&raquo; custom_padding_tablet=&raquo;|||&raquo; custom_padding_phone=&raquo;|||&raquo; box_shadow_style=&raquo;preset6&#8243; box_shadow_blur=&raquo;10px&raquo; box_shadow_color=&raquo;rgba(0,0,0,0.1)&raquo; remove_inner_shadow=&raquo;off&raquo; hide_content_on_mobile=&raquo;off&raquo; hide_cta_on_mobile=&raquo;off&raquo; show_inner_shadow=&raquo;on&raquo; button_letter_spacing_hover=&raquo;0&#8243; global_colors_info=&raquo;{}&raquo; button_text_size__hover_enabled=&raquo;off&raquo; button_one_text_size__hover_enabled=&raquo;off&raquo; button_two_text_size__hover_enabled=&raquo;off&raquo; button_text_color__hover_enabled=&raquo;off&raquo; button_one_text_color__hover_enabled=&raquo;off&raquo; button_two_text_color__hover_enabled=&raquo;off&raquo; button_border_width__hover_enabled=&raquo;off&raquo; button_one_border_width__hover_enabled=&raquo;off&raquo; button_two_border_width__hover_enabled=&raquo;off&raquo; button_border_color__hover_enabled=&raquo;off&raquo; button_one_border_color__hover_enabled=&raquo;off&raquo; button_two_border_color__hover_enabled=&raquo;off&raquo; button_border_radius__hover_enabled=&raquo;off&raquo; button_one_border_radius__hover_enabled=&raquo;off&raquo; button_two_border_radius__hover_enabled=&raquo;off&raquo; button_letter_spacing__hover_enabled=&raquo;on&raquo; button_letter_spacing__hover=&raquo;0&#8243; button_one_letter_spacing__hover_enabled=&raquo;off&raquo; button_two_letter_spacing__hover_enabled=&raquo;off&raquo; button_bg_color__hover_enabled=&raquo;off&raquo; button_one_bg_color__hover_enabled=&raquo;off&raquo; button_two_bg_color__hover_enabled=&raquo;off&raquo;][et_pb_slide use_bg_overlay=&raquo;off&raquo; use_text_overlay=&raquo;off&raquo; _builder_version=&raquo;4.16&#8243; header_font=&raquo;||||&raquo; body_font=&raquo;||||&raquo; background_color=&raquo;#ffffff&raquo; background_image=&raquo;https:\/\/moremaritime.no\/wp-content\/uploads\/2022\/04\/IMG_1748-Kopi-scaled.jpg&raquo; background_enable_image=&raquo;on&raquo; button_icon_placement=&raquo;right&raquo; button_on_hover=&raquo;on&raquo; custom_css_main_element=&raquo;height: 450px;&raquo; global_colors_info=&raquo;{}&raquo; button_text_size__hover_enabled=&raquo;off&raquo; button_one_text_size__hover_enabled=&raquo;off&raquo; button_two_text_size__hover_enabled=&raquo;off&raquo; button_text_color__hover_enabled=&raquo;off&raquo; button_one_text_color__hover_enabled=&raquo;off&raquo; button_two_text_color__hover_enabled=&raquo;off&raquo; button_border_width__hover_enabled=&raquo;off&raquo; button_one_border_width__hover_enabled=&raquo;off&raquo; button_two_border_width__hover_enabled=&raquo;off&raquo; button_border_color__hover_enabled=&raquo;off&raquo; button_one_border_color__hover_enabled=&raquo;off&raquo; button_two_border_color__hover_enabled=&raquo;off&raquo; button_border_radius__hover_enabled=&raquo;off&raquo; button_one_border_radius__hover_enabled=&raquo;off&raquo; button_two_border_radius__hover_enabled=&raquo;off&raquo; button_letter_spacing__hover_enabled=&raquo;off&raquo; button_one_letter_spacing__hover_enabled=&raquo;off&raquo; button_two_letter_spacing__hover_enabled=&raquo;off&raquo; button_bg_color__hover_enabled=&raquo;off&raquo; button_one_bg_color__hover_enabled=&raquo;off&raquo; button_two_bg_color__hover_enabled=&raquo;off&raquo; sticky_transition=&raquo;on&raquo;][\/et_pb_slide][\/et_pb_fullwidth_slider][\/et_pb_section][et_pb_section fb_built=&raquo;1&#8243; _builder_version=&raquo;4.16&#8243; _module_preset=&raquo;default&raquo; background_color=&raquo;#DE6449&#8243; custom_padding=&raquo;0px||0px|||&raquo; locked=&raquo;off&raquo; global_colors_info=&raquo;{}&raquo;][et_pb_row _builder_version=&raquo;4.16&#8243; _module_preset=&raquo;default&raquo; global_colors_info=&raquo;{}&raquo;][et_pb_column type=&raquo;4_4&#8243; _builder_version=&raquo;4.16&#8243; _module_preset=&raquo;default&raquo; global_colors_info=&raquo;{}&raquo;][et_pb_text _builder_version=&raquo;4.16&#8243; _module_preset=&raquo;default&raquo; text_font=&raquo;Mulish|700|||||||&raquo; text_text_color=&raquo;#F9F9F9&#8243; text_font_size=&raquo;40px&raquo; animation_style=&raquo;zoom&raquo; animation_intensity_zoom=&raquo;10%&raquo; text_font_tablet=&raquo;Montserrat|700|||||||&raquo; text_font_phone=&raquo;Montserrat|700|||||||&raquo; text_font_last_edited=&raquo;on|desktop&raquo; global_colors_info=&raquo;{}&raquo;]<\/p>\n<p style=\"text-align: center;\">NORDSKAG<\/p>\n<p>[\/et_pb_text][\/et_pb_column][\/et_pb_row][\/et_pb_section][et_pb_section fb_built=&raquo;1&#8243; _builder_version=&raquo;4.16&#8243; _module_preset=&raquo;default&raquo; background_color=&raquo;#DE6449&#8243; custom_padding=&raquo;0px||0px|||&raquo; locked=&raquo;off&raquo; global_colors_info=&raquo;{}&raquo;][et_pb_row column_structure=&raquo;1_3,1_3,1_3&#8243; _builder_version=&raquo;4.16&#8243; _module_preset=&raquo;default&raquo; global_colors_info=&raquo;{}&raquo;][et_pb_column type=&raquo;1_3&#8243; _builder_version=&raquo;4.16&#8243; _module_preset=&raquo;default&raquo; global_colors_info=&raquo;{}&raquo;][et_pb_icon font_icon=&raquo;&#xe023;||divi||400&#8243; icon_color=&raquo;#F9F9F9&#8243; icon_width=&raquo;50px&raquo; _builder_version=&raquo;4.16&#8243; _module_preset=&raquo;default&raquo; animation_style=&raquo;zoom&raquo; animation_delay=&raquo;100ms&raquo; animation_intensity_zoom=&raquo;10%&raquo; global_colors_info=&raquo;{}&raquo;][\/et_pb_icon][et_pb_text _builder_version=&raquo;4.16&#8243; _module_preset=&raquo;default&raquo; text_font=&raquo;Mulish|600|||||||&raquo; text_text_color=&raquo;#F9F9F9&#8243; text_font_size=&raquo;35px&raquo; animation_style=&raquo;zoom&raquo; animation_delay=&raquo;400ms&raquo; animation_intensity_zoom=&raquo;10%&raquo; global_colors_info=&raquo;{}&raquo;]<\/p>\n<p style=\"text-align: center;\">2019<\/p>\n<p>[\/et_pb_text][\/et_pb_column][et_pb_column type=&raquo;1_3&#8243; _builder_version=&raquo;4.16&#8243; _module_preset=&raquo;default&raquo; global_colors_info=&raquo;{}&raquo;][et_pb_icon font_icon=&raquo;&#xf7d9;||fa||900&#8243; icon_color=&raquo;#F9F9F9&#8243; icon_width=&raquo;50px&raquo; _builder_version=&raquo;4.16&#8243; _module_preset=&raquo;default&raquo; animation_style=&raquo;zoom&raquo; animation_delay=&raquo;200ms&raquo; animation_intensity_zoom=&raquo;10%&raquo; global_colors_info=&raquo;{}&raquo;][\/et_pb_icon][et_pb_text _builder_version=&raquo;4.16&#8243; _module_preset=&raquo;default&raquo; text_font=&raquo;Mulish|600|||||||&raquo; text_text_color=&raquo;#F9F9F9&#8243; text_font_size=&raquo;35px&raquo; text_line_height=&raquo;1em&raquo; animation_style=&raquo;zoom&raquo; animation_delay=&raquo;500ms&raquo; animation_intensity_zoom=&raquo;10%&raquo; locked=&raquo;off&raquo; global_colors_info=&raquo;{}&raquo;]<\/p>\n<p style=\"text-align: center;\">Fosen Yard<\/p>\n<p>[\/et_pb_text][\/et_pb_column][et_pb_column type=&raquo;1_3&#8243; _builder_version=&raquo;4.16&#8243; _module_preset=&raquo;default&raquo; global_colors_info=&raquo;{}&raquo;][et_pb_icon font_icon=&raquo;&#xf0b1;||fa||900&#8243; icon_color=&raquo;#F9F9F9&#8243; icon_width=&raquo;50px&raquo; _builder_version=&raquo;4.16&#8243; _module_preset=&raquo;default&raquo; animation_style=&raquo;zoom&raquo; animation_delay=&raquo;300ms&raquo; animation_intensity_zoom=&raquo;10%&raquo; global_colors_info=&raquo;{}&raquo;][\/et_pb_icon][et_pb_text _builder_version=&raquo;4.16&#8243; _module_preset=&raquo;default&raquo; text_font=&raquo;Mulish|600|||||||&raquo; text_text_color=&raquo;#F9F9F9&#8243; text_font_size=&raquo;35px&raquo; text_line_height=&raquo;1em&raquo; animation_style=&raquo;zoom&raquo; animation_delay=&raquo;600ms&raquo; animation_intensity_zoom=&raquo;10%&raquo; locked=&raquo;off&raquo; global_colors_info=&raquo;{}&raquo;]<\/p>\n<p style=\"text-align: center;\">Nutrimar<\/p>\n<p>[\/et_pb_text][\/et_pb_column][\/et_pb_row][\/et_pb_section][et_pb_section fb_built=&raquo;1&#8243; _builder_version=&raquo;4.16&#8243; _module_preset=&raquo;default&raquo; background_color=&raquo;#F9F9F9&#8243; custom_padding=&raquo;||0px|||&raquo; locked=&raquo;off&raquo; global_colors_info=&raquo;{}&raquo;][et_pb_row _builder_version=&raquo;4.16&#8243; _module_preset=&raquo;default&raquo; global_colors_info=&raquo;{}&raquo;][et_pb_column type=&raquo;4_4&#8243; _builder_version=&raquo;4.16&#8243; _module_preset=&raquo;default&raquo; global_colors_info=&raquo;{}&raquo;][et_pb_testimonial portrait_url=&raquo;https:\/\/moremaritime.no\/wp-content\/uploads\/2022\/03\/Ansattfoto_MM-sveinbw.png&raquo; portrait_width=&raquo;100px&raquo; portrait_height=&raquo;100px&raquo; _builder_version=&raquo;4.16&#8243; _module_preset=&raquo;default&raquo; body_font=&raquo;Mulish|600|||||||&raquo; body_text_color=&raquo;#0A0000&#8243; author_text_color=&raquo;#003976&#8243; background_color=&raquo;#F9F9F9&#8243; animation_style=&raquo;slide&raquo; animation_direction=&raquo;bottom&raquo; animation_intensity_slide=&raquo;10%&raquo; border_radii_portrait=&raquo;on|91px|91px|91px|91px&raquo; global_colors_info=&raquo;{}&raquo;]<\/p>\n<p><span>My gut feeling says that the seaweed industry could become a major industry in ten to fifteen years. In that case advanced vessels and new technology are needed. We were estabished in 2003 and have ambitions to be the best marine engineering consulting company for aquaculture vessels, and have the same ambitions for seaweed. It is an area where we will have knowledge, and we will have a preferred vessel design ready when the market is ripe for it.<\/span><\/p>\n<p>&#8211; Svein K. Waagb\u00f8, M\u00f8re Maritime<span><\/span><\/p>\n<p>[\/et_pb_testimonial][\/et_pb_column][\/et_pb_row][\/et_pb_section][et_pb_section fb_built=&raquo;1&#8243; _builder_version=&raquo;4.16&#8243; _module_preset=&raquo;default&raquo; background_color=&raquo;#DE6449&#8243; custom_padding=&raquo;50px|||||&raquo; locked=&raquo;off&raquo; global_colors_info=&raquo;{}&raquo;][et_pb_row column_structure=&raquo;1_2,1_2&#8243; _builder_version=&raquo;4.16&#8243; _module_preset=&raquo;default&raquo; global_colors_info=&raquo;{}&raquo;][et_pb_column type=&raquo;1_2&#8243; _builder_version=&raquo;4.16&#8243; _module_preset=&raquo;default&raquo; global_colors_info=&raquo;{}&raquo;][et_pb_icon font_icon=&raquo;&#xf085;||fa||900&#8243; icon_color=&raquo;#F9F9F9&#8243; _builder_version=&raquo;4.16&#8243; _module_preset=&raquo;default&raquo; animation_style=&raquo;zoom&raquo; animation_intensity_zoom=&raquo;10%&raquo; global_colors_info=&raquo;{}&raquo;][\/et_pb_icon][et_pb_text _builder_version=&raquo;4.16&#8243; _module_preset=&raquo;default&raquo; text_font=&raquo;Mulish|500|||||||&raquo; text_text_color=&raquo;#F9F9F9&#8243; text_font_size=&raquo;18px&raquo; animation_style=&raquo;zoom&raquo; animation_delay=&raquo;200ms&raquo; animation_intensity_zoom=&raquo;10%&raquo; locked=&raquo;off&raquo; global_colors_info=&raquo;{}&raquo;]<\/p>\n<ul>\n<li>Tidy engine room with ample ceiling height<\/li>\n<li>Combined galley and dayroom, as well as a large wardrobe<\/li>\n<li>Wheelhouse forward with good views to the work areas ensures safe working conditions<span style=\"font-size: 18px;\"><\/span><\/li>\n<li><span style=\"font-size: 18px;\">Main deck crane with high load capacity and integrated winch<\/span><\/li>\n<li>Two cabins with room for two persons<\/li>\n<\/ul>\n<p>[\/et_pb_text][et_pb_text _builder_version=&raquo;4.16&#8243; _module_preset=&raquo;default&raquo; text_font=&raquo;Mulish|500|||||||&raquo; text_text_color=&raquo;#F9F9F9&#8243; text_font_size=&raquo;18px&raquo; animation_style=&raquo;zoom&raquo; animation_delay=&raquo;300ms&raquo; animation_intensity_zoom=&raquo;10%&raquo; locked=&raquo;off&raquo; global_colors_info=&raquo;{}&raquo;]<\/p>\n<table border=\"1\" style=\"width: 100%; border-collapse: collapse; border-style: solid; border-color: #000000; height: 192px;\">\n<tbody>\n<tr style=\"height: 24px;\">\n<td style=\"width: 50%; height: 24px; border-style: solid; border-color: #f9f9f9;\">Main deck crane<\/td>\n<td style=\"width: 50%; height: 24px; border-style: solid; border-color: #f9f9f9;\">35 tm<\/td>\n<\/tr>\n<tr style=\"height: 24px;\">\n<td style=\"width: 50%; height: 24px; border-style: solid; border-color: #f9f9f9;\">Cargo hold<\/td>\n<td style=\"width: 50%; height: 24px; border-style: solid; border-color: #f9f9f9;\">210 m3<\/td>\n<\/tr>\n<tr style=\"height: 24px;\">\n<td style=\"width: 50%; height: 24px; border-style: solid; border-color: #f9f9f9;\">Cargo capacity<\/td>\n<td style=\"width: 50%; height: 24px; border-style: solid; border-color: #f9f9f9;\">137 tons<\/td>\n<\/tr>\n<tr style=\"height: 24px;\">\n<td style=\"width: 50%; height: 24px; border-style: solid; border-color: #f9f9f9;\">Ballast<\/td>\n<td style=\"width: 50%; height: 24px; border-style: solid; border-color: #f9f9f9;\">15 m3<\/td>\n<\/tr>\n<tr style=\"height: 24px;\">\n<td style=\"width: 50%; height: 24px; border-style: solid; border-color: #f9f9f9;\">Tonnage<\/td>\n<td style=\"width: 50%; height: 24px; border-style: solid; border-color: #f9f9f9;\">\u00a0&gt; 100 GT<\/td>\n<\/tr>\n<\/tbody>\n<\/table>\n<p>&nbsp;<\/p>\n<p>[\/et_pb_text][\/et_pb_column][et_pb_column type=&raquo;1_2&#8243; _builder_version=&raquo;4.16&#8243; _module_preset=&raquo;default&raquo; global_colors_info=&raquo;{}&raquo;][et_pb_icon font_icon=&raquo;&#xf05a;||fa||900&#8243; icon_color=&raquo;#F9F9F9&#8243; _builder_version=&raquo;4.16&#8243; _module_preset=&raquo;default&raquo; animation_style=&raquo;zoom&raquo; animation_delay=&raquo;100ms&raquo; animation_intensity_zoom=&raquo;10%&raquo; global_colors_info=&raquo;{}&raquo;][\/et_pb_icon][et_pb_text _builder_version=&raquo;4.16&#8243; _module_preset=&raquo;default&raquo; text_font=&raquo;Mulish|500|||||||&raquo; text_text_color=&raquo;#F9F9F9&#8243; text_font_size=&raquo;18px&raquo; animation_style=&raquo;zoom&raquo; animation_delay=&raquo;400ms&raquo; animation_intensity_zoom=&raquo;10%&raquo; locked=&raquo;off&raquo; global_colors_info=&raquo;{}&raquo;]<\/p>\n<p>As part of the research project regarding vessels purely focused on industrial seaweed farming, a contract was signed with Nutrimar and Fosen Yard for the construction of two seaweed harvesters - Nordskag and the sister vessel V\u00e5g\u00f8y.<\/p>\n<p>The vessels are no more than 15 m long, but with a width of 9.4 m they have plenty of space onboard. They are part of establishing a sustainable seaweed industry based in central Norway.<\/p>\n<p>The vessels have a single hull that has good seaworthiness, and the feedback on how the vessels behave in operation has been very positive. They are reliable and can take a beating \u2013 just like a seaweed harvester must.<\/p>\n<p>&nbsp;<\/p>\n<p>[\/et_pb_text][\/et_pb_column][\/et_pb_row][\/et_pb_section][et_pb_section fb_built=&raquo;1&#8243; _builder_version=&raquo;4.16&#8243; _module_preset=&raquo;default&raquo; background_color=&raquo;#F9F9F9&#8243; locked=&raquo;off&raquo; global_colors_info=&raquo;{}&raquo;][et_pb_row _builder_version=&raquo;4.16&#8243; _module_preset=&raquo;default&raquo; animation_style=&raquo;zoom&raquo; animation_intensity_zoom=&raquo;10%&raquo; global_colors_info=&raquo;{}&raquo;][et_pb_column type=&raquo;4_4&#8243; _builder_version=&raquo;4.16&#8243; _module_preset=&raquo;default&raquo; global_colors_info=&raquo;{}&raquo;][et_pb_text _builder_version=&raquo;4.16&#8243; _module_preset=&raquo;default&raquo; text_font=&raquo;Mulish|600|||||||&raquo; text_text_color=&raquo;#0A0000&#8243; text_font_size=&raquo;30px&raquo; global_colors_info=&raquo;{}&raquo;]<\/p>\n<p style=\"text-align: center;\">Photos of Nordskag<\/p>\n<p>[\/et_pb_text][et_pb_slider _builder_version=&raquo;4.16&#8243; _module_preset=&raquo;default&raquo; background_color=&raquo;#F9F9F9&#8243; box_shadow_style=&raquo;preset1&#8243; global_colors_info=&raquo;{}&raquo;][et_pb_slide _builder_version=&raquo;4.16&#8243; _module_preset=&raquo;default&raquo; background_image=&raquo;https:\/\/moremaritime.no\/wp-content\/uploads\/2022\/04\/IMG_1748-Kopi-scaled.jpg&raquo; background_enable_image=&raquo;on&raquo; global_colors_info=&raquo;{}&raquo; sticky_transition=&raquo;on&raquo;][\/et_pb_slide][et_pb_slide _builder_version=&raquo;4.16&#8243; _module_preset=&raquo;default&raquo; background_image=&raquo;https:\/\/moremaritime.no\/wp-content\/uploads\/2022\/04\/IMG_1780-scaled.jpg&raquo; background_enable_image=&raquo;on&raquo; global_colors_info=&raquo;{}&raquo; sticky_transition=&raquo;on&raquo;][\/et_pb_slide][et_pb_slide _builder_version=&raquo;4.16&#8243; _module_preset=&raquo;default&raquo; background_image=&raquo;https:\/\/moremaritime.no\/wp-content\/uploads\/2022\/03\/Vagoy-og-Nordskag-1-scaled.jpg&raquo; background_enable_image=&raquo;on&raquo; global_colors_info=&raquo;{}&raquo; sticky_transition=&raquo;on&raquo;][\/et_pb_slide][\/et_pb_slider][\/et_pb_column][\/et_pb_row][\/et_pb_section][et_pb_section fb_built=&raquo;1&#8243; _builder_version=&raquo;4.16&#8243; _module_preset=&raquo;default&raquo; background_color=&raquo;#DE6449&#8243; locked=&raquo;off&raquo; global_colors_info=&raquo;{}&raquo;][et_pb_row _builder_version=&raquo;4.16&#8243; _module_preset=&raquo;default&raquo; global_colors_info=&raquo;{}&raquo;][et_pb_column type=&raquo;4_4&#8243; _builder_version=&raquo;4.16&#8243; _module_preset=&raquo;default&raquo; global_colors_info=&raquo;{}&raquo;][\/et_pb_column][\/et_pb_row][\/et_pb_section]<\/p>","protected":false},"excerpt":{"rendered":"<p>NORDSKAG2019Fosen YardNutrimarMagef\u00f8lelsen sier at tareindustri kan bli en stor n\u00e6ring om ti til femten \u00e5r. Da trengs det avanserte fart\u00f8y og ny teknologi. Vi startet opp i 2003 og har ambisjoner om \u00e5 v\u00e6re det beste skipstekniske konsulentfirmaet innen oppdrettsfart\u00f8y, og har de samme ambisjonene innen tare. Det er et omr\u00e5de vi vil kunne, og [&hellip;]<\/p>","protected":false},"author":5,"featured_media":0,"parent":0,"menu_order":0,"comment_status":"closed","ping_status":"closed","template":"","meta":{"_et_pb_use_builder":"on","_et_pb_old_content":"<!-- wp:divi\/placeholder \/-->","_et_gb_content_width":"","footnotes":""},"class_list":["post-1374","page","type-page","status-publish","hentry"],"yoast_head":"<!-- This site is optimized with the Yoast SEO plugin v27.3 - https:\/\/yoast.com\/product\/yoast-seo-wordpress\/ -->\n<title>Nordskag - M\u00f8re Maritime<\/title>\n<meta name=\"robots\" content=\"index, follow, max-snippet:-1, max-image-preview:large, max-video-preview:-1\" \/>\n<link rel=\"canonical\" href=\"https:\/\/moremaritime.no\/en\/nordskag\/\" \/>\n<meta property=\"og:locale\" content=\"en_US\" \/>\n<meta property=\"og:type\" content=\"article\" \/>\n<meta property=\"og:title\" content=\"Nordskag - M\u00f8re Maritime\" \/>\n<meta property=\"og:description\" content=\"NORDSKAG2019Fosen YardNutrimarMagef\u00f8lelsen sier at tareindustri kan bli en stor n\u00e6ring om ti til femten \u00e5r. Da trengs det avanserte fart\u00f8y og ny teknologi. Vi startet opp i 2003 og har ambisjoner om \u00e5 v\u00e6re det beste skipstekniske konsulentfirmaet innen oppdrettsfart\u00f8y, og har de samme ambisjonene innen tare. Det er et omr\u00e5de vi vil kunne, og [&hellip;]\" \/>\n<meta property=\"og:url\" content=\"https:\/\/moremaritime.no\/en\/nordskag\/\" \/>\n<meta property=\"og:site_name\" content=\"M\u00f8re Maritime\" \/>\n<meta property=\"article:publisher\" content=\"https:\/\/www.facebook.com\/moremaritime\/\" \/>\n<meta property=\"article:modified_time\" content=\"2023-08-23T12:11:00+00:00\" \/>\n<meta name=\"twitter:card\" content=\"summary_large_image\" \/>\n<script type=\"application\/ld+json\" class=\"yoast-schema-graph\">{\"@context\":\"https:\\\/\\\/schema.org\",\"@graph\":[{\"@type\":\"WebPage\",\"@id\":\"https:\\\/\\\/moremaritime.no\\\/nordskag\\\/\",\"url\":\"https:\\\/\\\/moremaritime.no\\\/nordskag\\\/\",\"name\":\"Nordskag - M\u00f8re Maritime\",\"isPartOf\":{\"@id\":\"https:\\\/\\\/moremaritime.no\\\/#website\"},\"datePublished\":\"2022-03-29T12:50:22+00:00\",\"dateModified\":\"2023-08-23T12:11:00+00:00\",\"breadcrumb\":{\"@id\":\"https:\\\/\\\/moremaritime.no\\\/nordskag\\\/#breadcrumb\"},\"inLanguage\":\"en-US\",\"potentialAction\":[{\"@type\":\"ReadAction\",\"target\":[\"https:\\\/\\\/moremaritime.no\\\/nordskag\\\/\"]}]},{\"@type\":\"BreadcrumbList\",\"@id\":\"https:\\\/\\\/moremaritime.no\\\/nordskag\\\/#breadcrumb\",\"itemListElement\":[{\"@type\":\"ListItem\",\"position\":1,\"name\":\"Hjem\",\"item\":\"https:\\\/\\\/moremaritime.no\\\/\"},{\"@type\":\"ListItem\",\"position\":2,\"name\":\"Nordskag\"}]},{\"@type\":\"WebSite\",\"@id\":\"https:\\\/\\\/moremaritime.no\\\/#website\",\"url\":\"https:\\\/\\\/moremaritime.no\\\/\",\"name\":\"M\u00f8re Maritime\",\"description\":\"Den nye generasjonen havbruksfart\u00f8y\",\"publisher\":{\"@id\":\"https:\\\/\\\/moremaritime.no\\\/#organization\"},\"potentialAction\":[{\"@type\":\"SearchAction\",\"target\":{\"@type\":\"EntryPoint\",\"urlTemplate\":\"https:\\\/\\\/moremaritime.no\\\/?s={search_term_string}\"},\"query-input\":{\"@type\":\"PropertyValueSpecification\",\"valueRequired\":true,\"valueName\":\"search_term_string\"}}],\"inLanguage\":\"en-US\"},{\"@type\":\"Organization\",\"@id\":\"https:\\\/\\\/moremaritime.no\\\/#organization\",\"name\":\"M\u00f8re Maritime\",\"url\":\"https:\\\/\\\/moremaritime.no\\\/\",\"logo\":{\"@type\":\"ImageObject\",\"inLanguage\":\"en-US\",\"@id\":\"https:\\\/\\\/moremaritime.no\\\/#\\\/schema\\\/logo\\\/image\\\/\",\"url\":\"https:\\\/\\\/moremaritime.no\\\/wp-content\\\/uploads\\\/2022\\\/03\\\/MM_logo_-03.png\",\"contentUrl\":\"https:\\\/\\\/moremaritime.no\\\/wp-content\\\/uploads\\\/2022\\\/03\\\/MM_logo_-03.png\",\"width\":3519,\"height\":683,\"caption\":\"M\u00f8re Maritime\"},\"image\":{\"@id\":\"https:\\\/\\\/moremaritime.no\\\/#\\\/schema\\\/logo\\\/image\\\/\"},\"sameAs\":[\"https:\\\/\\\/www.facebook.com\\\/moremaritime\\\/\"]}]}<\/script>\n<!-- \/ Yoast SEO plugin. -->","yoast_head_json":{"title":"Nordskag - M\u00f8re Maritime","robots":{"index":"index","follow":"follow","max-snippet":"max-snippet:-1","max-image-preview":"max-image-preview:large","max-video-preview":"max-video-preview:-1"},"canonical":"https:\/\/moremaritime.no\/en\/nordskag\/","og_locale":"en_US","og_type":"article","og_title":"Nordskag - M\u00f8re Maritime","og_description":"NORDSKAG2019Fosen YardNutrimarMagef\u00f8lelsen sier at tareindustri kan bli en stor n\u00e6ring om ti til femten \u00e5r. Da trengs det avanserte fart\u00f8y og ny teknologi. Vi startet opp i 2003 og har ambisjoner om \u00e5 v\u00e6re det beste skipstekniske konsulentfirmaet innen oppdrettsfart\u00f8y, og har de samme ambisjonene innen tare. Det er et omr\u00e5de vi vil kunne, og [&hellip;]","og_url":"https:\/\/moremaritime.no\/en\/nordskag\/","og_site_name":"M\u00f8re Maritime","article_publisher":"https:\/\/www.facebook.com\/moremaritime\/","article_modified_time":"2023-08-23T12:11:00+00:00","twitter_card":"summary_large_image","schema":{"@context":"https:\/\/schema.org","@graph":[{"@type":"WebPage","@id":"https:\/\/moremaritime.no\/nordskag\/","url":"https:\/\/moremaritime.no\/nordskag\/","name":"Nordskag - M\u00f8re Maritime","isPartOf":{"@id":"https:\/\/moremaritime.no\/#website"},"datePublished":"2022-03-29T12:50:22+00:00","dateModified":"2023-08-23T12:11:00+00:00","breadcrumb":{"@id":"https:\/\/moremaritime.no\/nordskag\/#breadcrumb"},"inLanguage":"en-US","potentialAction":[{"@type":"ReadAction","target":["https:\/\/moremaritime.no\/nordskag\/"]}]},{"@type":"BreadcrumbList","@id":"https:\/\/moremaritime.no\/nordskag\/#breadcrumb","itemListElement":[{"@type":"ListItem","position":1,"name":"Hjem","item":"https:\/\/moremaritime.no\/"},{"@type":"ListItem","position":2,"name":"Nordskag"}]},{"@type":"WebSite","@id":"https:\/\/moremaritime.no\/#website","url":"https:\/\/moremaritime.no\/","name":"M\u00f8re Maritime","description":"Den nye generasjonen havbruksfart\u00f8y","publisher":{"@id":"https:\/\/moremaritime.no\/#organization"},"potentialAction":[{"@type":"SearchAction","target":{"@type":"EntryPoint","urlTemplate":"https:\/\/moremaritime.no\/?s={search_term_string}"},"query-input":{"@type":"PropertyValueSpecification","valueRequired":true,"valueName":"search_term_string"}}],"inLanguage":"en-US"},{"@type":"Organization","@id":"https:\/\/moremaritime.no\/#organization","name":"M\u00f8re Maritime","url":"https:\/\/moremaritime.no\/","logo":{"@type":"ImageObject","inLanguage":"en-US","@id":"https:\/\/moremaritime.no\/#\/schema\/logo\/image\/","url":"https:\/\/moremaritime.no\/wp-content\/uploads\/2022\/03\/MM_logo_-03.png","contentUrl":"https:\/\/moremaritime.no\/wp-content\/uploads\/2022\/03\/MM_logo_-03.png","width":3519,"height":683,"caption":"M\u00f8re Maritime"},"image":{"@id":"https:\/\/moremaritime.no\/#\/schema\/logo\/image\/"},"sameAs":["https:\/\/www.facebook.com\/moremaritime\/"]}]}},"_links":{"self":[{"href":"https:\/\/moremaritime.no\/en\/wp-json\/wp\/v2\/pages\/1374","targetHints":{"allow":["GET"]}}],"collection":[{"href":"https:\/\/moremaritime.no\/en\/wp-json\/wp\/v2\/pages"}],"about":[{"href":"https:\/\/moremaritime.no\/en\/wp-json\/wp\/v2\/types\/page"}],"author":[{"embeddable":true,"href":"https:\/\/moremaritime.no\/en\/wp-json\/wp\/v2\/users\/5"}],"replies":[{"embeddable":true,"href":"https:\/\/moremaritime.no\/en\/wp-json\/wp\/v2\/comments?post=1374"}],"version-history":[{"count":12,"href":"https:\/\/moremaritime.no\/en\/wp-json\/wp\/v2\/pages\/1374\/revisions"}],"predecessor-version":[{"id":2725,"href":"https:\/\/moremaritime.no\/en\/wp-json\/wp\/v2\/pages\/1374\/revisions\/2725"}],"wp:attachment":[{"href":"https:\/\/moremaritime.no\/en\/wp-json\/wp\/v2\/media?parent=1374"}],"curies":[{"name":"wp","href":"https:\/\/api.w.org\/{rel}","templated":true}]}}