{"id":2364,"date":"2022-04-26T09:01:45","date_gmt":"2022-04-26T07:01:45","guid":{"rendered":"https:\/\/moremaritime.no\/?page_id=2364"},"modified":"2022-04-26T09:02:58","modified_gmt":"2022-04-26T07:02:58","slug":"apv-m1501-2","status":"publish","type":"page","link":"https:\/\/moremaritime.no\/en\/apv-m1501-2\/","title":{"rendered":"APV M1501"},"content":{"rendered":"<p>[et_pb_section fb_built=&raquo;1&#8243; _builder_version=&raquo;4.16&#8243; _module_preset=&raquo;default&raquo; background_color=&raquo;#F9F9F9&#8243; custom_padding=&raquo;||0px|||&raquo; locked=&raquo;off&raquo; global_colors_info=&raquo;{}&raquo;][et_pb_row _builder_version=&raquo;4.16&#8243; _module_preset=&raquo;default&raquo; animation_style=&raquo;zoom&raquo; animation_intensity_zoom=&raquo;10%&raquo; global_colors_info=&raquo;{}&raquo;][et_pb_column type=&raquo;4_4&#8243; _builder_version=&raquo;4.16&#8243; _module_preset=&raquo;default&raquo; global_colors_info=&raquo;{}&raquo;][et_pb_text _builder_version=&raquo;4.16.1&#8243; _module_preset=&raquo;default&raquo; text_font=&raquo;Mulish|700|||||||&raquo; text_text_color=&raquo;#0A0000&#8243; text_font_size=&raquo;45px&raquo; hover_enabled=&raquo;0&#8243; global_colors_info=&raquo;{}&raquo; sticky_enabled=&raquo;0&#8243;]<\/p>\n<p style=\"text-align: center;\">APV M1501<\/p>\n<p>[\/et_pb_text][\/et_pb_column][\/et_pb_row][\/et_pb_section][et_pb_section fb_built=&raquo;1&#8243; _builder_version=&raquo;4.16&#8243; _module_preset=&raquo;default&raquo; background_color=&raquo;#F9F9F9&#8243; custom_padding=&raquo;0px|||||&raquo; locked=&raquo;off&raquo; global_colors_info=&raquo;{}&raquo;][et_pb_row _builder_version=&raquo;4.16&#8243; _module_preset=&raquo;default&raquo; animation_style=&raquo;zoom&raquo; animation_delay=&raquo;100ms&raquo; animation_intensity_zoom=&raquo;10%&raquo; global_colors_info=&raquo;{}&raquo;][et_pb_column type=&raquo;4_4&#8243; _builder_version=&raquo;4.16&#8243; _module_preset=&raquo;default&raquo; global_colors_info=&raquo;{}&raquo;][et_pb_image src=&raquo;https:\/\/moremaritime.no\/wp-content\/uploads\/2022\/04\/APV-M1501.jpg&raquo; title_text=&raquo;APV M1501&#8243; _builder_version=&raquo;4.16.1&#8243; _module_preset=&raquo;default&raquo; custom_padding=&raquo;21px|||||&raquo; hover_enabled=&raquo;0&#8243; box_shadow_style=&raquo;preset1&#8243; global_colors_info=&raquo;{}&raquo; sticky_enabled=&raquo;0&#8243;][\/et_pb_image][\/et_pb_column][\/et_pb_row][\/et_pb_section][et_pb_section fb_built=&raquo;1&#8243; _builder_version=&raquo;4.16&#8243; _module_preset=&raquo;default&raquo; background_color=&raquo;#DE6449&#8243; custom_padding=&raquo;||54px|||&raquo; locked=&raquo;off&raquo; global_colors_info=&raquo;{}&raquo;][et_pb_row column_structure=&raquo;1_3,1_3,1_3&#8243; admin_label=&raquo;row&raquo; _builder_version=&raquo;4.16&#8243; background_size=&raquo;initial&raquo; background_position=&raquo;top_left&raquo; background_repeat=&raquo;repeat&raquo; locked=&raquo;off&raquo; global_colors_info=&raquo;{}&raquo;][et_pb_column type=&raquo;1_3&#8243; _builder_version=&raquo;4.16&#8243; custom_padding=&raquo;|||&raquo; global_colors_info=&raquo;{}&raquo; custom_padding__hover=&raquo;|||&raquo;][et_pb_number_counter title=&raquo;Lengde %91m%93&#8243; number=&raquo;61.6&#8243; percent_sign=&raquo;off&raquo; counter_color=&raquo;#003976&#8243; _builder_version=&raquo;4.16.1&#8243; title_font=&raquo;Mulish|300|||||||&raquo; title_text_color=&raquo;#F9F9F9&#8243; number_font=&raquo;Mulish||||||||&raquo; number_text_color=&raquo;#F9F9F9&#8243; background_size=&raquo;initial&raquo; background_position=&raquo;top_left&raquo; background_repeat=&raquo;repeat&raquo; hover_enabled=&raquo;0&#8243; use_border_color=&raquo;off&raquo; border_color=&raquo;#ffffff&raquo; border_style=&raquo;solid&raquo; global_colors_info=&raquo;{}&raquo; sticky_enabled=&raquo;0&#8243;][\/et_pb_number_counter][\/et_pb_column][et_pb_column type=&raquo;1_3&#8243; _builder_version=&raquo;4.16&#8243; custom_padding=&raquo;|||&raquo; global_colors_info=&raquo;{}&raquo; custom_padding__hover=&raquo;|||&raquo;][et_pb_number_counter title=&raquo;Bredde %91m%93&#8243; number=&raquo;12.5&#8243; percent_sign=&raquo;off&raquo; _builder_version=&raquo;4.16.1&#8243; title_font=&raquo;Mulish|300|||||||&raquo; title_text_color=&raquo;#F9F9F9&#8243; number_font=&raquo;Mulish||||||||&raquo; number_text_color=&raquo;#F9F9F9&#8243; background_size=&raquo;initial&raquo; background_position=&raquo;top_left&raquo; background_repeat=&raquo;repeat&raquo; hover_enabled=&raquo;0&#8243; use_border_color=&raquo;off&raquo; border_color=&raquo;#ffffff&raquo; border_style=&raquo;solid&raquo; global_colors_info=&raquo;{}&raquo; sticky_enabled=&raquo;0&#8243;][\/et_pb_number_counter][\/et_pb_column][et_pb_column type=&raquo;1_3&#8243; _builder_version=&raquo;4.16&#8243; custom_padding=&raquo;|||&raquo; global_colors_info=&raquo;{}&raquo; custom_padding__hover=&raquo;|||&raquo;][et_pb_number_counter title=&raquo;Lastekapasitet %91m3%93&#8243; number=&raquo;1500&#8243; percent_sign=&raquo;off&raquo; counter_color=&raquo;#003976&#8243; _builder_version=&raquo;4.16.1&#8243; title_font=&raquo;Mulish|300|||||||&raquo; title_text_color=&raquo;#F9F9F9&#8243; number_font=&raquo;Mulish||||||||&raquo; number_text_color=&raquo;#F9F9F9&#8243; background_size=&raquo;initial&raquo; background_position=&raquo;top_left&raquo; background_repeat=&raquo;repeat&raquo; hover_enabled=&raquo;0&#8243; use_border_color=&raquo;off&raquo; border_color=&raquo;#ffffff&raquo; border_style=&raquo;solid&raquo; global_colors_info=&raquo;{}&raquo; sticky_enabled=&raquo;0&#8243;][\/et_pb_number_counter][\/et_pb_column][\/et_pb_row][\/et_pb_section][et_pb_section fb_built=&raquo;1&#8243; _builder_version=&raquo;4.16&#8243; _module_preset=&raquo;default&raquo; background_color=&raquo;#F9F9F9&#8243; locked=&raquo;off&raquo; global_colors_info=&raquo;{}&raquo;][et_pb_row column_structure=&raquo;1_2,1_2&#8243; _builder_version=&raquo;4.16&#8243; _module_preset=&raquo;default&raquo; custom_margin=&raquo;-3px|auto||auto||&raquo; custom_padding=&raquo;||0px|||&raquo; global_colors_info=&raquo;{}&raquo;][et_pb_column type=&raquo;1_2&#8243; _builder_version=&raquo;4.16&#8243; _module_preset=&raquo;default&raquo; global_colors_info=&raquo;{}&raquo;][et_pb_icon font_icon=&raquo;&#xf578;||fa||900&#8243; icon_color=&raquo;#DE6449&#8243; _builder_version=&raquo;4.16&#8243; _module_preset=&raquo;default&raquo; animation_style=&raquo;zoom&raquo; animation_intensity_zoom=&raquo;10%&raquo; global_colors_info=&raquo;{}&raquo;][\/et_pb_icon][et_pb_text _builder_version=&raquo;4.16.1&#8243; _module_preset=&raquo;default&raquo; text_font=&raquo;Mulish|600|||||||&raquo; text_text_color=&raquo;#0A0000&#8243; animation_style=&raquo;slide&raquo; animation_direction=&raquo;bottom&raquo; animation_intensity_slide=&raquo;10%&raquo; global_colors_info=&raquo;{}&raquo;]<\/p>\n<p style=\"text-align: left;\">M\u00f8re Maritime has designed combination vessels that give the user great flexibility in their operations. Vessels coming in for a normal wellboat operation, can quickly adapt if the fish is weak.<\/p>\n<p style=\"text-align: left;\">The vessel has a stun and bleed line and can process the fish at the fish farms, before it is transported ashore in RSW tanks. This will result in a large reduction in fish death when the fish is weak.\u00a0<\/p>\n<p style=\"text-align: center;\">\n<p>[\/et_pb_text][\/et_pb_column][et_pb_column type=&raquo;1_2&#8243; _builder_version=&raquo;4.16&#8243; _module_preset=&raquo;default&raquo; global_colors_info=&raquo;{}&raquo;][et_pb_icon font_icon=&raquo;&#xf21a;||fa||900&#8243; icon_color=&raquo;#DE6449&#8243; _builder_version=&raquo;4.16&#8243; _module_preset=&raquo;default&raquo; animation_style=&raquo;zoom&raquo; animation_delay=&raquo;100ms&raquo; animation_intensity_zoom=&raquo;10%&raquo; global_colors_info=&raquo;{}&raquo;][\/et_pb_icon][et_pb_text _builder_version=&raquo;4.16.1&#8243; _module_preset=&raquo;default&raquo; text_font=&raquo;Mulish|600|||||||&raquo; text_text_color=&raquo;#0A0000&#8243; animation_style=&raquo;slide&raquo; animation_direction=&raquo;bottom&raquo; animation_delay=&raquo;100ms&raquo; animation_intensity_slide=&raquo;10%&raquo; locked=&raquo;off&raquo; global_colors_info=&raquo;{}&raquo;]<\/p>\n<p style=\"text-align: left;\">Two versions of this design have been made - one with the wheelhouse in the front and another with the wheelhouse in the aft. The arrangement of stun and bleed lines and fish pipes is based on our live fish carrier and process vessels which are in operation.\u00a0<\/p>\n<p style=\"text-align: left;\">This is a combination of two vessel types with which we have extensive experience. This insight ensures that the solutions onboard are good for the crew - both in operations and for cleaning the process areas.\u00a0<\/p>\n<p style=\"text-align: center;\">\n<p>[\/et_pb_text][\/et_pb_column][\/et_pb_row][\/et_pb_section][et_pb_section fb_built=&raquo;1&#8243; _builder_version=&raquo;4.16&#8243; _module_preset=&raquo;default&raquo; background_color=&raquo;#DE6449&#8243; locked=&raquo;off&raquo; global_colors_info=&raquo;{}&raquo;][et_pb_row _builder_version=&raquo;4.16&#8243; _module_preset=&raquo;default&raquo; global_colors_info=&raquo;{}&raquo;][et_pb_column type=&raquo;4_4&#8243; _builder_version=&raquo;4.16&#8243; _module_preset=&raquo;default&raquo; global_colors_info=&raquo;{}&raquo;][\/et_pb_column][\/et_pb_row][\/et_pb_section]<\/p>","protected":false},"excerpt":{"rendered":"<p>APV M1501M\u00f8re Maritime har tegnet kombinasjonsfart\u00f8y som gir brukeren stor fleksibilitet i operasjon. Fart\u00f8y som kommer inn for et normalt oppdrag som br\u00f8nnb\u00e5t kan omstille operasjonen raskt hvis fisken er svak. Fart\u00f8yet har slaktelinje og kan bl\u00f8gge fisken ved merd, f\u00f8r den transporteres inn til land i nedkj\u00f8lte RSW-tanker. Dette vil gi store reduksjoner i [&hellip;]<\/p>","protected":false},"author":5,"featured_media":0,"parent":0,"menu_order":0,"comment_status":"closed","ping_status":"closed","template":"","meta":{"_et_pb_use_builder":"on","_et_pb_old_content":"[et_pb_section fb_built=\"1\" _builder_version=\"4.16\" _module_preset=\"default\" background_color=\"#F9F9F9\" custom_padding=\"||0px|||\" locked=\"off\" global_colors_info=\"{}\" theme_builder_area=\"post_content\"][et_pb_row _builder_version=\"4.16\" _module_preset=\"default\" animation_style=\"zoom\" animation_intensity_zoom=\"10%\" global_colors_info=\"{}\" theme_builder_area=\"post_content\"][et_pb_column type=\"4_4\" _builder_version=\"4.16\" _module_preset=\"default\" global_colors_info=\"{}\" theme_builder_area=\"post_content\"][et_pb_text _builder_version=\"4.16.1\" _module_preset=\"default\" text_font=\"Mulish|700|||||||\" text_text_color=\"#0A0000\" text_font_size=\"45px\" hover_enabled=\"0\" global_colors_info=\"{}\" theme_builder_area=\"post_content\" sticky_enabled=\"0\"]<p style=\"text-align: center;\">APV M2001<\/p>[\/et_pb_text][\/et_pb_column][\/et_pb_row][\/et_pb_section][et_pb_section fb_built=\"1\" _builder_version=\"4.16\" _module_preset=\"default\" background_color=\"#F9F9F9\" custom_padding=\"0px|||||\" locked=\"off\" global_colors_info=\"{}\" theme_builder_area=\"post_content\"][et_pb_row _builder_version=\"4.16\" _module_preset=\"default\" animation_style=\"zoom\" animation_delay=\"100ms\" animation_intensity_zoom=\"10%\" global_colors_info=\"{}\" theme_builder_area=\"post_content\"][et_pb_column type=\"4_4\" _builder_version=\"4.16\" _module_preset=\"default\" global_colors_info=\"{}\" theme_builder_area=\"post_content\"][et_pb_image src=\"https:\/\/moremaritime.no\/wp-content\/uploads\/2022\/04\/APV-M2001.jpg\" title_text=\"APV M2001\" _builder_version=\"4.16.1\" _module_preset=\"default\" custom_padding=\"21px|||||\" hover_enabled=\"0\" box_shadow_style=\"preset1\" global_colors_info=\"{}\" theme_builder_area=\"post_content\" sticky_enabled=\"0\"][\/et_pb_image][\/et_pb_column][\/et_pb_row][\/et_pb_section][et_pb_section fb_built=\"1\" _builder_version=\"4.16\" _module_preset=\"default\" background_color=\"#DE6449\" locked=\"off\" global_colors_info=\"{}\" theme_builder_area=\"post_content\" custom_padding=\"||54px|||\"][et_pb_row column_structure=\"1_3,1_3,1_3\" admin_label=\"row\" _builder_version=\"4.16\" background_size=\"initial\" background_position=\"top_left\" background_repeat=\"repeat\" locked=\"off\" global_colors_info=\"{}\" theme_builder_area=\"post_content\"][et_pb_column type=\"1_3\" _builder_version=\"4.16\" custom_padding=\"|||\" global_colors_info=\"{}\" custom_padding__hover=\"|||\" theme_builder_area=\"post_content\"][et_pb_number_counter title=\"Lengde %91m%93\" number=\"69.6\" percent_sign=\"off\" counter_color=\"#003976\" _builder_version=\"4.16.1\" title_font=\"Mulish|300|||||||\" title_text_color=\"#F9F9F9\" number_font=\"Mulish||||||||\" number_text_color=\"#F9F9F9\" background_size=\"initial\" background_position=\"top_left\" background_repeat=\"repeat\" hover_enabled=\"0\" use_border_color=\"off\" border_color=\"#ffffff\" border_style=\"solid\" global_colors_info=\"{}\" theme_builder_area=\"post_content\" sticky_enabled=\"0\"][\/et_pb_number_counter][\/et_pb_column][et_pb_column type=\"1_3\" _builder_version=\"4.16\" custom_padding=\"|||\" global_colors_info=\"{}\" custom_padding__hover=\"|||\" theme_builder_area=\"post_content\"][et_pb_number_counter title=\"Bredde %91m%93\" number=\"16\" percent_sign=\"off\" _builder_version=\"4.16.1\" title_font=\"Mulish|300|||||||\" title_text_color=\"#F9F9F9\" number_font=\"Mulish||||||||\" number_text_color=\"#F9F9F9\" background_size=\"initial\" background_position=\"top_left\" background_repeat=\"repeat\" hover_enabled=\"0\" use_border_color=\"off\" border_color=\"#ffffff\" border_style=\"solid\" global_colors_info=\"{}\" theme_builder_area=\"post_content\" sticky_enabled=\"0\"][\/et_pb_number_counter][\/et_pb_column][et_pb_column type=\"1_3\" _builder_version=\"4.16\" custom_padding=\"|||\" global_colors_info=\"{}\" custom_padding__hover=\"|||\" theme_builder_area=\"post_content\"][et_pb_number_counter title=\"Lastekapasitet %91m3%93\" number=\"2000\" percent_sign=\"off\" counter_color=\"#003976\" _builder_version=\"4.16.1\" title_font=\"Mulish|300|||||||\" title_text_color=\"#F9F9F9\" number_font=\"Mulish||||||||\" number_text_color=\"#F9F9F9\" background_size=\"initial\" background_position=\"top_left\" background_repeat=\"repeat\" hover_enabled=\"0\" use_border_color=\"off\" border_color=\"#ffffff\" border_style=\"solid\" global_colors_info=\"{}\" theme_builder_area=\"post_content\" sticky_enabled=\"0\"][\/et_pb_number_counter][\/et_pb_column][\/et_pb_row][\/et_pb_section][et_pb_section fb_built=\"1\" _builder_version=\"4.16\" _module_preset=\"default\" background_color=\"#F9F9F9\" locked=\"off\" global_colors_info=\"{}\" theme_builder_area=\"post_content\"][et_pb_row column_structure=\"1_2,1_2\" _builder_version=\"4.16\" _module_preset=\"default\" custom_margin=\"-3px|auto||auto||\" custom_padding=\"||0px|||\" global_colors_info=\"{}\" theme_builder_area=\"post_content\"][et_pb_column type=\"1_2\" _builder_version=\"4.16\" _module_preset=\"default\" global_colors_info=\"{}\" theme_builder_area=\"post_content\"][et_pb_icon font_icon=\"&#xf578;||fa||900\" icon_color=\"#DE6449\" _builder_version=\"4.16\" _module_preset=\"default\" animation_style=\"zoom\" animation_intensity_zoom=\"10%\" global_colors_info=\"{}\" theme_builder_area=\"post_content\"][\/et_pb_icon][et_pb_text _builder_version=\"4.16.1\" _module_preset=\"default\" text_font=\"Mulish|600|||||||\" text_text_color=\"#0A0000\" animation_style=\"slide\" animation_direction=\"bottom\" animation_intensity_slide=\"10%\" hover_enabled=\"0\" global_colors_info=\"{}\" theme_builder_area=\"post_content\" sticky_enabled=\"0\"]<p style=\"text-align: left;\">M\u00f8re Maritime har tegnet kombinasjonsfart\u00f8y som gir brukeren stor fleksibilitet i operasjon. Fart\u00f8y som kommer inn for et normalt oppdrag som br\u00f8nnb\u00e5t kan omstille operasjonen raskt hvis fisken er svak.<\/p>\n<p style=\"text-align: left;\">Fart\u00f8yet har slaktelinje og kan bl\u00f8gge fisken ved merd, f\u00f8r den transporteres inn til land i nedkj\u00f8lte RSW-tanker. Dette vil gi store reduksjoner i d\u00f8delighet n\u00e5r fisken er svak.\u00a0<\/p>\n<p style=\"text-align: center;\"><\/p>[\/et_pb_text][\/et_pb_column][et_pb_column type=\"1_2\" _builder_version=\"4.16\" _module_preset=\"default\" global_colors_info=\"{}\" theme_builder_area=\"post_content\"][et_pb_icon font_icon=\"&#xf21a;||fa||900\" icon_color=\"#DE6449\" _builder_version=\"4.16\" _module_preset=\"default\" animation_style=\"zoom\" animation_delay=\"100ms\" animation_intensity_zoom=\"10%\" global_colors_info=\"{}\" theme_builder_area=\"post_content\"][\/et_pb_icon][et_pb_text _builder_version=\"4.16.1\" _module_preset=\"default\" text_font=\"Mulish|600|||||||\" text_text_color=\"#0A0000\" animation_style=\"slide\" animation_direction=\"bottom\" animation_delay=\"100ms\" animation_intensity_slide=\"10%\" hover_enabled=\"0\" locked=\"off\" global_colors_info=\"{}\" theme_builder_area=\"post_content\" sticky_enabled=\"0\"]<p style=\"text-align: left;\">Utformingen av fart\u00f8yet er gjort b\u00e5de med styrhuset foran og styrhuset bak. Arrangeringen av slaktelinjer og fiskelogistikk er designet ut fra v\u00e5re br\u00f8nnb\u00e5ter og slakteb\u00e5ter som er i drift.\u00a0<\/p>\n<p style=\"text-align: left;\">Dette er en kombinasjon av to fart\u00f8ystyper vi har lang erfaring med. Denne innsikten s\u00f8rger for at l\u00f8sningene om bord er gode for mannskapet - b\u00e5de i operasjoner og for renhold av prosessomr\u00e5dene.\u00a0<\/p>\n<p style=\"text-align: center;\"><\/p>[\/et_pb_text][\/et_pb_column][\/et_pb_row][\/et_pb_section][et_pb_section fb_built=\"1\" _builder_version=\"4.16\" _module_preset=\"default\" background_color=\"#DE6449\" global_colors_info=\"{}\" locked=\"off\" theme_builder_area=\"post_content\"][et_pb_row _builder_version=\"4.16\" _module_preset=\"default\" global_colors_info=\"{}\" theme_builder_area=\"post_content\"][et_pb_column type=\"4_4\" _builder_version=\"4.16\" _module_preset=\"default\" global_colors_info=\"{}\" theme_builder_area=\"post_content\"][\/et_pb_column][\/et_pb_row][\/et_pb_section]","_et_gb_content_width":"","footnotes":""},"class_list":["post-2364","page","type-page","status-publish","hentry"],"yoast_head":"<!-- This site is optimized with the Yoast SEO plugin v27.3 - https:\/\/yoast.com\/product\/yoast-seo-wordpress\/ -->\n<title>APV M1501 - M\u00f8re Maritime<\/title>\n<meta name=\"robots\" content=\"index, follow, max-snippet:-1, max-image-preview:large, max-video-preview:-1\" \/>\n<link rel=\"canonical\" href=\"https:\/\/moremaritime.no\/en\/apv-m1501-2\/\" \/>\n<meta property=\"og:locale\" content=\"en_US\" \/>\n<meta property=\"og:type\" content=\"article\" \/>\n<meta property=\"og:title\" content=\"APV M1501 - M\u00f8re Maritime\" \/>\n<meta property=\"og:description\" content=\"APV M1501M\u00f8re Maritime har tegnet kombinasjonsfart\u00f8y som gir brukeren stor fleksibilitet i operasjon. Fart\u00f8y som kommer inn for et normalt oppdrag som br\u00f8nnb\u00e5t kan omstille operasjonen raskt hvis fisken er svak. Fart\u00f8yet har slaktelinje og kan bl\u00f8gge fisken ved merd, f\u00f8r den transporteres inn til land i nedkj\u00f8lte RSW-tanker. Dette vil gi store reduksjoner i [&hellip;]\" \/>\n<meta property=\"og:url\" content=\"https:\/\/moremaritime.no\/en\/apv-m1501-2\/\" \/>\n<meta property=\"og:site_name\" content=\"M\u00f8re Maritime\" \/>\n<meta property=\"article:publisher\" content=\"https:\/\/www.facebook.com\/moremaritime\/\" \/>\n<meta property=\"article:modified_time\" content=\"2022-04-26T07:02:58+00:00\" \/>\n<meta name=\"twitter:card\" content=\"summary_large_image\" \/>\n<meta name=\"twitter:label1\" content=\"Est. reading time\" \/>\n\t<meta name=\"twitter:data1\" content=\"2 minutes\" \/>\n<script type=\"application\/ld+json\" class=\"yoast-schema-graph\">{\"@context\":\"https:\\\/\\\/schema.org\",\"@graph\":[{\"@type\":\"WebPage\",\"@id\":\"https:\\\/\\\/moremaritime.no\\\/apv-m1501-2\\\/\",\"url\":\"https:\\\/\\\/moremaritime.no\\\/apv-m1501-2\\\/\",\"name\":\"APV M1501 - M\u00f8re Maritime\",\"isPartOf\":{\"@id\":\"https:\\\/\\\/moremaritime.no\\\/#website\"},\"datePublished\":\"2022-04-26T07:01:45+00:00\",\"dateModified\":\"2022-04-26T07:02:58+00:00\",\"breadcrumb\":{\"@id\":\"https:\\\/\\\/moremaritime.no\\\/apv-m1501-2\\\/#breadcrumb\"},\"inLanguage\":\"en-US\",\"potentialAction\":[{\"@type\":\"ReadAction\",\"target\":[\"https:\\\/\\\/moremaritime.no\\\/apv-m1501-2\\\/\"]}]},{\"@type\":\"BreadcrumbList\",\"@id\":\"https:\\\/\\\/moremaritime.no\\\/apv-m1501-2\\\/#breadcrumb\",\"itemListElement\":[{\"@type\":\"ListItem\",\"position\":1,\"name\":\"Hjem\",\"item\":\"https:\\\/\\\/moremaritime.no\\\/\"},{\"@type\":\"ListItem\",\"position\":2,\"name\":\"APV M1501\"}]},{\"@type\":\"WebSite\",\"@id\":\"https:\\\/\\\/moremaritime.no\\\/#website\",\"url\":\"https:\\\/\\\/moremaritime.no\\\/\",\"name\":\"M\u00f8re Maritime\",\"description\":\"Den nye generasjonen havbruksfart\u00f8y\",\"publisher\":{\"@id\":\"https:\\\/\\\/moremaritime.no\\\/#organization\"},\"potentialAction\":[{\"@type\":\"SearchAction\",\"target\":{\"@type\":\"EntryPoint\",\"urlTemplate\":\"https:\\\/\\\/moremaritime.no\\\/?s={search_term_string}\"},\"query-input\":{\"@type\":\"PropertyValueSpecification\",\"valueRequired\":true,\"valueName\":\"search_term_string\"}}],\"inLanguage\":\"en-US\"},{\"@type\":\"Organization\",\"@id\":\"https:\\\/\\\/moremaritime.no\\\/#organization\",\"name\":\"M\u00f8re Maritime\",\"url\":\"https:\\\/\\\/moremaritime.no\\\/\",\"logo\":{\"@type\":\"ImageObject\",\"inLanguage\":\"en-US\",\"@id\":\"https:\\\/\\\/moremaritime.no\\\/#\\\/schema\\\/logo\\\/image\\\/\",\"url\":\"https:\\\/\\\/moremaritime.no\\\/wp-content\\\/uploads\\\/2022\\\/03\\\/MM_logo_-03.png\",\"contentUrl\":\"https:\\\/\\\/moremaritime.no\\\/wp-content\\\/uploads\\\/2022\\\/03\\\/MM_logo_-03.png\",\"width\":3519,\"height\":683,\"caption\":\"M\u00f8re Maritime\"},\"image\":{\"@id\":\"https:\\\/\\\/moremaritime.no\\\/#\\\/schema\\\/logo\\\/image\\\/\"},\"sameAs\":[\"https:\\\/\\\/www.facebook.com\\\/moremaritime\\\/\"]}]}<\/script>\n<!-- \/ Yoast SEO plugin. -->","yoast_head_json":{"title":"APV M1501 - M\u00f8re Maritime","robots":{"index":"index","follow":"follow","max-snippet":"max-snippet:-1","max-image-preview":"max-image-preview:large","max-video-preview":"max-video-preview:-1"},"canonical":"https:\/\/moremaritime.no\/en\/apv-m1501-2\/","og_locale":"en_US","og_type":"article","og_title":"APV M1501 - M\u00f8re Maritime","og_description":"APV M1501M\u00f8re Maritime har tegnet kombinasjonsfart\u00f8y som gir brukeren stor fleksibilitet i operasjon. Fart\u00f8y som kommer inn for et normalt oppdrag som br\u00f8nnb\u00e5t kan omstille operasjonen raskt hvis fisken er svak. Fart\u00f8yet har slaktelinje og kan bl\u00f8gge fisken ved merd, f\u00f8r den transporteres inn til land i nedkj\u00f8lte RSW-tanker. Dette vil gi store reduksjoner i [&hellip;]","og_url":"https:\/\/moremaritime.no\/en\/apv-m1501-2\/","og_site_name":"M\u00f8re Maritime","article_publisher":"https:\/\/www.facebook.com\/moremaritime\/","article_modified_time":"2022-04-26T07:02:58+00:00","twitter_card":"summary_large_image","twitter_misc":{"Est. reading time":"2 minutes"},"schema":{"@context":"https:\/\/schema.org","@graph":[{"@type":"WebPage","@id":"https:\/\/moremaritime.no\/apv-m1501-2\/","url":"https:\/\/moremaritime.no\/apv-m1501-2\/","name":"APV M1501 - M\u00f8re Maritime","isPartOf":{"@id":"https:\/\/moremaritime.no\/#website"},"datePublished":"2022-04-26T07:01:45+00:00","dateModified":"2022-04-26T07:02:58+00:00","breadcrumb":{"@id":"https:\/\/moremaritime.no\/apv-m1501-2\/#breadcrumb"},"inLanguage":"en-US","potentialAction":[{"@type":"ReadAction","target":["https:\/\/moremaritime.no\/apv-m1501-2\/"]}]},{"@type":"BreadcrumbList","@id":"https:\/\/moremaritime.no\/apv-m1501-2\/#breadcrumb","itemListElement":[{"@type":"ListItem","position":1,"name":"Hjem","item":"https:\/\/moremaritime.no\/"},{"@type":"ListItem","position":2,"name":"APV M1501"}]},{"@type":"WebSite","@id":"https:\/\/moremaritime.no\/#website","url":"https:\/\/moremaritime.no\/","name":"M\u00f8re Maritime","description":"Den nye generasjonen havbruksfart\u00f8y","publisher":{"@id":"https:\/\/moremaritime.no\/#organization"},"potentialAction":[{"@type":"SearchAction","target":{"@type":"EntryPoint","urlTemplate":"https:\/\/moremaritime.no\/?s={search_term_string}"},"query-input":{"@type":"PropertyValueSpecification","valueRequired":true,"valueName":"search_term_string"}}],"inLanguage":"en-US"},{"@type":"Organization","@id":"https:\/\/moremaritime.no\/#organization","name":"M\u00f8re Maritime","url":"https:\/\/moremaritime.no\/","logo":{"@type":"ImageObject","inLanguage":"en-US","@id":"https:\/\/moremaritime.no\/#\/schema\/logo\/image\/","url":"https:\/\/moremaritime.no\/wp-content\/uploads\/2022\/03\/MM_logo_-03.png","contentUrl":"https:\/\/moremaritime.no\/wp-content\/uploads\/2022\/03\/MM_logo_-03.png","width":3519,"height":683,"caption":"M\u00f8re Maritime"},"image":{"@id":"https:\/\/moremaritime.no\/#\/schema\/logo\/image\/"},"sameAs":["https:\/\/www.facebook.com\/moremaritime\/"]}]}},"_links":{"self":[{"href":"https:\/\/moremaritime.no\/en\/wp-json\/wp\/v2\/pages\/2364","targetHints":{"allow":["GET"]}}],"collection":[{"href":"https:\/\/moremaritime.no\/en\/wp-json\/wp\/v2\/pages"}],"about":[{"href":"https:\/\/moremaritime.no\/en\/wp-json\/wp\/v2\/types\/page"}],"author":[{"embeddable":true,"href":"https:\/\/moremaritime.no\/en\/wp-json\/wp\/v2\/users\/5"}],"replies":[{"embeddable":true,"href":"https:\/\/moremaritime.no\/en\/wp-json\/wp\/v2\/comments?post=2364"}],"version-history":[{"count":3,"href":"https:\/\/moremaritime.no\/en\/wp-json\/wp\/v2\/pages\/2364\/revisions"}],"predecessor-version":[{"id":2367,"href":"https:\/\/moremaritime.no\/en\/wp-json\/wp\/v2\/pages\/2364\/revisions\/2367"}],"wp:attachment":[{"href":"https:\/\/moremaritime.no\/en\/wp-json\/wp\/v2\/media?parent=2364"}],"curies":[{"name":"wp","href":"https:\/\/api.w.org\/{rel}","templated":true}]}}