{"id":2621,"date":"2022-05-02T09:24:25","date_gmt":"2022-05-02T07:24:25","guid":{"rendered":"https:\/\/moremaritime.no\/?page_id=2621"},"modified":"2023-08-24T12:34:33","modified_gmt":"2023-08-24T10:34:33","slug":"njord-pioner","status":"publish","type":"page","link":"https:\/\/moremaritime.no\/en\/njord-pioner\/","title":{"rendered":"Njord Pioner"},"content":{"rendered":"<p>[et_pb_section fb_built=&raquo;1&#8243; fullwidth=&raquo;on&raquo; _builder_version=&raquo;4.16&#8243; animation_style=&raquo;zoom&raquo; animation_intensity_zoom=&raquo;5%&raquo; locked=&raquo;off&raquo; global_colors_info=&raquo;{}&raquo;][et_pb_fullwidth_image src=&raquo;https:\/\/moremaritime.no\/wp-content\/uploads\/2023\/08\/IMG_9154-EOS-R6-scaled.jpg&raquo; title_text=&raquo;IMG_9154 EOS R6&#8243; _builder_version=&raquo;4.17.3&#8243; _module_preset=&raquo;default&raquo; global_colors_info=&raquo;{}&raquo;][\/et_pb_fullwidth_image][\/et_pb_section][et_pb_section fb_built=&raquo;1&#8243; _builder_version=&raquo;4.16&#8243; _module_preset=&raquo;default&raquo; background_color=&raquo;#DE6449&#8243; custom_padding=&raquo;0px||0px|||&raquo; locked=&raquo;off&raquo; global_colors_info=&raquo;{}&raquo;][et_pb_row _builder_version=&raquo;4.16&#8243; _module_preset=&raquo;default&raquo; global_colors_info=&raquo;{}&raquo;][et_pb_column type=&raquo;4_4&#8243; _builder_version=&raquo;4.16&#8243; _module_preset=&raquo;default&raquo; global_colors_info=&raquo;{}&raquo;][et_pb_text _builder_version=&raquo;4.17.3&#8243; _module_preset=&raquo;default&raquo; text_font=&raquo;Mulish|700|||||||&raquo; text_text_color=&raquo;#F9F9F9&#8243; text_font_size=&raquo;40px&raquo; text_line_height=&raquo;1em&raquo; animation_style=&raquo;zoom&raquo; animation_intensity_zoom=&raquo;10%&raquo; text_font_tablet=&raquo;Montserrat|700|||||||&raquo; text_font_phone=&raquo;Montserrat|700|||||||&raquo; text_font_last_edited=&raquo;on|desktop&raquo; global_colors_info=&raquo;{}&raquo;]<\/p>\n<p style=\"text-align: center;\">NJORD PIONER<\/p>\n<p>[\/et_pb_text][\/et_pb_column][\/et_pb_row][\/et_pb_section][et_pb_section fb_built=&raquo;1&#8243; _builder_version=&raquo;4.16&#8243; _module_preset=&raquo;default&raquo; background_color=&raquo;#DE6449&#8243; custom_padding=&raquo;0px||0px|||&raquo; locked=&raquo;off&raquo; global_colors_info=&raquo;{}&raquo;][et_pb_row column_structure=&raquo;1_3,1_3,1_3&#8243; _builder_version=&raquo;4.16&#8243; _module_preset=&raquo;default&raquo; global_colors_info=&raquo;{}&raquo;][et_pb_column type=&raquo;1_3&#8243; _builder_version=&raquo;4.16&#8243; _module_preset=&raquo;default&raquo; global_colors_info=&raquo;{}&raquo;][et_pb_icon font_icon=&raquo;&#xe023;||divi||400&#8243; icon_color=&raquo;#F9F9F9&#8243; icon_width=&raquo;50px&raquo; _builder_version=&raquo;4.16&#8243; _module_preset=&raquo;default&raquo; animation_style=&raquo;zoom&raquo; animation_delay=&raquo;100ms&raquo; animation_intensity_zoom=&raquo;10%&raquo; global_colors_info=&raquo;{}&raquo;][\/et_pb_icon][et_pb_text _builder_version=&raquo;4.17.3&#8243; _module_preset=&raquo;default&raquo; text_font=&raquo;Mulish|600|||||||&raquo; text_text_color=&raquo;#F9F9F9&#8243; text_font_size=&raquo;35px&raquo; animation_style=&raquo;zoom&raquo; animation_delay=&raquo;400ms&raquo; animation_intensity_zoom=&raquo;10%&raquo; global_colors_info=&raquo;{}&raquo;]<\/p>\n<p style=\"text-align: center;\">2023<\/p>\n<p>[\/et_pb_text][\/et_pb_column][et_pb_column type=&raquo;1_3&#8243; _builder_version=&raquo;4.16&#8243; _module_preset=&raquo;default&raquo; global_colors_info=&raquo;{}&raquo;][et_pb_icon font_icon=&raquo;&#xf7d9;||fa||900&#8243; icon_color=&raquo;#F9F9F9&#8243; icon_width=&raquo;50px&raquo; _builder_version=&raquo;4.16&#8243; _module_preset=&raquo;default&raquo; animation_style=&raquo;zoom&raquo; animation_delay=&raquo;200ms&raquo; animation_intensity_zoom=&raquo;10%&raquo; global_colors_info=&raquo;{}&raquo;][\/et_pb_icon][et_pb_text _builder_version=&raquo;4.17.3&#8243; _module_preset=&raquo;default&raquo; text_font=&raquo;Mulish|600|||||||&raquo; text_text_color=&raquo;#F9F9F9&#8243; text_font_size=&raquo;35px&raquo; text_line_height=&raquo;1em&raquo; animation_style=&raquo;zoom&raquo; animation_delay=&raquo;500ms&raquo; animation_intensity_zoom=&raquo;10%&raquo; locked=&raquo;off&raquo; global_colors_info=&raquo;{}&raquo;]<\/p>\n<p style=\"text-align: center;\">Balenciaga, Spania<\/p>\n<p>[\/et_pb_text][\/et_pb_column][et_pb_column type=&raquo;1_3&#8243; _builder_version=&raquo;4.16&#8243; _module_preset=&raquo;default&raquo; global_colors_info=&raquo;{}&raquo;][et_pb_icon font_icon=&raquo;&#xf0b1;||fa||900&#8243; icon_color=&raquo;#F9F9F9&#8243; icon_width=&raquo;50px&raquo; _builder_version=&raquo;4.16&#8243; _module_preset=&raquo;default&raquo; animation_style=&raquo;zoom&raquo; animation_delay=&raquo;300ms&raquo; animation_intensity_zoom=&raquo;10%&raquo; global_colors_info=&raquo;{}&raquo;][\/et_pb_icon][et_pb_text _builder_version=&raquo;4.17.3&#8243; _module_preset=&raquo;default&raquo; text_font=&raquo;Mulish|600|||||||&raquo; text_text_color=&raquo;#F9F9F9&#8243; text_font_size=&raquo;35px&raquo; text_line_height=&raquo;1em&raquo; width=&raquo;100%&raquo; animation_style=&raquo;zoom&raquo; animation_delay=&raquo;600ms&raquo; animation_intensity_zoom=&raquo;10%&raquo; locked=&raquo;off&raquo; global_colors_info=&raquo;{}&raquo;]<\/p>\n<p style=\"text-align: center;\">Njord Aquashipping<\/p>\n<p>[\/et_pb_text][\/et_pb_column][\/et_pb_row][\/et_pb_section][et_pb_section fb_built=&raquo;1&#8243; _builder_version=&raquo;4.16&#8243; _module_preset=&raquo;default&raquo; background_color=&raquo;#F9F9F9&#8243; custom_padding=&raquo;||0px|||&raquo; locked=&raquo;off&raquo; global_colors_info=&raquo;{}&raquo;][et_pb_row _builder_version=&raquo;4.16&#8243; _module_preset=&raquo;default&raquo; global_colors_info=&raquo;{}&raquo;][et_pb_column type=&raquo;4_4&#8243; _builder_version=&raquo;4.16&#8243; _module_preset=&raquo;default&raquo; global_colors_info=&raquo;{}&raquo;][et_pb_testimonial portrait_url=&raquo;https:\/\/moremaritime.no\/wp-content\/uploads\/2022\/05\/Aquaship.png&raquo; portrait_width=&raquo;100px&raquo; portrait_height=&raquo;100px&raquo; _builder_version=&raquo;4.17.3&#8243; _module_preset=&raquo;default&raquo; body_font=&raquo;Mulish|600|||||||&raquo; body_text_color=&raquo;#0A0000&#8243; author_text_color=&raquo;#003976&#8243; background_color=&raquo;#F9F9F9&#8243; animation_style=&raquo;slide&raquo; animation_direction=&raquo;bottom&raquo; animation_intensity_slide=&raquo;10%&raquo; hover_enabled=&raquo;0&#8243; border_radii_portrait=&raquo;on|91px|91px|91px|91px&raquo; global_colors_info=&raquo;{}&raquo; sticky_enabled=&raquo;0&#8243;]<\/p>\n<p><span>Vi har tro p\u00e5 at dette er framtida. \u00c5 kunne kombinere bl\u00f8gging med alt det en moderne br\u00f8nnb\u00e5t representerer, gir god fiskevelferd, stor sikkerhet og fleksibilitet for kunden<\/span><\/p>\n<p>&#8211; Marius Hansen, Fleet Manager i AquaShip, til Tidens Krav<span><\/span><\/p>\n<p>[\/et_pb_testimonial][\/et_pb_column][\/et_pb_row][\/et_pb_section][et_pb_section fb_built=&raquo;1&#8243; _builder_version=&raquo;4.16&#8243; _module_preset=&raquo;default&raquo; background_color=&raquo;#DE6449&#8243; custom_padding=&raquo;50px|||||&raquo; locked=&raquo;off&raquo; global_colors_info=&raquo;{}&raquo;][et_pb_row column_structure=&raquo;1_2,1_2&#8243; _builder_version=&raquo;4.16&#8243; _module_preset=&raquo;default&raquo; global_colors_info=&raquo;{}&raquo;][et_pb_column type=&raquo;1_2&#8243; _builder_version=&raquo;4.16&#8243; _module_preset=&raquo;default&raquo; global_colors_info=&raquo;{}&raquo;][et_pb_icon font_icon=&raquo;&#xf085;||fa||900&#8243; icon_color=&raquo;#F9F9F9&#8243; _builder_version=&raquo;4.16&#8243; _module_preset=&raquo;default&raquo; animation_style=&raquo;zoom&raquo; animation_intensity_zoom=&raquo;10%&raquo; global_colors_info=&raquo;{}&raquo;][\/et_pb_icon][et_pb_text _builder_version=&raquo;4.17.3&#8243; _module_preset=&raquo;default&raquo; text_font=&raquo;Mulish|500|||||||&raquo; text_text_color=&raquo;#F9F9F9&#8243; text_font_size=&raquo;18px&raquo; animation_style=&raquo;zoom&raquo; animation_delay=&raquo;200ms&raquo; animation_intensity_zoom=&raquo;10%&raquo; global_colors_info=&raquo;{}&raquo;]<\/p>\n<ul>\n<li>Kombinert br\u00f8nnb\u00e5t og prosessfart\u00f8y<\/li>\n<li>12-linjers Stun &amp; Bleed-system som kan h\u00f8ste mer enn 10 000 fisk i timen<\/li>\n<li>Lastekapasitet p\u00e5 1000 tonn slaktet fisk<\/li>\n<li>To lastetanker med samlet volum p\u00e5 1500 m3<\/li>\n<li>Gode mannskapsbekvemmeligheter med moderne messe\/oppholdsrom og kaffebar<\/li>\n<li>\u00c5tte lugarer med plass til 14 personer<\/li>\n<\/ul>\n<p>[\/et_pb_text][et_pb_text _builder_version=&raquo;4.17.3&#8243; _module_preset=&raquo;default&raquo; text_font=&raquo;Mulish|500|||||||&raquo; text_text_color=&raquo;#F9F9F9&#8243; text_font_size=&raquo;18px&raquo; animation_style=&raquo;zoom&raquo; animation_delay=&raquo;300ms&raquo; animation_intensity_zoom=&raquo;10%&raquo; locked=&raquo;off&raquo; global_colors_info=&raquo;{}&raquo;]<\/p>\n<table border=\"1\" style=\"width: 100%; border-collapse: collapse; border-style: solid; border-color: #000000; height: 192px;\">\n<tbody>\n<tr style=\"height: 24px;\">\n<td style=\"width: 56.129%; height: 24px; border-style: solid; border-color: #f9f9f9;\">Lastekapasitet br\u00f8nner<\/td>\n<td style=\"width: 43.871%; height: 24px; border-style: solid; border-color: #f9f9f9;\">1500 m3<\/td>\n<\/tr>\n<tr style=\"height: 24px;\">\n<td style=\"width: 56.129%; height: 24px; border-style: solid; border-color: #f9f9f9;\">Kapasitet bl\u00f8ggeri<\/td>\n<td style=\"width: 43.871%; height: 24px; border-style: solid; border-color: #f9f9f9;\">10 000 fisk\/t<\/td>\n<\/tr>\n<tr style=\"height: 24px;\">\n<td style=\"width: 56.129%; height: 24px; border-style: solid; border-color: #f9f9f9;\">Lastekapasitet slaktet fisk<\/td>\n<td style=\"width: 43.871%; height: 24px; border-style: solid; border-color: #f9f9f9;\">1000 tonn<\/td>\n<\/tr>\n<tr style=\"height: 24px;\">\n<td style=\"width: 56.129%; height: 24px; border-style: solid; border-color: #f9f9f9;\">Kapasitet blodvann<\/td>\n<td style=\"width: 43.871%; height: 24px; border-style: solid; border-color: #f9f9f9;\">20 m3<\/td>\n<\/tr>\n<\/tbody>\n<\/table>\n<p>[\/et_pb_text][\/et_pb_column][et_pb_column type=&raquo;1_2&#8243; _builder_version=&raquo;4.16&#8243; _module_preset=&raquo;default&raquo; global_colors_info=&raquo;{}&raquo;][et_pb_icon font_icon=&raquo;&#xf05a;||fa||900&#8243; icon_color=&raquo;#F9F9F9&#8243; _builder_version=&raquo;4.16&#8243; _module_preset=&raquo;default&raquo; animation_style=&raquo;zoom&raquo; animation_delay=&raquo;100ms&raquo; animation_intensity_zoom=&raquo;10%&raquo; global_colors_info=&raquo;{}&raquo;][\/et_pb_icon][et_pb_text _builder_version=&raquo;4.17.3&#8243; _module_preset=&raquo;default&raquo; text_font=&raquo;Mulish|500|||||||&raquo; text_text_color=&raquo;#F9F9F9&#8243; text_font_size=&raquo;18px&raquo; animation_style=&raquo;zoom&raquo; animation_delay=&raquo;400ms&raquo; animation_intensity_zoom=&raquo;10%&raquo; locked=&raquo;off&raquo; global_colors_info=&raquo;{}&raquo;]<\/p>\n<p>Njord Pioner er bygget hos Balenciaga Shipyard i Spania, og ble overlevert i 2023. Fart\u00f8yet skal operere i Skottland.<\/p>\n<p>Br\u00f8nnb\u00e5ten er fullspekket av det nyeste utstyret som oppfyller de strengeste krav i forhold til hygiene, filtrering, nedkj\u00f8ling og fiskevelferd. N\u00e5r b\u00e5ten i tillegg er utrustet med et stort bl\u00f8ggeri om bord blir dette et sv\u00e6rt fleksibelt fart\u00f8y som kan utf\u00f8re flere oppgaver.<\/p>\n<p>Med dette kan fart\u00f8yet utf\u00f8re de daglige behovet for behandling av fisk, frakt av smolt og slakteklar fisk, samtidig som det kan ta seg av den daglige bl\u00f8ggingen om det skulle v\u00e6re behov for dette.<\/p>\n<p>M\u00f8re Maritime har levert designpakke til fart\u00f8yet.<\/p>\n<p>&nbsp;<\/p>\n<p>[\/et_pb_text][\/et_pb_column][\/et_pb_row][\/et_pb_section][et_pb_section fb_built=&raquo;1&#8243; _builder_version=&raquo;4.16&#8243; _module_preset=&raquo;default&raquo; background_color=&raquo;#F9F9F9&#8243; locked=&raquo;off&raquo; global_colors_info=&raquo;{}&raquo;][et_pb_row _builder_version=&raquo;4.16&#8243; _module_preset=&raquo;default&raquo; animation_style=&raquo;zoom&raquo; animation_intensity_zoom=&raquo;10%&raquo; global_colors_info=&raquo;{}&raquo;][et_pb_column type=&raquo;4_4&#8243; _builder_version=&raquo;4.16&#8243; _module_preset=&raquo;default&raquo; global_colors_info=&raquo;{}&raquo;][et_pb_text _builder_version=&raquo;4.17.3&#8243; _module_preset=&raquo;default&raquo; text_font=&raquo;Mulish|600|||||||&raquo; text_text_color=&raquo;#0A0000&#8243; text_font_size=&raquo;30px&raquo; global_colors_info=&raquo;{}&raquo;]<\/p>\n<p style=\"text-align: center;\">Bilder av Njord Pioner<\/p>\n<p>[\/et_pb_text][et_pb_slider _builder_version=&raquo;4.17.3&#8243; _module_preset=&raquo;default&raquo; background_color=&raquo;#F9F9F9&#8243; box_shadow_style=&raquo;preset1&#8243; global_colors_info=&raquo;{}&raquo;][et_pb_slide _builder_version=&raquo;4.17.3&#8243; _module_preset=&raquo;default&raquo; background_image=&raquo;https:\/\/moremaritime.no\/wp-content\/uploads\/2023\/08\/IMG_9156-EOS-R6-scaled.jpg&raquo; background_enable_image=&raquo;on&raquo; global_colors_info=&raquo;{}&raquo; sticky_transition=&raquo;on&raquo;][\/et_pb_slide][et_pb_slide _builder_version=&raquo;4.17.3&#8243; _module_preset=&raquo;default&raquo; background_image=&raquo;https:\/\/moremaritime.no\/wp-content\/uploads\/2023\/08\/20230706_123417-scaled.jpg&raquo; background_enable_image=&raquo;on&raquo; global_colors_info=&raquo;{}&raquo; sticky_transition=&raquo;on&raquo;][\/et_pb_slide][et_pb_slide _builder_version=&raquo;4.17.3&#8243; _module_preset=&raquo;default&raquo; background_image=&raquo;https:\/\/moremaritime.no\/wp-content\/uploads\/2023\/08\/IMG_9411-scaled.jpg&raquo; background_enable_image=&raquo;on&raquo; global_colors_info=&raquo;{}&raquo; sticky_transition=&raquo;on&raquo;][\/et_pb_slide][et_pb_slide _builder_version=&raquo;4.17.3&#8243; _module_preset=&raquo;default&raquo; background_image=&raquo;https:\/\/moremaritime.no\/wp-content\/uploads\/2023\/08\/IMG_5616-EOS-R5.jpg&raquo; background_enable_image=&raquo;on&raquo; global_colors_info=&raquo;{}&raquo; sticky_transition=&raquo;on&raquo;][\/et_pb_slide][et_pb_slide _builder_version=&raquo;4.17.3&#8243; _module_preset=&raquo;default&raquo; background_image=&raquo;https:\/\/moremaritime.no\/wp-content\/uploads\/2023\/08\/IMG_9090-EOS-R6-scaled.jpg&raquo; background_enable_image=&raquo;on&raquo; global_colors_info=&raquo;{}&raquo; sticky_transition=&raquo;on&raquo;][\/et_pb_slide][et_pb_slide _builder_version=&raquo;4.17.3&#8243; _module_preset=&raquo;default&raquo; background_image=&raquo;https:\/\/moremaritime.no\/wp-content\/uploads\/2023\/08\/IMG_9159-EOS-R6-scaled.jpg&raquo; background_enable_image=&raquo;on&raquo; global_colors_info=&raquo;{}&raquo; sticky_transition=&raquo;on&raquo;][\/et_pb_slide][et_pb_slide _builder_version=&raquo;4.17.3&#8243; _module_preset=&raquo;default&raquo; background_image=&raquo;https:\/\/moremaritime.no\/wp-content\/uploads\/2023\/08\/IMG_9114-EOS-R6-scaled.jpg&raquo; background_enable_image=&raquo;on&raquo; global_colors_info=&raquo;{}&raquo; sticky_transition=&raquo;on&raquo;][\/et_pb_slide][\/et_pb_slider][\/et_pb_column][\/et_pb_row][\/et_pb_section][et_pb_section fb_built=&raquo;1&#8243; _builder_version=&raquo;4.16&#8243; _module_preset=&raquo;default&raquo; background_color=&raquo;#DE6449&#8243; locked=&raquo;off&raquo; global_colors_info=&raquo;{}&raquo;][et_pb_row _builder_version=&raquo;4.16&#8243; _module_preset=&raquo;default&raquo; global_colors_info=&raquo;{}&raquo;][et_pb_column type=&raquo;4_4&#8243; _builder_version=&raquo;4.16&#8243; _module_preset=&raquo;default&raquo; global_colors_info=&raquo;{}&raquo;][\/et_pb_column][\/et_pb_row][\/et_pb_section]<\/p>","protected":false},"excerpt":{"rendered":"<p>NJORD PIONER2023Balenciaga, SpaniaNjord AquashippingVi har tro p\u00e5 at dette er framtida. \u00c5 kunne kombinere bl\u00f8gging med alt det en moderne br\u00f8nnb\u00e5t representerer, gir god fiskevelferd, stor sikkerhet og fleksibilitet for kunden &#8211; Marius Hansen, Fleet Manager i AquaShip, til Tidens Krav Kombinert br\u00f8nnb\u00e5t og prosessfart\u00f8y 12-linjers Stun &amp; Bleed-system som kan h\u00f8ste mer enn 10 [&hellip;]<\/p>","protected":false},"author":5,"featured_media":0,"parent":0,"menu_order":0,"comment_status":"closed","ping_status":"closed","template":"","meta":{"_et_pb_use_builder":"on","_et_pb_old_content":"","_et_gb_content_width":"","footnotes":""},"class_list":["post-2621","page","type-page","status-publish","hentry"],"yoast_head":"<!-- This site is optimized with the Yoast SEO plugin v27.3 - https:\/\/yoast.com\/product\/yoast-seo-wordpress\/ -->\n<title>Njord Pioner - M\u00f8re Maritime<\/title>\n<meta name=\"robots\" content=\"index, follow, max-snippet:-1, max-image-preview:large, max-video-preview:-1\" \/>\n<link rel=\"canonical\" href=\"https:\/\/moremaritime.no\/en\/njord-pioner\/\" \/>\n<meta property=\"og:locale\" content=\"en_US\" \/>\n<meta property=\"og:type\" content=\"article\" \/>\n<meta property=\"og:title\" content=\"Njord Pioner - M\u00f8re Maritime\" \/>\n<meta property=\"og:description\" content=\"NJORD PIONER2023Balenciaga, SpaniaNjord AquashippingVi har tro p\u00e5 at dette er framtida. \u00c5 kunne kombinere bl\u00f8gging med alt det en moderne br\u00f8nnb\u00e5t representerer, gir god fiskevelferd, stor sikkerhet og fleksibilitet for kunden - Marius Hansen, Fleet Manager i AquaShip, til Tidens Krav Kombinert br\u00f8nnb\u00e5t og prosessfart\u00f8y 12-linjers Stun &amp; Bleed-system som kan h\u00f8ste mer enn 10 [&hellip;]\" \/>\n<meta property=\"og:url\" content=\"https:\/\/moremaritime.no\/en\/njord-pioner\/\" \/>\n<meta property=\"og:site_name\" content=\"M\u00f8re Maritime\" \/>\n<meta property=\"article:publisher\" content=\"https:\/\/www.facebook.com\/moremaritime\/\" \/>\n<meta property=\"article:modified_time\" content=\"2023-08-24T10:34:33+00:00\" \/>\n<meta name=\"twitter:card\" content=\"summary_large_image\" \/>\n<meta name=\"twitter:label1\" content=\"Est. reading time\" \/>\n\t<meta name=\"twitter:data1\" content=\"4 minutes\" \/>\n<script type=\"application\/ld+json\" class=\"yoast-schema-graph\">{\"@context\":\"https:\\\/\\\/schema.org\",\"@graph\":[{\"@type\":\"WebPage\",\"@id\":\"https:\\\/\\\/moremaritime.no\\\/njord-pioner\\\/\",\"url\":\"https:\\\/\\\/moremaritime.no\\\/njord-pioner\\\/\",\"name\":\"Njord Pioner - M\u00f8re Maritime\",\"isPartOf\":{\"@id\":\"https:\\\/\\\/moremaritime.no\\\/#website\"},\"datePublished\":\"2022-05-02T07:24:25+00:00\",\"dateModified\":\"2023-08-24T10:34:33+00:00\",\"breadcrumb\":{\"@id\":\"https:\\\/\\\/moremaritime.no\\\/njord-pioner\\\/#breadcrumb\"},\"inLanguage\":\"en-US\",\"potentialAction\":[{\"@type\":\"ReadAction\",\"target\":[\"https:\\\/\\\/moremaritime.no\\\/njord-pioner\\\/\"]}]},{\"@type\":\"BreadcrumbList\",\"@id\":\"https:\\\/\\\/moremaritime.no\\\/njord-pioner\\\/#breadcrumb\",\"itemListElement\":[{\"@type\":\"ListItem\",\"position\":1,\"name\":\"Hjem\",\"item\":\"https:\\\/\\\/moremaritime.no\\\/\"},{\"@type\":\"ListItem\",\"position\":2,\"name\":\"Njord Pioner\"}]},{\"@type\":\"WebSite\",\"@id\":\"https:\\\/\\\/moremaritime.no\\\/#website\",\"url\":\"https:\\\/\\\/moremaritime.no\\\/\",\"name\":\"M\u00f8re Maritime\",\"description\":\"Den nye generasjonen havbruksfart\u00f8y\",\"publisher\":{\"@id\":\"https:\\\/\\\/moremaritime.no\\\/#organization\"},\"potentialAction\":[{\"@type\":\"SearchAction\",\"target\":{\"@type\":\"EntryPoint\",\"urlTemplate\":\"https:\\\/\\\/moremaritime.no\\\/?s={search_term_string}\"},\"query-input\":{\"@type\":\"PropertyValueSpecification\",\"valueRequired\":true,\"valueName\":\"search_term_string\"}}],\"inLanguage\":\"en-US\"},{\"@type\":\"Organization\",\"@id\":\"https:\\\/\\\/moremaritime.no\\\/#organization\",\"name\":\"M\u00f8re Maritime\",\"url\":\"https:\\\/\\\/moremaritime.no\\\/\",\"logo\":{\"@type\":\"ImageObject\",\"inLanguage\":\"en-US\",\"@id\":\"https:\\\/\\\/moremaritime.no\\\/#\\\/schema\\\/logo\\\/image\\\/\",\"url\":\"https:\\\/\\\/moremaritime.no\\\/wp-content\\\/uploads\\\/2022\\\/03\\\/MM_logo_-03.png\",\"contentUrl\":\"https:\\\/\\\/moremaritime.no\\\/wp-content\\\/uploads\\\/2022\\\/03\\\/MM_logo_-03.png\",\"width\":3519,\"height\":683,\"caption\":\"M\u00f8re Maritime\"},\"image\":{\"@id\":\"https:\\\/\\\/moremaritime.no\\\/#\\\/schema\\\/logo\\\/image\\\/\"},\"sameAs\":[\"https:\\\/\\\/www.facebook.com\\\/moremaritime\\\/\"]}]}<\/script>\n<!-- \/ Yoast SEO plugin. -->","yoast_head_json":{"title":"Njord Pioner - M\u00f8re Maritime","robots":{"index":"index","follow":"follow","max-snippet":"max-snippet:-1","max-image-preview":"max-image-preview:large","max-video-preview":"max-video-preview:-1"},"canonical":"https:\/\/moremaritime.no\/en\/njord-pioner\/","og_locale":"en_US","og_type":"article","og_title":"Njord Pioner - M\u00f8re Maritime","og_description":"NJORD PIONER2023Balenciaga, SpaniaNjord AquashippingVi har tro p\u00e5 at dette er framtida. \u00c5 kunne kombinere bl\u00f8gging med alt det en moderne br\u00f8nnb\u00e5t representerer, gir god fiskevelferd, stor sikkerhet og fleksibilitet for kunden - Marius Hansen, Fleet Manager i AquaShip, til Tidens Krav Kombinert br\u00f8nnb\u00e5t og prosessfart\u00f8y 12-linjers Stun &amp; Bleed-system som kan h\u00f8ste mer enn 10 [&hellip;]","og_url":"https:\/\/moremaritime.no\/en\/njord-pioner\/","og_site_name":"M\u00f8re Maritime","article_publisher":"https:\/\/www.facebook.com\/moremaritime\/","article_modified_time":"2023-08-24T10:34:33+00:00","twitter_card":"summary_large_image","twitter_misc":{"Est. reading time":"4 minutes"},"schema":{"@context":"https:\/\/schema.org","@graph":[{"@type":"WebPage","@id":"https:\/\/moremaritime.no\/njord-pioner\/","url":"https:\/\/moremaritime.no\/njord-pioner\/","name":"Njord Pioner - M\u00f8re Maritime","isPartOf":{"@id":"https:\/\/moremaritime.no\/#website"},"datePublished":"2022-05-02T07:24:25+00:00","dateModified":"2023-08-24T10:34:33+00:00","breadcrumb":{"@id":"https:\/\/moremaritime.no\/njord-pioner\/#breadcrumb"},"inLanguage":"en-US","potentialAction":[{"@type":"ReadAction","target":["https:\/\/moremaritime.no\/njord-pioner\/"]}]},{"@type":"BreadcrumbList","@id":"https:\/\/moremaritime.no\/njord-pioner\/#breadcrumb","itemListElement":[{"@type":"ListItem","position":1,"name":"Hjem","item":"https:\/\/moremaritime.no\/"},{"@type":"ListItem","position":2,"name":"Njord Pioner"}]},{"@type":"WebSite","@id":"https:\/\/moremaritime.no\/#website","url":"https:\/\/moremaritime.no\/","name":"M\u00f8re Maritime","description":"Den nye generasjonen havbruksfart\u00f8y","publisher":{"@id":"https:\/\/moremaritime.no\/#organization"},"potentialAction":[{"@type":"SearchAction","target":{"@type":"EntryPoint","urlTemplate":"https:\/\/moremaritime.no\/?s={search_term_string}"},"query-input":{"@type":"PropertyValueSpecification","valueRequired":true,"valueName":"search_term_string"}}],"inLanguage":"en-US"},{"@type":"Organization","@id":"https:\/\/moremaritime.no\/#organization","name":"M\u00f8re Maritime","url":"https:\/\/moremaritime.no\/","logo":{"@type":"ImageObject","inLanguage":"en-US","@id":"https:\/\/moremaritime.no\/#\/schema\/logo\/image\/","url":"https:\/\/moremaritime.no\/wp-content\/uploads\/2022\/03\/MM_logo_-03.png","contentUrl":"https:\/\/moremaritime.no\/wp-content\/uploads\/2022\/03\/MM_logo_-03.png","width":3519,"height":683,"caption":"M\u00f8re Maritime"},"image":{"@id":"https:\/\/moremaritime.no\/#\/schema\/logo\/image\/"},"sameAs":["https:\/\/www.facebook.com\/moremaritime\/"]}]}},"_links":{"self":[{"href":"https:\/\/moremaritime.no\/en\/wp-json\/wp\/v2\/pages\/2621","targetHints":{"allow":["GET"]}}],"collection":[{"href":"https:\/\/moremaritime.no\/en\/wp-json\/wp\/v2\/pages"}],"about":[{"href":"https:\/\/moremaritime.no\/en\/wp-json\/wp\/v2\/types\/page"}],"author":[{"embeddable":true,"href":"https:\/\/moremaritime.no\/en\/wp-json\/wp\/v2\/users\/5"}],"replies":[{"embeddable":true,"href":"https:\/\/moremaritime.no\/en\/wp-json\/wp\/v2\/comments?post=2621"}],"version-history":[{"count":19,"href":"https:\/\/moremaritime.no\/en\/wp-json\/wp\/v2\/pages\/2621\/revisions"}],"predecessor-version":[{"id":2776,"href":"https:\/\/moremaritime.no\/en\/wp-json\/wp\/v2\/pages\/2621\/revisions\/2776"}],"wp:attachment":[{"href":"https:\/\/moremaritime.no\/en\/wp-json\/wp\/v2\/media?parent=2621"}],"curies":[{"name":"wp","href":"https:\/\/api.w.org\/{rel}","templated":true}]}}