{"id":2658,"date":"2022-05-02T15:03:32","date_gmt":"2022-05-02T13:03:32","guid":{"rendered":"https:\/\/moremaritime.no\/?page_id=2658"},"modified":"2022-05-02T15:31:00","modified_gmt":"2022-05-02T13:31:00","slug":"sterkoder","status":"publish","type":"page","link":"https:\/\/moremaritime.no\/en\/sterkoder\/","title":{"rendered":"Sterkoder"},"content":{"rendered":"<p>[et_pb_section fb_built=&raquo;1&#8243; theme_builder_area=&raquo;post_content&raquo; _builder_version=&raquo;4.17.3&#8243; _module_preset=&raquo;default&raquo; title_text=&raquo;Nordsundet, angvik baug, kuling&raquo; background_image=&raquo;https:\/\/moremaritime.no\/wp-content\/uploads\/2022\/05\/Nordsundet-angvik-baug-kuling-scaled.jpg&raquo; hover_enabled=&raquo;0&#8243; sticky_enabled=&raquo;0&#8243; custom_padding=&raquo;||862px|||&raquo;][et_pb_row _builder_version=&raquo;4.17.3&#8243; _module_preset=&raquo;default&raquo; theme_builder_area=&raquo;post_content&raquo; hover_enabled=&raquo;0&#8243; sticky_enabled=&raquo;0&#8243; custom_padding=&raquo;||91px|||&raquo;][et_pb_column _builder_version=&raquo;4.17.3&#8243; _module_preset=&raquo;default&raquo; type=&raquo;4_4&#8243; theme_builder_area=&raquo;post_content&raquo;][et_pb_text _builder_version=&raquo;4.17.3&#8243; _module_preset=&raquo;default&raquo; theme_builder_area=&raquo;post_content&raquo; hover_enabled=&raquo;0&#8243; sticky_enabled=&raquo;0&#8243; text_text_color=&raquo;#F9F9F9&#8243; text_font=&raquo;|700|||||||&raquo; text_font_size=&raquo;45px&raquo; custom_margin=&raquo;60px|||||&raquo; animation_style=&raquo;zoom&raquo; animation_intensity_zoom=&raquo;10%&raquo; text_line_height=&raquo;1em&raquo;]<\/p>\n<p style=\"text-align: center;\">UMOE STERKODER ARCHIVE<\/p>\n<p>[\/et_pb_text][et_pb_text _builder_version=&raquo;4.17.3&#8243; _module_preset=&raquo;default&raquo; theme_builder_area=&raquo;post_content&raquo; text_text_color=&raquo;#F9F9F9&#8243; hover_enabled=&raquo;0&#8243; sticky_enabled=&raquo;0&#8243; text_font_size=&raquo;19px&raquo; animation_style=&raquo;zoom&raquo; animation_delay=&raquo;100ms&raquo; animation_intensity_zoom=&raquo;10%&raquo;]<\/p>\n<p style=\"text-align: center;\">When M\u00f8re Maritime was established, it took over the administration of the Sterkoder drawing archive and software library<\/p>\n<p style=\"text-align: center;\">Click the button below to see a a list of vessels and yard numbers at Sterkoder<\/p>\n<p>[\/et_pb_text][et_pb_button button_text=&raquo;Se oversikt her&raquo; _builder_version=&raquo;4.17.3&#8243; _module_preset=&raquo;default&raquo; theme_builder_area=&raquo;post_content&raquo; button_alignment=&raquo;center&raquo; custom_button=&raquo;on&raquo; button_text_color=&raquo;#F9F9F9&#8243; button_bg_color=&raquo;#DE6449&#8243; button_bg_enable_color=&raquo;on&raquo; button_border_radius=&raquo;32px&raquo; button_border_color=&raquo;#DE6449&#8243; button_icon_color=&raquo;#F9F9F9&#8243; url_new_window=&raquo;on&raquo; button_url=&raquo;@ET-DC@eyJkeW5hbWljIjp0cnVlLCJjb250ZW50IjoicG9zdF9saW5rX3VybF9hdHRhY2htZW50Iiwic2V0dGluZ3MiOnsicG9zdF9pZCI6IjI2NTcifX0=@&raquo; _dynamic_attributes=&raquo;button_url&raquo; hover_enabled=&raquo;0&#8243; sticky_enabled=&raquo;0&#8243; animation_style=&raquo;zoom&raquo; animation_intensity_zoom=&raquo;10%&raquo; animation_delay=&raquo;200ms&raquo;][\/et_pb_button][\/et_pb_column][\/et_pb_row][\/et_pb_section][et_pb_section fb_built=&raquo;1&#8243; _builder_version=&raquo;4.17.3&#8243; _module_preset=&raquo;default&raquo; background_color=&raquo;#DE6449&#8243; global_colors_info=&raquo;{}&raquo;][et_pb_row _builder_version=&raquo;4.17.3&#8243; _module_preset=&raquo;default&raquo;][et_pb_column _builder_version=&raquo;4.17.3&#8243; _module_preset=&raquo;default&raquo; type=&raquo;4_4&#8243;][\/et_pb_column][\/et_pb_row][\/et_pb_section]<\/p>","protected":false},"excerpt":{"rendered":"<p>UMOE STERKODER ARKIVN\u00e5r M\u00f8re Maritime ble stiftet i 2003 tok vi over administrasjonen av Sterkoders tegningsarkiv og programvare. Trykk p\u00e5 knappen under for \u00e5 se oversikt over fart\u00f8y og byggnummer ved Sterkoder.<\/p>","protected":false},"author":5,"featured_media":0,"parent":0,"menu_order":0,"comment_status":"closed","ping_status":"closed","template":"","meta":{"_et_pb_use_builder":"on","_et_pb_old_content":"","_et_gb_content_width":"","footnotes":""},"class_list":["post-2658","page","type-page","status-publish","hentry"],"yoast_head":"<!-- This site is optimized with the Yoast SEO plugin v27.3 - https:\/\/yoast.com\/product\/yoast-seo-wordpress\/ -->\n<title>Sterkoder - M\u00f8re Maritime<\/title>\n<meta name=\"robots\" content=\"index, follow, max-snippet:-1, max-image-preview:large, max-video-preview:-1\" \/>\n<link rel=\"canonical\" href=\"https:\/\/moremaritime.no\/en\/sterkoder\/\" \/>\n<meta property=\"og:locale\" content=\"en_US\" \/>\n<meta property=\"og:type\" content=\"article\" \/>\n<meta property=\"og:title\" content=\"Sterkoder - M\u00f8re Maritime\" \/>\n<meta property=\"og:description\" content=\"UMOE STERKODER ARKIVN\u00e5r M\u00f8re Maritime ble stiftet i 2003 tok vi over administrasjonen av Sterkoders tegningsarkiv og programvare. Trykk p\u00e5 knappen under for \u00e5 se oversikt over fart\u00f8y og byggnummer ved Sterkoder.\" \/>\n<meta property=\"og:url\" content=\"https:\/\/moremaritime.no\/en\/sterkoder\/\" \/>\n<meta property=\"og:site_name\" content=\"M\u00f8re Maritime\" \/>\n<meta property=\"article:publisher\" content=\"https:\/\/www.facebook.com\/moremaritime\/\" \/>\n<meta property=\"article:modified_time\" content=\"2022-05-02T13:31:00+00:00\" \/>\n<meta name=\"twitter:card\" content=\"summary_large_image\" \/>\n<script type=\"application\/ld+json\" class=\"yoast-schema-graph\">{\"@context\":\"https:\\\/\\\/schema.org\",\"@graph\":[{\"@type\":\"WebPage\",\"@id\":\"https:\\\/\\\/moremaritime.no\\\/sterkoder\\\/\",\"url\":\"https:\\\/\\\/moremaritime.no\\\/sterkoder\\\/\",\"name\":\"Sterkoder - M\u00f8re Maritime\",\"isPartOf\":{\"@id\":\"https:\\\/\\\/moremaritime.no\\\/#website\"},\"datePublished\":\"2022-05-02T13:03:32+00:00\",\"dateModified\":\"2022-05-02T13:31:00+00:00\",\"breadcrumb\":{\"@id\":\"https:\\\/\\\/moremaritime.no\\\/sterkoder\\\/#breadcrumb\"},\"inLanguage\":\"en-US\",\"potentialAction\":[{\"@type\":\"ReadAction\",\"target\":[\"https:\\\/\\\/moremaritime.no\\\/sterkoder\\\/\"]}]},{\"@type\":\"BreadcrumbList\",\"@id\":\"https:\\\/\\\/moremaritime.no\\\/sterkoder\\\/#breadcrumb\",\"itemListElement\":[{\"@type\":\"ListItem\",\"position\":1,\"name\":\"Hjem\",\"item\":\"https:\\\/\\\/moremaritime.no\\\/\"},{\"@type\":\"ListItem\",\"position\":2,\"name\":\"Sterkoder\"}]},{\"@type\":\"WebSite\",\"@id\":\"https:\\\/\\\/moremaritime.no\\\/#website\",\"url\":\"https:\\\/\\\/moremaritime.no\\\/\",\"name\":\"M\u00f8re Maritime\",\"description\":\"Den nye generasjonen havbruksfart\u00f8y\",\"publisher\":{\"@id\":\"https:\\\/\\\/moremaritime.no\\\/#organization\"},\"potentialAction\":[{\"@type\":\"SearchAction\",\"target\":{\"@type\":\"EntryPoint\",\"urlTemplate\":\"https:\\\/\\\/moremaritime.no\\\/?s={search_term_string}\"},\"query-input\":{\"@type\":\"PropertyValueSpecification\",\"valueRequired\":true,\"valueName\":\"search_term_string\"}}],\"inLanguage\":\"en-US\"},{\"@type\":\"Organization\",\"@id\":\"https:\\\/\\\/moremaritime.no\\\/#organization\",\"name\":\"M\u00f8re Maritime\",\"url\":\"https:\\\/\\\/moremaritime.no\\\/\",\"logo\":{\"@type\":\"ImageObject\",\"inLanguage\":\"en-US\",\"@id\":\"https:\\\/\\\/moremaritime.no\\\/#\\\/schema\\\/logo\\\/image\\\/\",\"url\":\"https:\\\/\\\/moremaritime.no\\\/wp-content\\\/uploads\\\/2022\\\/03\\\/MM_logo_-03.png\",\"contentUrl\":\"https:\\\/\\\/moremaritime.no\\\/wp-content\\\/uploads\\\/2022\\\/03\\\/MM_logo_-03.png\",\"width\":3519,\"height\":683,\"caption\":\"M\u00f8re Maritime\"},\"image\":{\"@id\":\"https:\\\/\\\/moremaritime.no\\\/#\\\/schema\\\/logo\\\/image\\\/\"},\"sameAs\":[\"https:\\\/\\\/www.facebook.com\\\/moremaritime\\\/\"]}]}<\/script>\n<!-- \/ Yoast SEO plugin. -->","yoast_head_json":{"title":"Sterkoder - M\u00f8re Maritime","robots":{"index":"index","follow":"follow","max-snippet":"max-snippet:-1","max-image-preview":"max-image-preview:large","max-video-preview":"max-video-preview:-1"},"canonical":"https:\/\/moremaritime.no\/en\/sterkoder\/","og_locale":"en_US","og_type":"article","og_title":"Sterkoder - M\u00f8re Maritime","og_description":"UMOE STERKODER ARKIVN\u00e5r M\u00f8re Maritime ble stiftet i 2003 tok vi over administrasjonen av Sterkoders tegningsarkiv og programvare. Trykk p\u00e5 knappen under for \u00e5 se oversikt over fart\u00f8y og byggnummer ved Sterkoder.","og_url":"https:\/\/moremaritime.no\/en\/sterkoder\/","og_site_name":"M\u00f8re Maritime","article_publisher":"https:\/\/www.facebook.com\/moremaritime\/","article_modified_time":"2022-05-02T13:31:00+00:00","twitter_card":"summary_large_image","schema":{"@context":"https:\/\/schema.org","@graph":[{"@type":"WebPage","@id":"https:\/\/moremaritime.no\/sterkoder\/","url":"https:\/\/moremaritime.no\/sterkoder\/","name":"Sterkoder - M\u00f8re Maritime","isPartOf":{"@id":"https:\/\/moremaritime.no\/#website"},"datePublished":"2022-05-02T13:03:32+00:00","dateModified":"2022-05-02T13:31:00+00:00","breadcrumb":{"@id":"https:\/\/moremaritime.no\/sterkoder\/#breadcrumb"},"inLanguage":"en-US","potentialAction":[{"@type":"ReadAction","target":["https:\/\/moremaritime.no\/sterkoder\/"]}]},{"@type":"BreadcrumbList","@id":"https:\/\/moremaritime.no\/sterkoder\/#breadcrumb","itemListElement":[{"@type":"ListItem","position":1,"name":"Hjem","item":"https:\/\/moremaritime.no\/"},{"@type":"ListItem","position":2,"name":"Sterkoder"}]},{"@type":"WebSite","@id":"https:\/\/moremaritime.no\/#website","url":"https:\/\/moremaritime.no\/","name":"M\u00f8re Maritime","description":"Den nye generasjonen havbruksfart\u00f8y","publisher":{"@id":"https:\/\/moremaritime.no\/#organization"},"potentialAction":[{"@type":"SearchAction","target":{"@type":"EntryPoint","urlTemplate":"https:\/\/moremaritime.no\/?s={search_term_string}"},"query-input":{"@type":"PropertyValueSpecification","valueRequired":true,"valueName":"search_term_string"}}],"inLanguage":"en-US"},{"@type":"Organization","@id":"https:\/\/moremaritime.no\/#organization","name":"M\u00f8re Maritime","url":"https:\/\/moremaritime.no\/","logo":{"@type":"ImageObject","inLanguage":"en-US","@id":"https:\/\/moremaritime.no\/#\/schema\/logo\/image\/","url":"https:\/\/moremaritime.no\/wp-content\/uploads\/2022\/03\/MM_logo_-03.png","contentUrl":"https:\/\/moremaritime.no\/wp-content\/uploads\/2022\/03\/MM_logo_-03.png","width":3519,"height":683,"caption":"M\u00f8re Maritime"},"image":{"@id":"https:\/\/moremaritime.no\/#\/schema\/logo\/image\/"},"sameAs":["https:\/\/www.facebook.com\/moremaritime\/"]}]}},"_links":{"self":[{"href":"https:\/\/moremaritime.no\/en\/wp-json\/wp\/v2\/pages\/2658","targetHints":{"allow":["GET"]}}],"collection":[{"href":"https:\/\/moremaritime.no\/en\/wp-json\/wp\/v2\/pages"}],"about":[{"href":"https:\/\/moremaritime.no\/en\/wp-json\/wp\/v2\/types\/page"}],"author":[{"embeddable":true,"href":"https:\/\/moremaritime.no\/en\/wp-json\/wp\/v2\/users\/5"}],"replies":[{"embeddable":true,"href":"https:\/\/moremaritime.no\/en\/wp-json\/wp\/v2\/comments?post=2658"}],"version-history":[{"count":9,"href":"https:\/\/moremaritime.no\/en\/wp-json\/wp\/v2\/pages\/2658\/revisions"}],"predecessor-version":[{"id":2672,"href":"https:\/\/moremaritime.no\/en\/wp-json\/wp\/v2\/pages\/2658\/revisions\/2672"}],"wp:attachment":[{"href":"https:\/\/moremaritime.no\/en\/wp-json\/wp\/v2\/media?parent=2658"}],"curies":[{"name":"wp","href":"https:\/\/api.w.org\/{rel}","templated":true}]}}